{"id":16384,"date":"2025-07-15T11:00:21","date_gmt":"2025-07-15T09:00:21","guid":{"rendered":"https:\/\/foxit-technology.com\/proizvod\/trokraki-mesni-ventil-heimeier\/"},"modified":"2025-07-15T11:00:21","modified_gmt":"2025-07-15T09:00:21","slug":"trokraki-mesni-ventil-heimeier","status":"publish","type":"product","link":"https:\/\/hidroterm.dmcsrbija.com\/ru\/proizvod\/trokraki-mesni-ventil-heimeier\/","title":{"rendered":"Trokraki me\u0161ni ventil Heimeier"},"content":{"rendered":"<p>Heimeier je nema\u010dki proizvo\u0111a\u010d armature za grejanje koji u svojoj ponudi nudi \u0161irok izbor armature za centralno grejanje. Trokraki me\u0161aju\u0107i i razdelni ventil za kontinualnu regulaciju sistema sa hladnom i toplom vodom. Sa pogonskim motorom kao upravlja\u010dkom jedinicom, sa kontrolom polo\u017eaja klipa ventila.<\/p>","protected":false},"excerpt":{"rendered":"<p>Heimeier je nema\u010dki proizvo\u0111a\u010d armature za grejanje koji u svojoj ponudi nudi \u0161irok izbor armature za centralno grejanje. Trokraki me\u0161aju\u0107i i razdelni ventil za kontinualnu regulaciju sistema sa hladnom i toplom vodom. Sa pogonskim motorom kao upravlja\u010dkom jedinicom, sa kontrolom polo\u017eaja klipa ventila.<\/p>","protected":false},"featured_media":16385,"template":"","meta":[],"product_brand":[4295],"product_cat":[4296,4300],"product_tag":[],"class_list":{"0":"post-16384","1":"product","2":"type-product","3":"status-publish","4":"has-post-thumbnail","6":"product_brand-heimeier","7":"product_cat-fiting","8":"product_cat-mesacki-ventili","10":"first","11":"instock","12":"purchasable","13":"product-type-simple"},"_links":{"self":[{"href":"https:\/\/hidroterm.dmcsrbija.com\/ru\/wp-json\/wp\/v2\/product\/16384","targetHints":{"allow":["GET"]}}],"collection":[{"href":"https:\/\/hidroterm.dmcsrbija.com\/ru\/wp-json\/wp\/v2\/product"}],"about":[{"href":"https:\/\/hidroterm.dmcsrbija.com\/ru\/wp-json\/wp\/v2\/types\/product"}],"wp:featuredmedia":[{"embeddable":true,"href":"https:\/\/hidroterm.dmcsrbija.com\/ru\/wp-json\/wp\/v2\/media\/16385"}],"wp:attachment":[{"href":"https:\/\/hidroterm.dmcsrbija.com\/ru\/wp-json\/wp\/v2\/media?parent=16384"}],"wp:term":[{"taxonomy":"product_brand","embeddable":true,"href":"https:\/\/hidroterm.dmcsrbija.com\/ru\/wp-json\/wp\/v2\/product_brand?post=16384"},{"taxonomy":"product_cat","embeddable":true,"href":"https:\/\/hidroterm.dmcsrbija.com\/ru\/wp-json\/wp\/v2\/product_cat?post=16384"},{"taxonomy":"product_tag","embeddable":true,"href":"https:\/\/hidroterm.dmcsrbija.com\/ru\/wp-json\/wp\/v2\/product_tag?post=16384"}],"curies":[{"name":"wp","href":"https:\/\/api.w.org\/{rel}","templated":true}]}}