{"id":16382,"date":"2025-07-15T11:00:09","date_gmt":"2025-07-15T09:00:09","guid":{"rendered":"https:\/\/foxit-technology.com\/proizvod\/akuator-emo-t-heimeier-otvoren-zatvoren\/"},"modified":"2025-09-26T15:39:05","modified_gmt":"2025-09-26T13:39:05","slug":"akuator-emo-t-heimeier-otvoren-zatvoren","status":"publish","type":"product","link":"https:\/\/hidroterm.dmcsrbija.com\/ru\/proizvod\/akuator-emo-t-heimeier-otvoren-zatvoren\/","title":{"rendered":"Aktuator EMO T Heimeier &#8211; otvoren M30"},"content":{"rendered":"<h2 data-start=\"163\" data-end=\"238\"><strong data-start=\"168\" data-end=\"238\">Aktuator EMO T Heimeier \u2013 Otvoren<\/strong><\/h2>\n<p data-start=\"240\" data-end=\"590\"><strong data-start=\"240\" data-end=\"258\">Aktuator EMO T<\/strong> brenda <strong data-start=\"266\" data-end=\"278\">\u0425\u0430\u0439\u043c\u0435\u0439\u0435\u0440<\/strong> je <strong data-start=\"291\" data-end=\"336\">pouzdan i kompaktan termoelektri\u010dni pogon<\/strong> koji se koristi za automatsko upravljanje radom ventila u <strong data-start=\"395\" data-end=\"452\">sistemima grejanja, hla\u0111enja i regulacije temperature<\/strong>. Namenjen je za <strong data-start=\"469\" data-end=\"479\">ON<\/strong>\u00a0regulaciju i kompatibilan je sa <strong data-start=\"512\" data-end=\"540\">Heimeier termo-ventilima<\/strong> i ve\u0107inom standardnih ventila drugih proizvo\u0111a\u010da.<\/p>\n<hr data-start=\"747\" data-end=\"750\" \/>\n<h3 data-start=\"752\" data-end=\"787\"><strong data-start=\"759\" data-end=\"787\">Tehni\u010dke karakteristike:<\/strong><\/h3>\n<div class=\"_tableContainer_1rjym_1\">\n<div class=\"_tableWrapper_1rjym_13 group flex w-fit flex-col-reverse\" tabindex=\"-1\">\n<div class=\"_tableContainer_1rjym_1\">\n<div class=\"_tableWrapper_1rjym_13 group flex w-fit flex-col-reverse\" tabindex=\"-1\">Tip rada: Otvoren (ON)<br \/>\nNapajanje: 230 V AC \/ 24 V AC<br \/>\nSnaga: ~2 W<br \/>\nMonta\u017ea: Navoj M30x1,5 (standard za Heimeier ventile)<br \/>\nTemperatura okoline: 0\u00b0C do +60\u00b0C<br \/>\nTemperatura medijuma: Do +100\u00b0C<br \/>\nKlasa za\u0161tite: IP54<br \/>\nDu\u017eina kabla: 1 metar<\/div>\n<\/div>\n<div tabindex=\"-1\">\n<h3 data-start=\"1776\" data-end=\"1795\"><strong data-start=\"1783\" data-end=\"1795\">Primena:<\/strong><\/h3>\n<p data-start=\"1797\" data-end=\"1979\">Aktuator EMO T se koristi za <strong data-start=\"1826\" data-end=\"1859\">automatsku regulaciju protoka<\/strong> u cevnim instalacijama putem signala sobnog termostata, regulatora temperature ili sistema &#8220;pametne&#8221; ku\u0107e. Idealno za:<\/p>\n<ul data-start=\"1980\" data-end=\"2088\">\n<li data-start=\"1980\" data-end=\"2012\">\n<p data-start=\"1982\" data-end=\"2012\">Zonsko grejanje i hla\u0111enje<\/p>\n<\/li>\n<li data-start=\"2013\" data-end=\"2033\">\n<p data-start=\"2015\" data-end=\"2033\">\u041f\u043e\u0434\u043e\u0433\u0440\u0435\u0432 \u043f\u043e\u043b\u0430<\/p>\n<\/li>\n<li data-start=\"2034\" data-end=\"2057\">\n<p data-start=\"2036\" data-end=\"2057\">Fan-coil jedinice<\/p>\n<\/li>\n<li data-start=\"2058\" data-end=\"2088\">\n<p data-start=\"2060\" data-end=\"2088\">Distribucione razdelnike<\/p>\n<\/li>\n<\/ul>\n<p data-start=\"2090\" data-end=\"2208\">Zahvaljuju\u0107i <strong data-start=\"2103\" data-end=\"2126\">kompaktnoj veli\u010dini<\/strong>, mo\u017ee se ugraditi i u sku\u010denim prostorima kao \u0161to su razvodne kutije, ormari\u0107i, kolektori.<\/p>\n<hr data-start=\"2210\" data-end=\"2213\" \/>\n<h3 data-start=\"2215\" data-end=\"2237\"><strong data-start=\"2223\" data-end=\"2237\">Prednosti:<\/strong><\/h3>\n<ul data-start=\"2238\" data-end=\"2442\">\n<li data-start=\"2238\" data-end=\"2276\">\n<p data-start=\"2240\" data-end=\"2276\">Brza i jednostavna monta\u017ea bez alata<\/p>\n<\/li>\n<li data-start=\"2277\" data-end=\"2307\">\n<p data-start=\"2279\" data-end=\"2307\">Dug radni vek bez odr\u017eavanja<\/p>\n<\/li>\n<li data-start=\"2308\" data-end=\"2334\">\n<p data-start=\"2310\" data-end=\"2334\">Niska potro\u0161nja energije<\/p>\n<\/li>\n<li data-start=\"2335\" data-end=\"2349\">\n<p data-start=\"2337\" data-end=\"2349\">Bez\u0161uman rad<\/p>\n<\/li>\n<li data-start=\"2350\" data-end=\"2384\">\n<p data-start=\"2352\" data-end=\"2384\">Jasna vizuelna indikacija stanja<\/p>\n<\/li>\n<li data-start=\"2385\" data-end=\"2442\">\n<p data-start=\"2387\" data-end=\"2442\">Pouzdan rad i u agresivnijim okru\u017eenjima (IP54 za\u0161tita)<\/p>\n<\/li>\n<\/ul>\n<\/div>\n<\/div>\n<\/div>","protected":false},"excerpt":{"rendered":"<p><strong data-start=\"240\" data-end=\"258\">Aktuator EMO T<\/strong> brenda <strong data-start=\"266\" data-end=\"278\">\u0425\u0430\u0439\u043c\u0435\u0439\u0435\u0440<\/strong> je <strong data-start=\"291\" data-end=\"336\">pouzdan i kompaktan termoelektri\u010dni pogon<\/strong> koji se koristi za automatsko upravljanje radom ventila u <strong data-start=\"395\" data-end=\"452\">sistemima grejanja, hla\u0111enja i regulacije temperature<\/strong>. Namenjen je za <strong data-start=\"469\" data-end=\"479\">ON<\/strong>\u00a0regulaciju i kompatibilan je sa <strong data-start=\"512\" data-end=\"540\">Heimeier termo-ventilima<\/strong> i ve\u0107inom standardnih ventila drugih proizvo\u0111a\u010da.<\/p>","protected":false},"featured_media":16383,"template":"","meta":[],"product_brand":[4295],"product_cat":[4299,4484],"product_tag":[],"class_list":{"0":"post-16382","1":"product","2":"type-product","3":"status-publish","4":"has-post-thumbnail","6":"product_brand-heimeier","7":"product_cat-armatura","8":"product_cat-heimeier-armatura","10":"first","11":"instock","12":"purchasable","13":"product-type-simple"},"_links":{"self":[{"href":"https:\/\/hidroterm.dmcsrbija.com\/ru\/wp-json\/wp\/v2\/product\/16382","targetHints":{"allow":["GET"]}}],"collection":[{"href":"https:\/\/hidroterm.dmcsrbija.com\/ru\/wp-json\/wp\/v2\/product"}],"about":[{"href":"https:\/\/hidroterm.dmcsrbija.com\/ru\/wp-json\/wp\/v2\/types\/product"}],"wp:featuredmedia":[{"embeddable":true,"href":"https:\/\/hidroterm.dmcsrbija.com\/ru\/wp-json\/wp\/v2\/media\/16383"}],"wp:attachment":[{"href":"https:\/\/hidroterm.dmcsrbija.com\/ru\/wp-json\/wp\/v2\/media?parent=16382"}],"wp:term":[{"taxonomy":"product_brand","embeddable":true,"href":"https:\/\/hidroterm.dmcsrbija.com\/ru\/wp-json\/wp\/v2\/product_brand?post=16382"},{"taxonomy":"product_cat","embeddable":true,"href":"https:\/\/hidroterm.dmcsrbija.com\/ru\/wp-json\/wp\/v2\/product_cat?post=16382"},{"taxonomy":"product_tag","embeddable":true,"href":"https:\/\/hidroterm.dmcsrbija.com\/ru\/wp-json\/wp\/v2\/product_tag?post=16382"}],"curies":[{"name":"wp","href":"https:\/\/api.w.org\/{rel}","templated":true}]}}