{"id":16380,"date":"2025-07-15T11:00:09","date_gmt":"2025-07-15T09:00:09","guid":{"rendered":"https:\/\/foxit-technology.com\/proizvod\/termoglava-sa-nalegajucim-senzorom-heimeier-40-70c\/"},"modified":"2025-10-15T10:50:31","modified_gmt":"2025-10-15T08:50:31","slug":"termoglava-sa-nalegajucim-senzorom-heimeier-40-70c","status":"publish","type":"product","link":"https:\/\/hidroterm.dmcsrbija.com\/ru\/proizvod\/termoglava-sa-nalegajucim-senzorom-heimeier-40-70c\/","title":{"rendered":"Termoglava sa nalegaju\u0107im senzorom Heimeier 40-70C"},"content":{"rendered":"<h2 data-start=\"189\" data-end=\"248\"><strong data-start=\"192\" data-end=\"248\">Termoglava Heimeier sa nalegaju\u0107im senzorom 40\u201370\u202f\u00b0C<\/strong><\/h2>\n<p data-start=\"250\" data-end=\"585\"><strong data-start=\"250\" data-end=\"277\">Termoglava Heimeier K<\/strong> sa nalegaju\u0107im (kontakt) senzorom i kapilarnom cevi od 2\u202fm pru\u017ea preciznu regulaciju temperature u rasponu <strong data-start=\"385\" data-end=\"397\">40\u201370\u202f\u00b0C.<\/strong> Idealna za kontrolu sistema centralnog grejanja. Ovaj model dizajniran je za pouzdanu i prijatnu termoregulaciju u razli\u010ditim instalacijama \u2014 od radijatorskih sistema do podnog grejanja.<\/p>\n<h3 data-start=\"592\" data-end=\"621\">Tehni\u010dke karakteristike:<\/h3>\n<ul data-start=\"623\" data-end=\"1419\">\n<li data-start=\"690\" data-end=\"764\">\n<p data-start=\"692\" data-end=\"764\">Temperaturni opseg: 40\u201370\u202f\u00b0C<\/p>\n<\/li>\n<li data-start=\"765\" data-end=\"879\">\n<p data-start=\"767\" data-end=\"879\">Veza: Navoj M30\u202f\u00d7\u202f1,5 (standardni priklju\u010dak za termostatske ventile)<\/p>\n<\/li>\n<li data-start=\"880\" data-end=\"943\">\n<p data-start=\"882\" data-end=\"943\">Senzor: Termo-senzor napunjen te\u010dno\u0161\u0107u<\/p>\n<\/li>\n<li data-start=\"944\" data-end=\"1055\">\n<p data-start=\"946\" data-end=\"1055\">Kapilarna cev: Du\u017eina 2\u202fm za fleksibilno postavljanje senzora<\/p>\n<\/li>\n<li data-start=\"1056\" data-end=\"1183\">\n<p data-start=\"1058\" data-end=\"1183\">Materijal: Plastika i aluminijumska baza visoke toplotne provodljivosti<span class=\"\" data-state=\"closed\"><span class=\"ms-1 inline-flex max-w-full items-center relative top-[-0.094rem] animate-[show_150ms_ease-in]\" data-testid=\"webpage-citation-pill\"><br \/>\n<\/span><\/span><\/p>\n<\/li>\n<\/ul>\n<h3 data-start=\"1426\" data-end=\"1439\">Primena:<\/h3>\n<ul data-start=\"1441\" data-end=\"1759\">\n<li data-start=\"1441\" data-end=\"1609\">\n<p data-start=\"1443\" data-end=\"1609\">Idealna za regulaciju temperature vode u sistemima grejanja, kao \u0161to su radijatori, podno grejanje i fan-coil jedinice<span class=\"\" data-state=\"closed\"><span class=\"ms-1 inline-flex max-w-full items-center relative top-[-0.094rem] animate-[show_150ms_ease-in]\" data-testid=\"webpage-citation-pill\"><br \/>\n<\/span><\/span><\/p>\n<\/li>\n<li data-start=\"1610\" data-end=\"1759\">\n<p data-start=\"1612\" data-end=\"1759\">Mo\u017ee se koristiti sa termostatskim ventilima i trokrakim me\u0161a\u010dkim ventilima koji imaju odgovaraju\u0107i navoj<\/p>\n<\/li>\n<\/ul>\n<h3 data-start=\"1766\" data-end=\"1781\">Prednosti:<\/h3>\n<ul data-start=\"1783\" data-end=\"2216\">\n<li data-start=\"1783\" data-end=\"1868\">\n<p data-start=\"1785\" data-end=\"1868\">Precizna kontrola temperature \u2014 te\u010dno punjen senzor pru\u017ea stabilnu regulaciju<\/p>\n<\/li>\n<li data-start=\"1869\" data-end=\"1987\">\n<p data-start=\"1871\" data-end=\"1987\">Brz odziv \u2014 kapilarni senzor reaguje efikasno na promene temperature<\/p>\n<\/li>\n<li data-start=\"1988\" data-end=\"2073\">\n<p data-start=\"1990\" data-end=\"2073\">Standardni priklju\u010dak (M30\u00d71,5) \u2014 \u0161iroka kompatibilnost sa Heimeier sistemima<\/p>\n<\/li>\n<li data-start=\"2074\" data-end=\"2151\">\n<p data-start=\"2076\" data-end=\"2151\">Pouzdana konstrukcija \u2014 visokokvalitetni materijali i robustan dizajn<\/p>\n<\/li>\n<li data-start=\"2152\" data-end=\"2216\">\n<p data-start=\"2154\" data-end=\"2216\">Kvalitet \u2014 Heimeier proizvodi izra\u0111eni u Nema\u010dkoj<\/p>\n<\/li>\n<\/ul>\n","protected":false},"excerpt":{"rendered":"<p><strong data-start=\"250\" data-end=\"277\">Termoglava Heimeier K<\/strong> sa nalegaju\u0107im (kontakt) senzorom i kapilarnom cevi od 2\u202fm pru\u017ea preciznu regulaciju temperature u rasponu <strong data-start=\"385\" data-end=\"397\">40\u201370\u202f\u00b0C.<\/strong> Idealna za kontrolu sistema centralnog grejanja. Ovaj model dizajniran je za pouzdanu i prijatnu termoregulaciju u razli\u010ditim instalacijama \u2014 od radijatorskih sistema do podnog grejanja.<\/p>","protected":false},"featured_media":16381,"template":"","meta":[],"product_brand":[4295],"product_cat":[4299,4298,4484,4485,4291],"product_tag":[],"class_list":{"0":"post-16380","1":"product","2":"type-product","3":"status-publish","4":"has-post-thumbnail","6":"product_brand-heimeier","7":"product_cat-armatura","8":"product_cat-heimeier","9":"product_cat-heimeier-armatura","10":"product_cat-radijatorski-ventili-i-navijci","11":"product_cat-radijatorski-ventili-navijci-i-glave","13":"first","14":"outofstock","15":"purchasable","16":"product-type-simple"},"_links":{"self":[{"href":"https:\/\/hidroterm.dmcsrbija.com\/ru\/wp-json\/wp\/v2\/product\/16380","targetHints":{"allow":["GET"]}}],"collection":[{"href":"https:\/\/hidroterm.dmcsrbija.com\/ru\/wp-json\/wp\/v2\/product"}],"about":[{"href":"https:\/\/hidroterm.dmcsrbija.com\/ru\/wp-json\/wp\/v2\/types\/product"}],"wp:featuredmedia":[{"embeddable":true,"href":"https:\/\/hidroterm.dmcsrbija.com\/ru\/wp-json\/wp\/v2\/media\/16381"}],"wp:attachment":[{"href":"https:\/\/hidroterm.dmcsrbija.com\/ru\/wp-json\/wp\/v2\/media?parent=16380"}],"wp:term":[{"taxonomy":"product_brand","embeddable":true,"href":"https:\/\/hidroterm.dmcsrbija.com\/ru\/wp-json\/wp\/v2\/product_brand?post=16380"},{"taxonomy":"product_cat","embeddable":true,"href":"https:\/\/hidroterm.dmcsrbija.com\/ru\/wp-json\/wp\/v2\/product_cat?post=16380"},{"taxonomy":"product_tag","embeddable":true,"href":"https:\/\/hidroterm.dmcsrbija.com\/ru\/wp-json\/wp\/v2\/product_tag?post=16380"}],"curies":[{"name":"wp","href":"https:\/\/api.w.org\/{rel}","templated":true}]}}