{"id":16372,"date":"2025-07-15T11:00:09","date_gmt":"2025-07-15T09:00:09","guid":{"rendered":"https:\/\/foxit-technology.com\/proizvod\/radijatorski-navijak-itap\/"},"modified":"2025-07-15T11:00:16","modified_gmt":"2025-07-15T09:00:16","slug":"radijatorski-navijak-itap","status":"publish","type":"product","link":"https:\/\/hidroterm.dmcsrbija.com\/ru\/proizvod\/radijatorski-navijak-itap\/","title":{"rendered":"Radijatorski navijak Itap"},"content":{"rendered":"<p>Itap je italijanski proizvo\u0111a\u010d armature koji se karakteri\u0161e vioskim kvalitetom i pristupa\u010dnom cenom.<\/p>","protected":false},"excerpt":{"rendered":"<p>Itap je italijanski proizvo\u0111a\u010d armature koji se karakteri\u0161e vioskim kvalitetom i pristupa\u010dnom cenom.<\/p>","protected":false},"featured_media":16373,"template":"","meta":[],"product_brand":[4293],"product_cat":[4294,4290,4237,4291],"product_tag":[],"class_list":{"0":"post-16372","1":"product","2":"type-product","3":"status-publish","4":"has-post-thumbnail","6":"product_brand-itap","7":"product_cat-itap","8":"product_cat-oprema-za-radijatore","9":"product_cat-radijatori","10":"product_cat-radijatorski-ventili-navijci-i-glave","12":"first","13":"instock","14":"purchasable","15":"product-type-simple"},"_links":{"self":[{"href":"https:\/\/hidroterm.dmcsrbija.com\/ru\/wp-json\/wp\/v2\/product\/16372","targetHints":{"allow":["GET"]}}],"collection":[{"href":"https:\/\/hidroterm.dmcsrbija.com\/ru\/wp-json\/wp\/v2\/product"}],"about":[{"href":"https:\/\/hidroterm.dmcsrbija.com\/ru\/wp-json\/wp\/v2\/types\/product"}],"wp:featuredmedia":[{"embeddable":true,"href":"https:\/\/hidroterm.dmcsrbija.com\/ru\/wp-json\/wp\/v2\/media\/16373"}],"wp:attachment":[{"href":"https:\/\/hidroterm.dmcsrbija.com\/ru\/wp-json\/wp\/v2\/media?parent=16372"}],"wp:term":[{"taxonomy":"product_brand","embeddable":true,"href":"https:\/\/hidroterm.dmcsrbija.com\/ru\/wp-json\/wp\/v2\/product_brand?post=16372"},{"taxonomy":"product_cat","embeddable":true,"href":"https:\/\/hidroterm.dmcsrbija.com\/ru\/wp-json\/wp\/v2\/product_cat?post=16372"},{"taxonomy":"product_tag","embeddable":true,"href":"https:\/\/hidroterm.dmcsrbija.com\/ru\/wp-json\/wp\/v2\/product_tag?post=16372"}],"curies":[{"name":"wp","href":"https:\/\/api.w.org\/{rel}","templated":true}]}}