{"id":16362,"date":"2025-07-15T11:00:09","date_gmt":"2025-07-15T09:00:09","guid":{"rendered":"https:\/\/foxit-technology.com\/proizvod\/pretvarac-napona-12-220v-200w\/"},"modified":"2025-07-15T11:00:13","modified_gmt":"2025-07-15T09:00:13","slug":"pretvarac-napona-12-220v-200w","status":"publish","type":"product","link":"https:\/\/hidroterm.dmcsrbija.com\/ru\/proizvod\/pretvarac-napona-12-220v-200w\/","title":{"rendered":"Pretvara\u010d napona 12\/220V 200W"},"content":{"rendered":"<p>Invertor je predvi\u0111en za neprekidno napajanje pumpi malih grejnih sistema na \u010dvrsta goriva, telefonske centrale i punja\u010de za mobilni.&nbsp;<strong>Ne koristi se za kotlove na gas i pelet jer uredjaj nema dovoljnu snagu da podrzi i pumpu i gorionik kod kotlova na pelet.<\/strong>&nbsp;Pored pumpe dozvoljeno je napajati i jedan manji potrosac do 15W snage, najcesce LED sijalicu. Kako bi se pumpa napajala sto duze potrebno je istu ubaciti u najmanju brzinu pri nestanku struje. Ovaj model ne sadrzi bateriju (akumulator)<\/p>","protected":false},"excerpt":{"rendered":"<p>Invertor je predvi\u0111en za neprekidno napajanje pumpi malih grejnih sistema na \u010dvrsta goriva, telefonske centrale i punja\u010de za mobilni.&nbsp;Ne koristi se za kotlove na gas i pelet jer uredjaj nema dovoljnu snagu da podrzi i pumpu i gorionik kod kotlova na pelet.&nbsp;Pored pumpe dozvoljeno je napajati i jedan manji potrosac do 15W snage, najcesce LED [&hellip;]<\/p>\n","protected":false},"featured_media":16363,"template":"","meta":[],"product_brand":[4285],"product_cat":[4286],"product_tag":[],"class_list":{"0":"post-16362","1":"product","2":"type-product","3":"status-publish","4":"has-post-thumbnail","6":"product_brand-mik","7":"product_cat-pretvaraci-napona","9":"first","10":"instock","11":"purchasable","12":"product-type-simple"},"_links":{"self":[{"href":"https:\/\/hidroterm.dmcsrbija.com\/ru\/wp-json\/wp\/v2\/product\/16362","targetHints":{"allow":["GET"]}}],"collection":[{"href":"https:\/\/hidroterm.dmcsrbija.com\/ru\/wp-json\/wp\/v2\/product"}],"about":[{"href":"https:\/\/hidroterm.dmcsrbija.com\/ru\/wp-json\/wp\/v2\/types\/product"}],"wp:featuredmedia":[{"embeddable":true,"href":"https:\/\/hidroterm.dmcsrbija.com\/ru\/wp-json\/wp\/v2\/media\/16363"}],"wp:attachment":[{"href":"https:\/\/hidroterm.dmcsrbija.com\/ru\/wp-json\/wp\/v2\/media?parent=16362"}],"wp:term":[{"taxonomy":"product_brand","embeddable":true,"href":"https:\/\/hidroterm.dmcsrbija.com\/ru\/wp-json\/wp\/v2\/product_brand?post=16362"},{"taxonomy":"product_cat","embeddable":true,"href":"https:\/\/hidroterm.dmcsrbija.com\/ru\/wp-json\/wp\/v2\/product_cat?post=16362"},{"taxonomy":"product_tag","embeddable":true,"href":"https:\/\/hidroterm.dmcsrbija.com\/ru\/wp-json\/wp\/v2\/product_tag?post=16362"}],"curies":[{"name":"wp","href":"https:\/\/api.w.org\/{rel}","templated":true}]}}