{"id":16340,"date":"2025-07-15T10:59:59","date_gmt":"2025-07-15T08:59:59","guid":{"rendered":"https:\/\/foxit-technology.com\/proizvod\/kutija-metalna-sa-bravicom-450\/"},"modified":"2025-07-15T11:00:06","modified_gmt":"2025-07-15T09:00:06","slug":"kutija-metalna-sa-bravicom-450","status":"publish","type":"product","link":"https:\/\/hidroterm.dmcsrbija.com\/ru\/proizvod\/kutija-metalna-sa-bravicom-450\/","title":{"rendered":"Kutija metalna sa bravicom 450"},"content":{"rendered":"<p>Kutija sa bravicom namenjena je za sme\u0161taj razvoda sistema podnog i drugih oblika grejanja, sanitarne vode, vodovoda. Standardna dimenzija uzidnih (ugradnih) ormara je visina od 450mm i \u0161irina od 400mm do 1.200mm., sa dubinom od 110mm. Ormari\u0107i su izgra\u0111eni od pocinkovanog i hladnovaljanog lima. Ram i vratanca su plastificirana u beloj boji. Isporuru\u010duju se sa bravicom, klju\u010dem i nosa\u010dem za sabirnik-razdelnik komplete. Na zahtev korisnika dosupni su i ormari\u0107i prilagodljivih dimenzija, uzidni ili nadzidni, sa \u0161teluju\u0107im ili fiksnim parapetom.<\/p>","protected":false},"excerpt":{"rendered":"<p>Kutija sa bravicom namenjena je za sme\u0161taj razvoda sistema podnog i drugih oblika grejanja, sanitarne vode, vodovoda. Standardna dimenzija uzidnih (ugradnih) ormara je visina od 450mm i \u0161irina od 400mm do 1.200mm., sa dubinom od 110mm. Ormari\u0107i su izgra\u0111eni od pocinkovanog i hladnovaljanog lima. Ram i vratanca su plastificirana u beloj boji. Isporuru\u010duju se sa [&hellip;]<\/p>\n","protected":false},"featured_media":16341,"template":"","meta":[],"product_brand":[],"product_cat":[4271,4278],"product_tag":[],"class_list":{"0":"post-16340","1":"product","2":"type-product","3":"status-publish","4":"has-post-thumbnail","6":"product_cat-podno-grejanje","7":"product_cat-razdelnici-i-sabirnici-za-podno-grejanje","9":"first","10":"instock","11":"purchasable","12":"product-type-simple"},"_links":{"self":[{"href":"https:\/\/hidroterm.dmcsrbija.com\/ru\/wp-json\/wp\/v2\/product\/16340","targetHints":{"allow":["GET"]}}],"collection":[{"href":"https:\/\/hidroterm.dmcsrbija.com\/ru\/wp-json\/wp\/v2\/product"}],"about":[{"href":"https:\/\/hidroterm.dmcsrbija.com\/ru\/wp-json\/wp\/v2\/types\/product"}],"wp:featuredmedia":[{"embeddable":true,"href":"https:\/\/hidroterm.dmcsrbija.com\/ru\/wp-json\/wp\/v2\/media\/16341"}],"wp:attachment":[{"href":"https:\/\/hidroterm.dmcsrbija.com\/ru\/wp-json\/wp\/v2\/media?parent=16340"}],"wp:term":[{"taxonomy":"product_brand","embeddable":true,"href":"https:\/\/hidroterm.dmcsrbija.com\/ru\/wp-json\/wp\/v2\/product_brand?post=16340"},{"taxonomy":"product_cat","embeddable":true,"href":"https:\/\/hidroterm.dmcsrbija.com\/ru\/wp-json\/wp\/v2\/product_cat?post=16340"},{"taxonomy":"product_tag","embeddable":true,"href":"https:\/\/hidroterm.dmcsrbija.com\/ru\/wp-json\/wp\/v2\/product_tag?post=16340"}],"curies":[{"name":"wp","href":"https:\/\/api.w.org\/{rel}","templated":true}]}}