{"id":16338,"date":"2025-07-15T10:59:59","date_gmt":"2025-07-15T08:59:59","guid":{"rendered":"https:\/\/foxit-technology.com\/proizvod\/diletaciona-traka\/"},"modified":"2025-07-15T11:00:06","modified_gmt":"2025-07-15T09:00:06","slug":"diletaciona-traka","status":"publish","type":"product","link":"https:\/\/hidroterm.dmcsrbija.com\/ru\/proizvod\/diletaciona-traka\/","title":{"rendered":"Diletaciona traka"},"content":{"rendered":"<p>Diletaciona traka postavlja se kod plivaju\u0107ih podova oko zida i time obezbe\u0111uje zvu\u010dnu izolaciju i elasti\u010dan spoj izme\u0111u zida i poda. Nije kruta, ne lomi se, lako se obra\u0111uje. Mo\u017ee se primeniti kod svake podne izolacije.<\/p>","protected":false},"excerpt":{"rendered":"<p>Diletaciona traka postavlja se kod plivaju\u0107ih podova oko zida i time obezbe\u0111uje zvu\u010dnu izolaciju i elasti\u010dan spoj izme\u0111u zida i poda. Nije kruta, ne lomi se, lako se obra\u0111uje. Mo\u017ee se primeniti kod svake podne izolacije.<\/p>","protected":false},"featured_media":16339,"template":"","meta":[],"product_brand":[],"product_cat":[4276,4271],"product_tag":[],"class_list":{"0":"post-16338","1":"product","2":"type-product","3":"status-publish","4":"has-post-thumbnail","6":"product_cat-oprema-za-podno-grejanje","7":"product_cat-podno-grejanje","9":"first","10":"instock","11":"purchasable","12":"product-type-simple"},"_links":{"self":[{"href":"https:\/\/hidroterm.dmcsrbija.com\/ru\/wp-json\/wp\/v2\/product\/16338","targetHints":{"allow":["GET"]}}],"collection":[{"href":"https:\/\/hidroterm.dmcsrbija.com\/ru\/wp-json\/wp\/v2\/product"}],"about":[{"href":"https:\/\/hidroterm.dmcsrbija.com\/ru\/wp-json\/wp\/v2\/types\/product"}],"wp:featuredmedia":[{"embeddable":true,"href":"https:\/\/hidroterm.dmcsrbija.com\/ru\/wp-json\/wp\/v2\/media\/16339"}],"wp:attachment":[{"href":"https:\/\/hidroterm.dmcsrbija.com\/ru\/wp-json\/wp\/v2\/media?parent=16338"}],"wp:term":[{"taxonomy":"product_brand","embeddable":true,"href":"https:\/\/hidroterm.dmcsrbija.com\/ru\/wp-json\/wp\/v2\/product_brand?post=16338"},{"taxonomy":"product_cat","embeddable":true,"href":"https:\/\/hidroterm.dmcsrbija.com\/ru\/wp-json\/wp\/v2\/product_cat?post=16338"},{"taxonomy":"product_tag","embeddable":true,"href":"https:\/\/hidroterm.dmcsrbija.com\/ru\/wp-json\/wp\/v2\/product_tag?post=16338"}],"curies":[{"name":"wp","href":"https:\/\/api.w.org\/{rel}","templated":true}]}}