{"id":16336,"date":"2025-07-15T10:59:59","date_gmt":"2025-07-15T08:59:59","guid":{"rendered":"https:\/\/foxit-technology.com\/proizvod\/jednodelni-i-dvodelni-drzac-za-podno\/"},"modified":"2025-07-15T11:00:06","modified_gmt":"2025-07-15T09:00:06","slug":"jednodelni-i-dvodelni-drzac-za-podno","status":"publish","type":"product","link":"https:\/\/hidroterm.dmcsrbija.com\/ru\/proizvod\/jednodelni-i-dvodelni-drzac-za-podno\/","title":{"rendered":"Jednodelni i dvodelni dr\u017ea\u010d za podno"},"content":{"rendered":"<p>Jednodelni i dvodelni dr\u017ea\u010di za podno namenjeni su dr\u017eanju pex-al-pex cevi u razvodu sistema za podno grejanje.<\/p>","protected":false},"excerpt":{"rendered":"<p>Jednodelni i dvodelni dr\u017ea\u010di za podno namenjeni su dr\u017eanju pex-al-pex cevi u razvodu sistema za podno grejanje.<\/p>","protected":false},"featured_media":16337,"template":"","meta":[],"product_brand":[],"product_cat":[4276,4271],"product_tag":[],"class_list":{"0":"post-16336","1":"product","2":"type-product","3":"status-publish","4":"has-post-thumbnail","6":"product_cat-oprema-za-podno-grejanje","7":"product_cat-podno-grejanje","9":"first","10":"instock","11":"purchasable","12":"product-type-simple"},"_links":{"self":[{"href":"https:\/\/hidroterm.dmcsrbija.com\/ru\/wp-json\/wp\/v2\/product\/16336","targetHints":{"allow":["GET"]}}],"collection":[{"href":"https:\/\/hidroterm.dmcsrbija.com\/ru\/wp-json\/wp\/v2\/product"}],"about":[{"href":"https:\/\/hidroterm.dmcsrbija.com\/ru\/wp-json\/wp\/v2\/types\/product"}],"wp:featuredmedia":[{"embeddable":true,"href":"https:\/\/hidroterm.dmcsrbija.com\/ru\/wp-json\/wp\/v2\/media\/16337"}],"wp:attachment":[{"href":"https:\/\/hidroterm.dmcsrbija.com\/ru\/wp-json\/wp\/v2\/media?parent=16336"}],"wp:term":[{"taxonomy":"product_brand","embeddable":true,"href":"https:\/\/hidroterm.dmcsrbija.com\/ru\/wp-json\/wp\/v2\/product_brand?post=16336"},{"taxonomy":"product_cat","embeddable":true,"href":"https:\/\/hidroterm.dmcsrbija.com\/ru\/wp-json\/wp\/v2\/product_cat?post=16336"},{"taxonomy":"product_tag","embeddable":true,"href":"https:\/\/hidroterm.dmcsrbija.com\/ru\/wp-json\/wp\/v2\/product_tag?post=16336"}],"curies":[{"name":"wp","href":"https:\/\/api.w.org\/{rel}","templated":true}]}}