{"id":16324,"date":"2025-07-15T10:59:59","date_gmt":"2025-07-15T08:59:59","guid":{"rendered":"https:\/\/foxit-technology.com\/proizvod\/savijac-za-pex-al-pex-cevi\/"},"modified":"2025-07-15T11:00:03","modified_gmt":"2025-07-15T09:00:03","slug":"savijac-za-pex-al-pex-cevi","status":"publish","type":"product","link":"https:\/\/hidroterm.dmcsrbija.com\/ru\/proizvod\/savijac-za-pex-al-pex-cevi\/","title":{"rendered":"Savija\u010d za pex-al-pex cevi"},"content":{"rendered":"<p>Opruga za savijanje pex-al-pex cevi koristi se u cilju efikasnijeg unapre\u0111enja savijanja cevi, tako da se spre\u010de deformacije o u zoni savijanja cevi, a cev savila pod \u017eeljenim uglom. Dostupne u razli\u010ditim promerima, spolja\u0161nji i unutra\u0161nji navoj.<\/p>","protected":false},"excerpt":{"rendered":"<p>Opruga za savijanje pex-al-pex cevi koristi se u cilju efikasnijeg unapre\u0111enja savijanja cevi, tako da se spre\u010de deformacije o u zoni savijanja cevi, a cev savila pod \u017eeljenim uglom. Dostupne u razli\u010ditim promerima, spolja\u0161nji i unutra\u0161nji navoj.<\/p>","protected":false},"featured_media":16325,"template":"","meta":[],"product_brand":[],"product_cat":[4276,4271],"product_tag":[],"class_list":{"0":"post-16324","1":"product","2":"type-product","3":"status-publish","4":"has-post-thumbnail","6":"product_cat-oprema-za-podno-grejanje","7":"product_cat-podno-grejanje","9":"first","10":"instock","11":"purchasable","12":"product-type-simple"},"_links":{"self":[{"href":"https:\/\/hidroterm.dmcsrbija.com\/ru\/wp-json\/wp\/v2\/product\/16324","targetHints":{"allow":["GET"]}}],"collection":[{"href":"https:\/\/hidroterm.dmcsrbija.com\/ru\/wp-json\/wp\/v2\/product"}],"about":[{"href":"https:\/\/hidroterm.dmcsrbija.com\/ru\/wp-json\/wp\/v2\/types\/product"}],"wp:featuredmedia":[{"embeddable":true,"href":"https:\/\/hidroterm.dmcsrbija.com\/ru\/wp-json\/wp\/v2\/media\/16325"}],"wp:attachment":[{"href":"https:\/\/hidroterm.dmcsrbija.com\/ru\/wp-json\/wp\/v2\/media?parent=16324"}],"wp:term":[{"taxonomy":"product_brand","embeddable":true,"href":"https:\/\/hidroterm.dmcsrbija.com\/ru\/wp-json\/wp\/v2\/product_brand?post=16324"},{"taxonomy":"product_cat","embeddable":true,"href":"https:\/\/hidroterm.dmcsrbija.com\/ru\/wp-json\/wp\/v2\/product_cat?post=16324"},{"taxonomy":"product_tag","embeddable":true,"href":"https:\/\/hidroterm.dmcsrbija.com\/ru\/wp-json\/wp\/v2\/product_tag?post=16324"}],"curies":[{"name":"wp","href":"https:\/\/api.w.org\/{rel}","templated":true}]}}