{"id":16322,"date":"2025-07-15T10:59:59","date_gmt":"2025-07-15T08:59:59","guid":{"rendered":"https:\/\/foxit-technology.com\/proizvod\/cev-pex-al-pex-unidelta\/"},"modified":"2025-07-15T11:00:03","modified_gmt":"2025-07-15T09:00:03","slug":"cev-pex-al-pex-unidelta","status":"publish","type":"product","link":"https:\/\/hidroterm.dmcsrbija.com\/ru\/proizvod\/cev-pex-al-pex-unidelta\/","title":{"rendered":"Cev pex-al-pex Unidelta"},"content":{"rendered":"<p>Unidelta pex-al-pex cevi su namenjene za distribuciju hladne i tople vode u instalacijama grejanja radnog pritiska 10 bara do 95\u00baC. Alupex cevi su izra\u0111ene od 2 sloja polietilena, 2 sloja vezuju\u0107eg sloja i jednog sloja aluminijuma. Isporu\u010duju se u koturovima od 50-200 m, u zavisnosti od dimenzije.<\/p>","protected":false},"excerpt":{"rendered":"<p>Unidelta pex-al-pex cevi su namenjene za distribuciju hladne i tople vode u instalacijama grejanja radnog pritiska 10 bara do 95\u00baC. Alupex cevi su izra\u0111ene od 2 sloja polietilena, 2 sloja vezuju\u0107eg sloja i jednog sloja aluminijuma. Isporu\u010duju se u koturovima od 50-200 m, u zavisnosti od dimenzije.<\/p>","protected":false},"featured_media":16323,"template":"","meta":[],"product_brand":[4275],"product_cat":[4272,4271],"product_tag":[],"class_list":{"0":"post-16322","1":"product","2":"type-product","3":"status-publish","4":"has-post-thumbnail","6":"product_brand-unidelta","7":"product_cat-pex-al-pex-cevi","8":"product_cat-podno-grejanje","10":"first","11":"instock","12":"purchasable","13":"product-type-simple"},"_links":{"self":[{"href":"https:\/\/hidroterm.dmcsrbija.com\/ru\/wp-json\/wp\/v2\/product\/16322","targetHints":{"allow":["GET"]}}],"collection":[{"href":"https:\/\/hidroterm.dmcsrbija.com\/ru\/wp-json\/wp\/v2\/product"}],"about":[{"href":"https:\/\/hidroterm.dmcsrbija.com\/ru\/wp-json\/wp\/v2\/types\/product"}],"wp:featuredmedia":[{"embeddable":true,"href":"https:\/\/hidroterm.dmcsrbija.com\/ru\/wp-json\/wp\/v2\/media\/16323"}],"wp:attachment":[{"href":"https:\/\/hidroterm.dmcsrbija.com\/ru\/wp-json\/wp\/v2\/media?parent=16322"}],"wp:term":[{"taxonomy":"product_brand","embeddable":true,"href":"https:\/\/hidroterm.dmcsrbija.com\/ru\/wp-json\/wp\/v2\/product_brand?post=16322"},{"taxonomy":"product_cat","embeddable":true,"href":"https:\/\/hidroterm.dmcsrbija.com\/ru\/wp-json\/wp\/v2\/product_cat?post=16322"},{"taxonomy":"product_tag","embeddable":true,"href":"https:\/\/hidroterm.dmcsrbija.com\/ru\/wp-json\/wp\/v2\/product_tag?post=16322"}],"curies":[{"name":"wp","href":"https:\/\/api.w.org\/{rel}","templated":true}]}}