{"id":16318,"date":"2025-07-15T10:59:59","date_gmt":"2025-07-15T08:59:59","guid":{"rendered":"https:\/\/foxit-technology.com\/proizvod\/cev-pex-al-pex-henco\/"},"modified":"2025-07-15T11:00:02","modified_gmt":"2025-07-15T09:00:02","slug":"cev-pex-al-pex-henco","status":"publish","type":"product","link":"https:\/\/hidroterm.dmcsrbija.com\/ru\/proizvod\/cev-pex-al-pex-henco\/","title":{"rendered":"Cev pex-al-pex Henco"},"content":{"rendered":"<p>Henco je belgijski proizvo\u0111a\u010d. Vi\u0161eslojne cevi henco nude sve prednosti, koje imaju metalne i plasti\u010dne cevi. Imaju 5 slojeva: dva sloje polietilena, sloj aluminijuma i dva sloja lepka koji ih spajaju. Podu\u017eno \u010deono laserski varena cev od aluminijuma je 100 % prepreka za prelaz kiseonika kroz zid cevi. Imaju mali koeficijent linearnog raztezanja, sli\u010dan bakru. Potpuno otporna na koroziju,kao i na hemikalije i elektrohemikalije. Ne prenose se \u0161umovi i zvuk po instalaciji. Glatki zid cevi zna\u010di mali gubitak pritiska. Velika otpornost na povi\u0161enu temperaturu i pritisak. Lagane su i fleksibilne, jednostavne za krivljenje i na niskim temperaturama zadr\u017eavaju oblik.<\/p>","protected":false},"excerpt":{"rendered":"<p>Henco je belgijski proizvo\u0111a\u010d. Vi\u0161eslojne cevi henco nude sve prednosti, koje imaju metalne i plasti\u010dne cevi. Imaju 5 slojeva: dva sloje polietilena, sloj aluminijuma i dva sloja lepka koji ih spajaju. Podu\u017eno \u010deono laserski varena cev od aluminijuma je 100 % prepreka za prelaz kiseonika kroz zid cevi. Imaju mali koeficijent linearnog raztezanja, sli\u010dan bakru. [&hellip;]<\/p>\n","protected":false},"featured_media":16319,"template":"","meta":[],"product_brand":[4273],"product_cat":[4272,4271],"product_tag":[],"class_list":{"0":"post-16318","1":"product","2":"type-product","3":"status-publish","4":"has-post-thumbnail","6":"product_brand-henco","7":"product_cat-pex-al-pex-cevi","8":"product_cat-podno-grejanje","10":"first","11":"instock","12":"purchasable","13":"product-type-simple"},"_links":{"self":[{"href":"https:\/\/hidroterm.dmcsrbija.com\/ru\/wp-json\/wp\/v2\/product\/16318","targetHints":{"allow":["GET"]}}],"collection":[{"href":"https:\/\/hidroterm.dmcsrbija.com\/ru\/wp-json\/wp\/v2\/product"}],"about":[{"href":"https:\/\/hidroterm.dmcsrbija.com\/ru\/wp-json\/wp\/v2\/types\/product"}],"wp:featuredmedia":[{"embeddable":true,"href":"https:\/\/hidroterm.dmcsrbija.com\/ru\/wp-json\/wp\/v2\/media\/16319"}],"wp:attachment":[{"href":"https:\/\/hidroterm.dmcsrbija.com\/ru\/wp-json\/wp\/v2\/media?parent=16318"}],"wp:term":[{"taxonomy":"product_brand","embeddable":true,"href":"https:\/\/hidroterm.dmcsrbija.com\/ru\/wp-json\/wp\/v2\/product_brand?post=16318"},{"taxonomy":"product_cat","embeddable":true,"href":"https:\/\/hidroterm.dmcsrbija.com\/ru\/wp-json\/wp\/v2\/product_cat?post=16318"},{"taxonomy":"product_tag","embeddable":true,"href":"https:\/\/hidroterm.dmcsrbija.com\/ru\/wp-json\/wp\/v2\/product_tag?post=16318"}],"curies":[{"name":"wp","href":"https:\/\/api.w.org\/{rel}","templated":true}]}}