{"id":16316,"date":"2025-07-15T10:59:59","date_gmt":"2025-07-15T08:59:59","guid":{"rendered":"https:\/\/foxit-technology.com\/proizvod\/cev-pex-al-pex-pestan\/"},"modified":"2025-07-15T11:00:01","modified_gmt":"2025-07-15T09:00:01","slug":"cev-pex-al-pex-pestan","status":"publish","type":"product","link":"https:\/\/hidroterm.dmcsrbija.com\/ru\/proizvod\/cev-pex-al-pex-pestan\/","title":{"rendered":"Cev pex-al-pex Pe\u0161tan"},"content":{"rendered":"<p>Pe\u0161tan pert-al-pert cevi koriste se za instalacije podnog ili radijatorskog grejanja i pija\u0107e vode. U zavisnosti od \u017eelje kupca, mogu biti u za\u0161titnoj cevi ili bez nje. Cev se mo\u017ee bezbedno koristiti u sistemima radijatorskog grejanja, gde u sistemu ima \u010deli\u010dnih komponenti koje lako oksidiraju. Cev je laka za ugradnju, lako se savija i ne lomi se.<\/p>","protected":false},"excerpt":{"rendered":"<p>Pe\u0161tan pert-al-pert cevi koriste se za instalacije podnog ili radijatorskog grejanja i pija\u0107e vode. U zavisnosti od \u017eelje kupca, mogu biti u za\u0161titnoj cevi ili bez nje. Cev se mo\u017ee bezbedno koristiti u sistemima radijatorskog grejanja, gde u sistemu ima \u010deli\u010dnih komponenti koje lako oksidiraju. Cev je laka za ugradnju, lako se savija i ne [&hellip;]<\/p>\n","protected":false},"featured_media":16317,"template":"","meta":[],"product_brand":[],"product_cat":[4272,4271],"product_tag":[],"class_list":{"0":"post-16316","1":"product","2":"type-product","3":"status-publish","4":"has-post-thumbnail","6":"product_cat-pex-al-pex-cevi","7":"product_cat-podno-grejanje","9":"first","10":"instock","11":"purchasable","12":"product-type-simple"},"_links":{"self":[{"href":"https:\/\/hidroterm.dmcsrbija.com\/ru\/wp-json\/wp\/v2\/product\/16316","targetHints":{"allow":["GET"]}}],"collection":[{"href":"https:\/\/hidroterm.dmcsrbija.com\/ru\/wp-json\/wp\/v2\/product"}],"about":[{"href":"https:\/\/hidroterm.dmcsrbija.com\/ru\/wp-json\/wp\/v2\/types\/product"}],"wp:featuredmedia":[{"embeddable":true,"href":"https:\/\/hidroterm.dmcsrbija.com\/ru\/wp-json\/wp\/v2\/media\/16317"}],"wp:attachment":[{"href":"https:\/\/hidroterm.dmcsrbija.com\/ru\/wp-json\/wp\/v2\/media?parent=16316"}],"wp:term":[{"taxonomy":"product_brand","embeddable":true,"href":"https:\/\/hidroterm.dmcsrbija.com\/ru\/wp-json\/wp\/v2\/product_brand?post=16316"},{"taxonomy":"product_cat","embeddable":true,"href":"https:\/\/hidroterm.dmcsrbija.com\/ru\/wp-json\/wp\/v2\/product_cat?post=16316"},{"taxonomy":"product_tag","embeddable":true,"href":"https:\/\/hidroterm.dmcsrbija.com\/ru\/wp-json\/wp\/v2\/product_tag?post=16316"}],"curies":[{"name":"wp","href":"https:\/\/api.w.org\/{rel}","templated":true}]}}