{"id":16314,"date":"2025-07-15T10:59:59","date_gmt":"2025-07-15T08:59:59","guid":{"rendered":"https:\/\/foxit-technology.com\/proizvod\/cev-pex-al-pex-nero\/"},"modified":"2025-07-15T11:00:01","modified_gmt":"2025-07-15T09:00:01","slug":"cev-pex-al-pex-nero","status":"publish","type":"product","link":"https:\/\/hidroterm.dmcsrbija.com\/ru\/proizvod\/cev-pex-al-pex-nero\/","title":{"rendered":"Cev pex-al-pex Nero"},"content":{"rendered":"<p>Pex al pex cevi, proizvedene u Gr\u010dkoj, predstavljaju jeftiniju varijantu cevi za podno grejanje. Vi\u0161eslojne cevi pre\u010dnika 16, 18, 20 i 26mm. Imaju dobar odnos cene i kvaliteta. Dva sloja polietilena, unutra\u0161nj i spolja\u0161nji, i jedan sloj aluminijuma, spojeni su slojevima lepka. Lagane, fleksibilne, jednostavne za krivljenje i na niskim temperaturama zadr\u017eavaju oblik. Ne prenose se \u0161umovi i zvuk po instalaciji.<\/p>","protected":false},"excerpt":{"rendered":"<p>Pex al pex cevi, proizvedene u Gr\u010dkoj, predstavljaju jeftiniju varijantu cevi za podno grejanje. Vi\u0161eslojne cevi pre\u010dnika 16, 18, 20 i 26mm. Imaju dobar odnos cene i kvaliteta. Dva sloja polietilena, unutra\u0161nj i spolja\u0161nji, i jedan sloj aluminijuma, spojeni su slojevima lepka. Lagane, fleksibilne, jednostavne za krivljenje i na niskim temperaturama zadr\u017eavaju oblik. Ne prenose [&hellip;]<\/p>\n","protected":false},"featured_media":16315,"template":"","meta":[],"product_brand":[],"product_cat":[4272,4271],"product_tag":[],"class_list":{"0":"post-16314","1":"product","2":"type-product","3":"status-publish","4":"has-post-thumbnail","6":"product_cat-pex-al-pex-cevi","7":"product_cat-podno-grejanje","9":"first","10":"instock","11":"purchasable","12":"product-type-simple"},"_links":{"self":[{"href":"https:\/\/hidroterm.dmcsrbija.com\/ru\/wp-json\/wp\/v2\/product\/16314","targetHints":{"allow":["GET"]}}],"collection":[{"href":"https:\/\/hidroterm.dmcsrbija.com\/ru\/wp-json\/wp\/v2\/product"}],"about":[{"href":"https:\/\/hidroterm.dmcsrbija.com\/ru\/wp-json\/wp\/v2\/types\/product"}],"wp:featuredmedia":[{"embeddable":true,"href":"https:\/\/hidroterm.dmcsrbija.com\/ru\/wp-json\/wp\/v2\/media\/16315"}],"wp:attachment":[{"href":"https:\/\/hidroterm.dmcsrbija.com\/ru\/wp-json\/wp\/v2\/media?parent=16314"}],"wp:term":[{"taxonomy":"product_brand","embeddable":true,"href":"https:\/\/hidroterm.dmcsrbija.com\/ru\/wp-json\/wp\/v2\/product_brand?post=16314"},{"taxonomy":"product_cat","embeddable":true,"href":"https:\/\/hidroterm.dmcsrbija.com\/ru\/wp-json\/wp\/v2\/product_cat?post=16314"},{"taxonomy":"product_tag","embeddable":true,"href":"https:\/\/hidroterm.dmcsrbija.com\/ru\/wp-json\/wp\/v2\/product_tag?post=16314"}],"curies":[{"name":"wp","href":"https:\/\/api.w.org\/{rel}","templated":true}]}}