{"id":16312,"date":"2025-07-15T10:59:59","date_gmt":"2025-07-15T08:59:59","guid":{"rendered":"https:\/\/foxit-technology.com\/proizvod\/bakarne-cevi-meke-gole-predizolovane\/"},"modified":"2025-10-08T10:40:45","modified_gmt":"2025-10-08T08:40:45","slug":"bakarne-cevi-meke-gole-predizolovane","status":"publish","type":"product","link":"https:\/\/hidroterm.dmcsrbija.com\/ru\/proizvod\/bakarne-cevi-meke-gole-predizolovane\/","title":{"rendered":"Bakarne cevi &#8211; meke &#8211; gole"},"content":{"rendered":"<p data-start=\"0\" data-end=\"32\"><strong data-start=\"0\" data-end=\"30\">Bakarne cevi \u2013 meke \u2013 gole<\/strong><\/p>\n<p data-start=\"34\" data-end=\"513\">Meke bakarne cevi u koturu predstavljaju savr\u0161en izbor za sisteme klimatizacije, zahvaljuju\u0107i izuzetnoj toplotnoj provodljivosti, savitljivosti i jednostavnoj ugradnji. Njihova fleksibilnost omogu\u0107ava lako savijanje i postavljanje bez potrebe za dodatnim spojnicama, \u0161to zna\u010dajno smanjuje rizik od curenja i pove\u0107ava efikasnost rashladnog sistema. Cevi su izra\u0111ene od <strong data-start=\"406\" data-end=\"433\">visokokvalitetnog bakra<\/strong>, sa debljinom zida od <strong data-start=\"456\" data-end=\"466\">0,8 mm<\/strong>, i dostupne su u koturu du\u017eine <strong data-start=\"498\" data-end=\"510\">5 metara<\/strong>.<\/p>\n<h3 data-start=\"515\" data-end=\"551\"><strong data-start=\"519\" data-end=\"549\">Bakarne cevi \u2013 meke \u2013 gole<\/strong><\/h3>\n<p data-start=\"553\" data-end=\"869\">Bakarne cevi su nezaobilazan element klimatizacionih i rashladnih sistema, poznate po svojoj otpornosti, dugotrajnosti i pouzdanosti u radu. Zbog odli\u010dne provodljivosti toplote i jednostavnog oblikovanja, ove cevi omogu\u0107avaju optimalne performanse i jednostavno povezivanje.<\/p>\n<h3 data-start=\"871\" data-end=\"903\"><strong data-start=\"875\" data-end=\"903\">Karakteristike proizvoda<\/strong><\/h3>\n<ul data-start=\"904\" data-end=\"1098\">\n<li data-start=\"904\" data-end=\"943\">\n<p data-start=\"906\" data-end=\"943\">Izra\u0111ene od visokokvalitetnog bakra<\/p>\n<\/li>\n<li data-start=\"944\" data-end=\"1006\">Lako savitljive i jednostavne za ugradnju<\/li>\n<li data-start=\"1053\" data-end=\"1098\">\n<p data-start=\"1055\" data-end=\"1098\">Otporne na koroziju i dugog veka trajanja<\/p>\n<\/li>\n<\/ul>\n<h3 data-start=\"1100\" data-end=\"1143\"><strong data-start=\"1104\" data-end=\"1141\">Za\u0161to odabrati meke bakarne cevi?<\/strong><\/h3>\n<p data-start=\"1144\" data-end=\"1440\">Meke bakarne cevi obezbe\u0111uju <strong data-start=\"1173\" data-end=\"1212\">visoku efikasnost u prenosu toplote<\/strong> i <strong data-start=\"1215\" data-end=\"1240\">maksimalnu pouzdanost<\/strong>. Njihova savitljivost omogu\u0107ava precizno postavljanje i minimalan broj spojeva, \u0161to doprinosi <strong data-start=\"1356\" data-end=\"1390\">boljoj energetskoj efikasnosti<\/strong> i <strong data-start=\"1393\" data-end=\"1437\">manjem riziku od curenja rashladnog gasa<\/strong>.<\/p>","protected":false},"excerpt":{"rendered":"<p>Meke bakarne cevi, debljine\u00a0 zida 0,8 mm i du\u017eine 5 m, idealne za klimatizacione i rashladne sisteme zahvaljuju\u0107i savitljivosti, lakoj ugradnji i izuzetnoj toplotnoj provodljivosti.<\/p>","protected":false},"featured_media":20996,"template":"","meta":[],"product_brand":[],"product_cat":[4270,4269],"product_tag":[],"class_list":{"0":"post-16312","1":"product","2":"type-product","3":"status-publish","4":"has-post-thumbnail","6":"product_cat-bakarne-cevi","7":"product_cat-bakarne-cevi-i-izolacija-za-cevi","8":"pa_dimenzije-127-x-008","9":"pa_dimenzije-1587-x-08","10":"pa_dimenzije-635-x-08","11":"pa_dimenzije-800-x-08","12":"pa_dimenzije-952-x-08","14":"first","15":"instock","16":"purchasable","17":"product-type-variable"},"_links":{"self":[{"href":"https:\/\/hidroterm.dmcsrbija.com\/ru\/wp-json\/wp\/v2\/product\/16312","targetHints":{"allow":["GET"]}}],"collection":[{"href":"https:\/\/hidroterm.dmcsrbija.com\/ru\/wp-json\/wp\/v2\/product"}],"about":[{"href":"https:\/\/hidroterm.dmcsrbija.com\/ru\/wp-json\/wp\/v2\/types\/product"}],"wp:featuredmedia":[{"embeddable":true,"href":"https:\/\/hidroterm.dmcsrbija.com\/ru\/wp-json\/wp\/v2\/media\/20996"}],"wp:attachment":[{"href":"https:\/\/hidroterm.dmcsrbija.com\/ru\/wp-json\/wp\/v2\/media?parent=16312"}],"wp:term":[{"taxonomy":"product_brand","embeddable":true,"href":"https:\/\/hidroterm.dmcsrbija.com\/ru\/wp-json\/wp\/v2\/product_brand?post=16312"},{"taxonomy":"product_cat","embeddable":true,"href":"https:\/\/hidroterm.dmcsrbija.com\/ru\/wp-json\/wp\/v2\/product_cat?post=16312"},{"taxonomy":"product_tag","embeddable":true,"href":"https:\/\/hidroterm.dmcsrbija.com\/ru\/wp-json\/wp\/v2\/product_tag?post=16312"}],"curies":[{"name":"wp","href":"https:\/\/api.w.org\/{rel}","templated":true}]}}