{"id":16306,"date":"2025-07-15T10:59:59","date_gmt":"2025-07-15T08:59:59","guid":{"rendered":"https:\/\/foxit-technology.com\/proizvod\/bosch-bojler-sa-i-izmenjivacem-i-elektro-grejacem-1500-t\/"},"modified":"2025-07-15T10:59:59","modified_gmt":"2025-07-15T08:59:59","slug":"bosch-bojler-sa-i-izmenjivacem-i-elektro-grejacem-1500-t","status":"publish","type":"product","link":"https:\/\/hidroterm.dmcsrbija.com\/ru\/proizvod\/bosch-bojler-sa-i-izmenjivacem-i-elektro-grejacem-1500-t\/","title":{"rendered":"Bosch bojler sa I izmenjiva\u010dem i elektro greja\u010dem 1500 T"},"content":{"rendered":"<p>Kombinovani bojleri Tronic 1500 pored elektro greja\u010da ima ugra\u0111en i dodatni izmenjiva\u010d toplote i namenjen je za serijsku monta\u017eu na sistem grejanja. Na raspolaganju su modeli zapremine od 80 do 150 litara, sa levim ili desnim priklju\u010dcima.<\/p>","protected":false},"excerpt":{"rendered":"<p>Kombinovani bojleri Tronic 1500 pored elektro greja\u010da ima ugra\u0111en i dodatni izmenjiva\u010d toplote i namenjen je za serijsku monta\u017eu na sistem grejanja. Na raspolaganju su modeli zapremine od 80 do 150 litara, sa levim ili desnim priklju\u010dcima.<\/p>","protected":false},"featured_media":16307,"template":"","meta":[],"product_brand":[4210],"product_cat":[4259,4261,4260],"product_tag":[],"class_list":{"0":"post-16306","1":"product","2":"type-product","3":"status-publish","4":"has-post-thumbnail","6":"product_brand-bosch","7":"product_cat-bojleri-i-akumulatori-toplote","8":"product_cat-bojleri-od-emajla","9":"product_cat-bojleri-za-kuhinju-i-kupatilo","11":"first","12":"instock","13":"purchasable","14":"product-type-simple"},"_links":{"self":[{"href":"https:\/\/hidroterm.dmcsrbija.com\/ru\/wp-json\/wp\/v2\/product\/16306","targetHints":{"allow":["GET"]}}],"collection":[{"href":"https:\/\/hidroterm.dmcsrbija.com\/ru\/wp-json\/wp\/v2\/product"}],"about":[{"href":"https:\/\/hidroterm.dmcsrbija.com\/ru\/wp-json\/wp\/v2\/types\/product"}],"wp:featuredmedia":[{"embeddable":true,"href":"https:\/\/hidroterm.dmcsrbija.com\/ru\/wp-json\/wp\/v2\/media\/16307"}],"wp:attachment":[{"href":"https:\/\/hidroterm.dmcsrbija.com\/ru\/wp-json\/wp\/v2\/media?parent=16306"}],"wp:term":[{"taxonomy":"product_brand","embeddable":true,"href":"https:\/\/hidroterm.dmcsrbija.com\/ru\/wp-json\/wp\/v2\/product_brand?post=16306"},{"taxonomy":"product_cat","embeddable":true,"href":"https:\/\/hidroterm.dmcsrbija.com\/ru\/wp-json\/wp\/v2\/product_cat?post=16306"},{"taxonomy":"product_tag","embeddable":true,"href":"https:\/\/hidroterm.dmcsrbija.com\/ru\/wp-json\/wp\/v2\/product_tag?post=16306"}],"curies":[{"name":"wp","href":"https:\/\/api.w.org\/{rel}","templated":true}]}}