{"id":16304,"date":"2025-07-15T10:59:59","date_gmt":"2025-07-15T08:59:59","guid":{"rendered":"https:\/\/foxit-technology.com\/proizvod\/bosch-bojler-spoljna-reg-suvi-grejac-tronic-8000-t\/"},"modified":"2025-07-15T10:59:59","modified_gmt":"2025-07-15T08:59:59","slug":"bosch-bojler-spoljna-reg-suvi-grejac-tronic-8000-t","status":"publish","type":"product","link":"https:\/\/hidroterm.dmcsrbija.com\/ru\/proizvod\/bosch-bojler-spoljna-reg-suvi-grejac-tronic-8000-t\/","title":{"rendered":"Bosch bojler spoljna reg. suvi greja\u010d Tronic 8000 T"},"content":{"rendered":"<p>Bosch Tronic basic modeli bojlera namenjeni su zagrevanju sanitarne vode. Radni pritisak je 8bara a monitraju se na zid. Ure\u0111aj raspola\u017ee ugra\u0111enom napravom za za\u0161titu od pregrevanja koji isklju\u010duje greja\u010d sa elektro mre\u017ee kada temperatura dostigne visoku vrednost. Istovremeno, nepovratni za\u0161titni ventil spre\u010dava potpuno pra\u017enjenje ure\u0111aja kod zatvaranja dovoda hladne vode iz vodovodne mre\u017ee.<\/p>","protected":false},"excerpt":{"rendered":"<p>Bosch Tronic basic modeli bojlera namenjeni su zagrevanju sanitarne vode. Radni pritisak je 8bara a monitraju se na zid. Ure\u0111aj raspola\u017ee ugra\u0111enom napravom za za\u0161titu od pregrevanja koji isklju\u010duje greja\u010d sa elektro mre\u017ee kada temperatura dostigne visoku vrednost. Istovremeno, nepovratni za\u0161titni ventil spre\u010dava potpuno pra\u017enjenje ure\u0111aja kod zatvaranja dovoda hladne vode iz vodovodne mre\u017ee.<\/p>","protected":false},"featured_media":16305,"template":"","meta":[],"product_brand":[4210],"product_cat":[4259,4261,4260],"product_tag":[],"class_list":{"0":"post-16304","1":"product","2":"type-product","3":"status-publish","4":"has-post-thumbnail","6":"product_brand-bosch","7":"product_cat-bojleri-i-akumulatori-toplote","8":"product_cat-bojleri-od-emajla","9":"product_cat-bojleri-za-kuhinju-i-kupatilo","11":"first","12":"instock","13":"purchasable","14":"product-type-simple"},"_links":{"self":[{"href":"https:\/\/hidroterm.dmcsrbija.com\/ru\/wp-json\/wp\/v2\/product\/16304","targetHints":{"allow":["GET"]}}],"collection":[{"href":"https:\/\/hidroterm.dmcsrbija.com\/ru\/wp-json\/wp\/v2\/product"}],"about":[{"href":"https:\/\/hidroterm.dmcsrbija.com\/ru\/wp-json\/wp\/v2\/types\/product"}],"wp:featuredmedia":[{"embeddable":true,"href":"https:\/\/hidroterm.dmcsrbija.com\/ru\/wp-json\/wp\/v2\/media\/16305"}],"wp:attachment":[{"href":"https:\/\/hidroterm.dmcsrbija.com\/ru\/wp-json\/wp\/v2\/media?parent=16304"}],"wp:term":[{"taxonomy":"product_brand","embeddable":true,"href":"https:\/\/hidroterm.dmcsrbija.com\/ru\/wp-json\/wp\/v2\/product_brand?post=16304"},{"taxonomy":"product_cat","embeddable":true,"href":"https:\/\/hidroterm.dmcsrbija.com\/ru\/wp-json\/wp\/v2\/product_cat?post=16304"},{"taxonomy":"product_tag","embeddable":true,"href":"https:\/\/hidroterm.dmcsrbija.com\/ru\/wp-json\/wp\/v2\/product_tag?post=16304"}],"curies":[{"name":"wp","href":"https:\/\/api.w.org\/{rel}","templated":true}]}}