{"id":16300,"date":"2025-07-15T10:59:48","date_gmt":"2025-07-15T08:59:48","guid":{"rendered":"https:\/\/foxit-technology.com\/proizvod\/burnit-toplotna-pumpa-bojler\/"},"modified":"2025-07-15T10:59:55","modified_gmt":"2025-07-15T08:59:55","slug":"burnit-toplotna-pumpa-bojler","status":"publish","type":"product","link":"https:\/\/hidroterm.dmcsrbija.com\/ru\/proizvod\/burnit-toplotna-pumpa-bojler\/","title":{"rendered":"Burnit Toplotna pumpa &#8211; bojler"},"content":{"rendered":"<p>TDB C-S bojler je kompaktan ure\u0111aj koji koristi aerotermi\u010dku energiju. Izvla\u010di toplotu iz okolnog vazduha, oja\u010dava i prenosi ga u vodu u rezervoaru. Ure\u0111aj se instalira u ne-stambene prostorije sa stalnim pristupom sve\u017eem vazduhu. Dodatni izmenjiva\u010d toplote omoguc\u0301ava kori\u0161c\u0301enje energije iz razli\u010ditih spoljnih izvora toplote.<\/p>","protected":false},"excerpt":{"rendered":"<p>TDB C-S bojler je kompaktan ure\u0111aj koji koristi aerotermi\u010dku energiju. Izvla\u010di toplotu iz okolnog vazduha, oja\u010dava i prenosi ga u vodu u rezervoaru. Ure\u0111aj se instalira u ne-stambene prostorije sa stalnim pristupom sve\u017eem vazduhu. Dodatni izmenjiva\u010d toplote omoguc\u0301ava kori\u0161c\u0301enje energije iz razli\u010ditih spoljnih izvora toplote.<\/p>","protected":false},"featured_media":16301,"template":"","meta":[],"product_brand":[4201],"product_cat":[4267,4259],"product_tag":[],"class_list":{"0":"post-16300","1":"product","2":"type-product","3":"status-publish","4":"has-post-thumbnail","6":"product_brand-sunsystem","7":"product_cat-akumulatori-toplote","8":"product_cat-bojleri-i-akumulatori-toplote","10":"first","11":"instock","12":"purchasable","13":"product-type-simple"},"_links":{"self":[{"href":"https:\/\/hidroterm.dmcsrbija.com\/ru\/wp-json\/wp\/v2\/product\/16300","targetHints":{"allow":["GET"]}}],"collection":[{"href":"https:\/\/hidroterm.dmcsrbija.com\/ru\/wp-json\/wp\/v2\/product"}],"about":[{"href":"https:\/\/hidroterm.dmcsrbija.com\/ru\/wp-json\/wp\/v2\/types\/product"}],"wp:featuredmedia":[{"embeddable":true,"href":"https:\/\/hidroterm.dmcsrbija.com\/ru\/wp-json\/wp\/v2\/media\/16301"}],"wp:attachment":[{"href":"https:\/\/hidroterm.dmcsrbija.com\/ru\/wp-json\/wp\/v2\/media?parent=16300"}],"wp:term":[{"taxonomy":"product_brand","embeddable":true,"href":"https:\/\/hidroterm.dmcsrbija.com\/ru\/wp-json\/wp\/v2\/product_brand?post=16300"},{"taxonomy":"product_cat","embeddable":true,"href":"https:\/\/hidroterm.dmcsrbija.com\/ru\/wp-json\/wp\/v2\/product_cat?post=16300"},{"taxonomy":"product_tag","embeddable":true,"href":"https:\/\/hidroterm.dmcsrbija.com\/ru\/wp-json\/wp\/v2\/product_tag?post=16300"}],"curies":[{"name":"wp","href":"https:\/\/api.w.org\/{rel}","templated":true}]}}