{"id":16294,"date":"2025-07-15T10:59:48","date_gmt":"2025-07-15T08:59:48","guid":{"rendered":"https:\/\/foxit-technology.com\/proizvod\/burnit-akumulator-toplote\/"},"modified":"2025-07-15T10:59:54","modified_gmt":"2025-07-15T08:59:54","slug":"burnit-akumulator-toplote","status":"publish","type":"product","link":"https:\/\/hidroterm.dmcsrbija.com\/ru\/proizvod\/burnit-akumulator-toplote\/","title":{"rendered":"Burnit Akumulator toplote"},"content":{"rendered":"<p>Burnit akumulator toplote akumulira toplotu koju stvara kotao, preporu\u010duje se za svaki sistem grejanja. Osigurava optimalni re\u017eim rada kotla, obezbe\u0111uju\u0107i njegovo funkcionisanje nominalnom izlaznom snagom, \u010dak i kada sistem grejanja ne zahteva svu toplotnu energiju proizvedenu na taj na\u010din. Proizvodena toplota se akumulira i \u010duva unutar rezervoara i mo\u017ee se koristiti \u010dak i kada se kotao ohladi. Bez izmenjiva\u010da.<\/p>","protected":false},"excerpt":{"rendered":"<p>Burnit akumulator toplote akumulira toplotu koju stvara kotao, preporu\u010duje se za svaki sistem grejanja. Osigurava optimalni re\u017eim rada kotla, obezbe\u0111uju\u0107i njegovo funkcionisanje nominalnom izlaznom snagom, \u010dak i kada sistem grejanja ne zahteva svu toplotnu energiju proizvedenu na taj na\u010din. Proizvodena toplota se akumulira i \u010duva unutar rezervoara i mo\u017ee se koristiti \u010dak i kada se [&hellip;]<\/p>\n","protected":false},"featured_media":16295,"template":"","meta":[],"product_brand":[4201],"product_cat":[4267,4259],"product_tag":[],"class_list":{"0":"post-16294","1":"product","2":"type-product","3":"status-publish","4":"has-post-thumbnail","6":"product_brand-sunsystem","7":"product_cat-akumulatori-toplote","8":"product_cat-bojleri-i-akumulatori-toplote","10":"first","11":"instock","12":"purchasable","13":"product-type-simple"},"_links":{"self":[{"href":"https:\/\/hidroterm.dmcsrbija.com\/ru\/wp-json\/wp\/v2\/product\/16294","targetHints":{"allow":["GET"]}}],"collection":[{"href":"https:\/\/hidroterm.dmcsrbija.com\/ru\/wp-json\/wp\/v2\/product"}],"about":[{"href":"https:\/\/hidroterm.dmcsrbija.com\/ru\/wp-json\/wp\/v2\/types\/product"}],"wp:featuredmedia":[{"embeddable":true,"href":"https:\/\/hidroterm.dmcsrbija.com\/ru\/wp-json\/wp\/v2\/media\/16295"}],"wp:attachment":[{"href":"https:\/\/hidroterm.dmcsrbija.com\/ru\/wp-json\/wp\/v2\/media?parent=16294"}],"wp:term":[{"taxonomy":"product_brand","embeddable":true,"href":"https:\/\/hidroterm.dmcsrbija.com\/ru\/wp-json\/wp\/v2\/product_brand?post=16294"},{"taxonomy":"product_cat","embeddable":true,"href":"https:\/\/hidroterm.dmcsrbija.com\/ru\/wp-json\/wp\/v2\/product_cat?post=16294"},{"taxonomy":"product_tag","embeddable":true,"href":"https:\/\/hidroterm.dmcsrbija.com\/ru\/wp-json\/wp\/v2\/product_tag?post=16294"}],"curies":[{"name":"wp","href":"https:\/\/api.w.org\/{rel}","templated":true}]}}