{"id":16292,"date":"2025-07-15T10:59:48","date_gmt":"2025-07-15T08:59:48","guid":{"rendered":"https:\/\/foxit-technology.com\/proizvod\/burnit-bojler-sa-2-izmenjivaca-bez-el-grejaca\/"},"modified":"2025-07-15T10:59:53","modified_gmt":"2025-07-15T08:59:53","slug":"burnit-bojler-sa-2-izmenjivaca-bez-el-grejaca","status":"publish","type":"product","link":"https:\/\/hidroterm.dmcsrbija.com\/ru\/proizvod\/burnit-bojler-sa-2-izmenjivaca-bez-el-grejaca\/","title":{"rendered":"Burnit bojler sa 2 izmenjiva\u010da bez el. greja\u010da"},"content":{"rendered":"<p>Za podnu monta\u017eu. Za direktno\/indirektno grejanje. Pogodno za solarno grejanje ili\/i grejanje prostora.<\/p>","protected":false},"excerpt":{"rendered":"<p>Za podnu monta\u017eu. Za direktno\/indirektno grejanje. Pogodno za solarno grejanje ili\/i grejanje prostora.<\/p>","protected":false},"featured_media":16293,"template":"","meta":[],"product_brand":[4201],"product_cat":[4259,4264],"product_tag":[],"class_list":{"0":"post-16292","1":"product","2":"type-product","3":"status-publish","4":"has-post-thumbnail","6":"product_brand-sunsystem","7":"product_cat-bojleri-i-akumulatori-toplote","8":"product_cat-centralni-bojleri","10":"first","11":"instock","12":"purchasable","13":"product-type-simple"},"_links":{"self":[{"href":"https:\/\/hidroterm.dmcsrbija.com\/ru\/wp-json\/wp\/v2\/product\/16292","targetHints":{"allow":["GET"]}}],"collection":[{"href":"https:\/\/hidroterm.dmcsrbija.com\/ru\/wp-json\/wp\/v2\/product"}],"about":[{"href":"https:\/\/hidroterm.dmcsrbija.com\/ru\/wp-json\/wp\/v2\/types\/product"}],"wp:featuredmedia":[{"embeddable":true,"href":"https:\/\/hidroterm.dmcsrbija.com\/ru\/wp-json\/wp\/v2\/media\/16293"}],"wp:attachment":[{"href":"https:\/\/hidroterm.dmcsrbija.com\/ru\/wp-json\/wp\/v2\/media?parent=16292"}],"wp:term":[{"taxonomy":"product_brand","embeddable":true,"href":"https:\/\/hidroterm.dmcsrbija.com\/ru\/wp-json\/wp\/v2\/product_brand?post=16292"},{"taxonomy":"product_cat","embeddable":true,"href":"https:\/\/hidroterm.dmcsrbija.com\/ru\/wp-json\/wp\/v2\/product_cat?post=16292"},{"taxonomy":"product_tag","embeddable":true,"href":"https:\/\/hidroterm.dmcsrbija.com\/ru\/wp-json\/wp\/v2\/product_tag?post=16292"}],"curies":[{"name":"wp","href":"https:\/\/api.w.org\/{rel}","templated":true}]}}