{"id":16290,"date":"2025-07-15T10:59:48","date_gmt":"2025-07-15T08:59:48","guid":{"rendered":"https:\/\/foxit-technology.com\/proizvod\/bojler-drazice-emajl-stojeci-sa-izmenjivacima\/"},"modified":"2025-07-15T10:59:53","modified_gmt":"2025-07-15T08:59:53","slug":"bojler-drazice-emajl-stojeci-sa-izmenjivacima","status":"publish","type":"product","link":"https:\/\/hidroterm.dmcsrbija.com\/ru\/proizvod\/bojler-drazice-emajl-stojeci-sa-izmenjivacima\/","title":{"rendered":"Bojler Dra\u017eice &#8211; emajl stoje\u0107i sa izmenjiva\u010dima"},"content":{"rendered":"<p>Dra\u017eice je \u010de\u0161ki proizvo\u0111a\u010d bojlera. Dra\u017eice bojleri izra\u0111eni od kvalitetnog \u010deli\u010dnog lima. Unutra\u0161nji sud bojlera je za\u0161ti\u0107en najkvalitetnijim emajlom. Bojleri DRA\u017dICE namenjeni su za sva mesta gde je potrebno obezbediti toplu sanitarnu vodu uz minimalnu potro\u0161nju. Njihovi primarni greja\u010di su sna\u017eni toplovodni izmenjiva\u010d koji se oslanjaju na neki drugi izvor toplote (kotao, solarni sistem, toplotna pumpa). Rade po sli\u010dnom principu kao i proto\u010dni bojleri.<\/p>","protected":false},"excerpt":{"rendered":"<p>Dra\u017eice je \u010de\u0161ki proizvo\u0111a\u010d bojlera. Dra\u017eice bojleri izra\u0111eni od kvalitetnog \u010deli\u010dnog lima. Unutra\u0161nji sud bojlera je za\u0161ti\u0107en najkvalitetnijim emajlom. Bojleri DRA\u017dICE namenjeni su za sva mesta gde je potrebno obezbediti toplu sanitarnu vodu uz minimalnu potro\u0161nju. Njihovi primarni greja\u010di su sna\u017eni toplovodni izmenjiva\u010d koji se oslanjaju na neki drugi izvor toplote (kotao, solarni sistem, toplotna [&hellip;]<\/p>\n","protected":false},"featured_media":16291,"template":"","meta":[],"product_brand":[4266],"product_cat":[4259,4264],"product_tag":[],"class_list":{"0":"post-16290","1":"product","2":"type-product","3":"status-publish","4":"has-post-thumbnail","6":"product_brand-drazice","7":"product_cat-bojleri-i-akumulatori-toplote","8":"product_cat-centralni-bojleri","10":"first","11":"instock","12":"purchasable","13":"product-type-simple"},"_links":{"self":[{"href":"https:\/\/hidroterm.dmcsrbija.com\/ru\/wp-json\/wp\/v2\/product\/16290","targetHints":{"allow":["GET"]}}],"collection":[{"href":"https:\/\/hidroterm.dmcsrbija.com\/ru\/wp-json\/wp\/v2\/product"}],"about":[{"href":"https:\/\/hidroterm.dmcsrbija.com\/ru\/wp-json\/wp\/v2\/types\/product"}],"wp:featuredmedia":[{"embeddable":true,"href":"https:\/\/hidroterm.dmcsrbija.com\/ru\/wp-json\/wp\/v2\/media\/16291"}],"wp:attachment":[{"href":"https:\/\/hidroterm.dmcsrbija.com\/ru\/wp-json\/wp\/v2\/media?parent=16290"}],"wp:term":[{"taxonomy":"product_brand","embeddable":true,"href":"https:\/\/hidroterm.dmcsrbija.com\/ru\/wp-json\/wp\/v2\/product_brand?post=16290"},{"taxonomy":"product_cat","embeddable":true,"href":"https:\/\/hidroterm.dmcsrbija.com\/ru\/wp-json\/wp\/v2\/product_cat?post=16290"},{"taxonomy":"product_tag","embeddable":true,"href":"https:\/\/hidroterm.dmcsrbija.com\/ru\/wp-json\/wp\/v2\/product_tag?post=16290"}],"curies":[{"name":"wp","href":"https:\/\/api.w.org\/{rel}","templated":true}]}}