{"id":16288,"date":"2025-07-15T10:59:48","date_gmt":"2025-07-15T08:59:48","guid":{"rendered":"https:\/\/foxit-technology.com\/proizvod\/izmenjivac-za-termorad-bojlere\/"},"modified":"2025-07-15T10:59:53","modified_gmt":"2025-07-15T08:59:53","slug":"izmenjivac-za-termorad-bojlere","status":"publish","type":"product","link":"https:\/\/hidroterm.dmcsrbija.com\/ru\/proizvod\/izmenjivac-za-termorad-bojlere\/","title":{"rendered":"Izmenjiva\u010d za Termorad bojlere"},"content":{"rendered":"<p>Ugradnjom izmenjiva\u010da toplote mo\u017eete na najjednostavniji na\u010din Va\u0161 postoje\u0107i bojler priklju\u010diti na solarni ili sistem centralnog grejanja, \u010dime \u0107ete uz vrlo mala nov\u010dana ulaganja posti\u0107i znatne u\u0161tede u potro\u0161nji elektri\u010dne energije. Potrebno je samo da umesto greja\u010da postavite izmenjiva\u010d toplote ID-14 ili ID-15 koji pored cevnog izmenjiva\u010da sadr\u017ei i elektri\u010dni greja\u010d, \u0161to zna\u010di da mo\u017eete birati na\u010din zagrevanja vode u bojleru. Ova dva modela izmenjiva\u010da su oblikom i dimenzijama identi\u010dni, razlikuju\u0107i se jedino po materijalu izrade. ID-14 poseduje bakarni cevni izmenjiva\u010d i elektri\u010dni greja\u010d, dok su izmenjiva\u010di toplote ID-15 potpuno od prohroma i ugra\u0111uju se prvenstveno u bojlere sa prohromskim kazanom.<\/p>","protected":false},"excerpt":{"rendered":"<p>Ugradnjom izmenjiva\u010da toplote mo\u017eete na najjednostavniji na\u010din Va\u0161 postoje\u0107i bojler priklju\u010diti na solarni ili sistem centralnog grejanja, \u010dime \u0107ete uz vrlo mala nov\u010dana ulaganja posti\u0107i znatne u\u0161tede u potro\u0161nji elektri\u010dne energije. Potrebno je samo da umesto greja\u010da postavite izmenjiva\u010d toplote ID-14 ili ID-15 koji pored cevnog izmenjiva\u010da sadr\u017ei i elektri\u010dni greja\u010d, \u0161to zna\u010di da mo\u017eete [&hellip;]<\/p>\n","protected":false},"featured_media":16289,"template":"","meta":[],"product_brand":[4262],"product_cat":[4259,4265],"product_tag":[],"class_list":{"0":"post-16288","1":"product","2":"type-product","3":"status-publish","4":"has-post-thumbnail","6":"product_brand-termorad","7":"product_cat-bojleri-i-akumulatori-toplote","8":"product_cat-rezervni-delovi-za-bojlere","10":"first","11":"instock","12":"purchasable","13":"product-type-simple"},"_links":{"self":[{"href":"https:\/\/hidroterm.dmcsrbija.com\/ru\/wp-json\/wp\/v2\/product\/16288","targetHints":{"allow":["GET"]}}],"collection":[{"href":"https:\/\/hidroterm.dmcsrbija.com\/ru\/wp-json\/wp\/v2\/product"}],"about":[{"href":"https:\/\/hidroterm.dmcsrbija.com\/ru\/wp-json\/wp\/v2\/types\/product"}],"wp:featuredmedia":[{"embeddable":true,"href":"https:\/\/hidroterm.dmcsrbija.com\/ru\/wp-json\/wp\/v2\/media\/16289"}],"wp:attachment":[{"href":"https:\/\/hidroterm.dmcsrbija.com\/ru\/wp-json\/wp\/v2\/media?parent=16288"}],"wp:term":[{"taxonomy":"product_brand","embeddable":true,"href":"https:\/\/hidroterm.dmcsrbija.com\/ru\/wp-json\/wp\/v2\/product_brand?post=16288"},{"taxonomy":"product_cat","embeddable":true,"href":"https:\/\/hidroterm.dmcsrbija.com\/ru\/wp-json\/wp\/v2\/product_cat?post=16288"},{"taxonomy":"product_tag","embeddable":true,"href":"https:\/\/hidroterm.dmcsrbija.com\/ru\/wp-json\/wp\/v2\/product_tag?post=16288"}],"curies":[{"name":"wp","href":"https:\/\/api.w.org\/{rel}","templated":true}]}}