{"id":16286,"date":"2025-07-15T10:59:48","date_gmt":"2025-07-15T08:59:48","guid":{"rendered":"https:\/\/foxit-technology.com\/proizvod\/termorad-bojler-prohrom-sa-dva-izmenjivaca\/"},"modified":"2026-03-18T14:33:57","modified_gmt":"2026-03-18T13:33:57","slug":"termorad-bojler-prohrom-sa-dva-izmenjivaca","status":"publish","type":"product","link":"https:\/\/hidroterm.dmcsrbija.com\/ru\/proizvod\/termorad-bojler-prohrom-sa-dva-izmenjivaca\/","title":{"rendered":"Termorad bojler &#8211; prohrom sa dva izmenjiva\u010da"},"content":{"rendered":"<p>Termorad prohromski kombinovani bojleri velike litra\u017ee sa dva izmenjiva\u010dem toplote proizvode se u zapreminama od 200, 280 i 500 litara. Pored elektri\u010dnog greja\u010da imaju ugra\u0111ena dva cevna izmenjiva\u010da toplote, tako da se istovremeno voda mo\u017ee zagrevati kori\u0161\u0107enjem elektri\u010dne, solarne i energije iz sistema eta\u017enog grejanja. Naime, topla voda iz sistema eta\u017enog grejanja i\/ili solarnog kolektora prolazi kroz spiralni izmenjiva\u010d i osloba\u0111anjem toplote zagreva vodu u samom bojleru. Ujedno, voda se mo\u017ee zagrevati aktiviranjem elektri\u010dnog greja\u010da snage 6 Kw. Troslojna izolacija kazana debljine 75mm obezbe\u0111uje br\u017ee zagrevanje vode, smanjuje rasipanja toplote i pove\u0107ava otpornost ure\u0111aja na sve vrste spoljnih uticaja. Pored toga \u0161to obezbe\u0111uju maksimalne u\u0161tede u potro\u0161nji elektri\u010dne energije, kombinovani Termorad bojleri velike litra\u017ee svojim inovativnim izgledom zadovoljavaju estetske kriterijume i najzahtevnijih korisnika.<\/p>","protected":false},"excerpt":{"rendered":"<p>Termorad prohromski kombinovani bojleri velike litra\u017ee sa dva izmenjiva\u010dem toplote proizvode se u zapreminama od 200, 280 i 500 litara. Pored elektri\u010dnog greja\u010da imaju ugra\u0111ena dva cevna izmenjiva\u010da toplote, tako da se istovremeno voda mo\u017ee zagrevati kori\u0161\u0107enjem elektri\u010dne, solarne i energije iz sistema eta\u017enog grejanja. Naime, topla voda iz sistema eta\u017enog grejanja i\/ili solarnog kolektora [&hellip;]<\/p>\n","protected":false},"featured_media":16287,"template":"","meta":[],"product_brand":[4262],"product_cat":[4259,4264],"product_tag":[],"class_list":{"0":"post-16286","1":"product","2":"type-product","3":"status-publish","4":"has-post-thumbnail","6":"product_brand-termorad","7":"product_cat-bojleri-i-akumulatori-toplote","8":"product_cat-centralni-bojleri","10":"first","11":"instock","12":"purchasable","13":"product-type-simple"},"_links":{"self":[{"href":"https:\/\/hidroterm.dmcsrbija.com\/ru\/wp-json\/wp\/v2\/product\/16286","targetHints":{"allow":["GET"]}}],"collection":[{"href":"https:\/\/hidroterm.dmcsrbija.com\/ru\/wp-json\/wp\/v2\/product"}],"about":[{"href":"https:\/\/hidroterm.dmcsrbija.com\/ru\/wp-json\/wp\/v2\/types\/product"}],"wp:featuredmedia":[{"embeddable":true,"href":"https:\/\/hidroterm.dmcsrbija.com\/ru\/wp-json\/wp\/v2\/media\/16287"}],"wp:attachment":[{"href":"https:\/\/hidroterm.dmcsrbija.com\/ru\/wp-json\/wp\/v2\/media?parent=16286"}],"wp:term":[{"taxonomy":"product_brand","embeddable":true,"href":"https:\/\/hidroterm.dmcsrbija.com\/ru\/wp-json\/wp\/v2\/product_brand?post=16286"},{"taxonomy":"product_cat","embeddable":true,"href":"https:\/\/hidroterm.dmcsrbija.com\/ru\/wp-json\/wp\/v2\/product_cat?post=16286"},{"taxonomy":"product_tag","embeddable":true,"href":"https:\/\/hidroterm.dmcsrbija.com\/ru\/wp-json\/wp\/v2\/product_tag?post=16286"}],"curies":[{"name":"wp","href":"https:\/\/api.w.org\/{rel}","templated":true}]}}