{"id":16274,"date":"2025-07-15T10:59:48","date_gmt":"2025-07-15T08:59:48","guid":{"rendered":"https:\/\/foxit-technology.com\/proizvod\/burnit-solarni-set\/"},"modified":"2025-07-15T10:59:50","modified_gmt":"2025-07-15T08:59:50","slug":"burnit-solarni-set","status":"publish","type":"product","link":"https:\/\/hidroterm.dmcsrbija.com\/ru\/proizvod\/burnit-solarni-set\/","title":{"rendered":"Burnit solarni set"},"content":{"rendered":"<p>Solarni set se sastoji od dva plo\u010dasta solarna kolektora i bojlerom sa solarnim izmenjiva\u010dem zapremine 300 l. Obim isporuke Solarnog seta SON S002 200 ili 300l Solarni bojler 200l ili 300l sa dva izmenjiva\u010da &#8211; 1 kom Plo\u010dasti solarni kolektor PK &#8211; 2 kom Nosa\u010d solarnog kolektora &#8211; 2 kom Solarna pumpna grupa &#8211; 1 kom Upravlja\u010dka jedinica &#8211; 1 kom Flekson i Glikol (fluid)<\/p>","protected":false},"excerpt":{"rendered":"<p>Solarni set se sastoji od dva plo\u010dasta solarna kolektora i bojlerom sa solarnim izmenjiva\u010dem zapremine 300 l. Obim isporuke Solarnog seta SON S002 200 ili 300l Solarni bojler 200l ili 300l sa dva izmenjiva\u010da &#8211; 1 kom Plo\u010dasti solarni kolektor PK &#8211; 2 kom Nosa\u010d solarnog kolektora &#8211; 2 kom Solarna pumpna grupa &#8211; 1 [&hellip;]<\/p>\n","protected":false},"featured_media":16275,"template":"","meta":[],"product_brand":[4201],"product_cat":[4253,4255],"product_tag":[],"class_list":{"0":"post-16274","1":"product","2":"type-product","3":"status-publish","4":"has-post-thumbnail","6":"product_brand-sunsystem","7":"product_cat-solarni-kolektori","8":"product_cat-solarni-setovi","10":"first","11":"instock","12":"purchasable","13":"product-type-simple"},"_links":{"self":[{"href":"https:\/\/hidroterm.dmcsrbija.com\/ru\/wp-json\/wp\/v2\/product\/16274","targetHints":{"allow":["GET"]}}],"collection":[{"href":"https:\/\/hidroterm.dmcsrbija.com\/ru\/wp-json\/wp\/v2\/product"}],"about":[{"href":"https:\/\/hidroterm.dmcsrbija.com\/ru\/wp-json\/wp\/v2\/types\/product"}],"wp:featuredmedia":[{"embeddable":true,"href":"https:\/\/hidroterm.dmcsrbija.com\/ru\/wp-json\/wp\/v2\/media\/16275"}],"wp:attachment":[{"href":"https:\/\/hidroterm.dmcsrbija.com\/ru\/wp-json\/wp\/v2\/media?parent=16274"}],"wp:term":[{"taxonomy":"product_brand","embeddable":true,"href":"https:\/\/hidroterm.dmcsrbija.com\/ru\/wp-json\/wp\/v2\/product_brand?post=16274"},{"taxonomy":"product_cat","embeddable":true,"href":"https:\/\/hidroterm.dmcsrbija.com\/ru\/wp-json\/wp\/v2\/product_cat?post=16274"},{"taxonomy":"product_tag","embeddable":true,"href":"https:\/\/hidroterm.dmcsrbija.com\/ru\/wp-json\/wp\/v2\/product_tag?post=16274"}],"curies":[{"name":"wp","href":"https:\/\/api.w.org\/{rel}","templated":true}]}}