{"id":16272,"date":"2025-07-15T10:59:48","date_gmt":"2025-07-15T08:59:48","guid":{"rendered":"https:\/\/foxit-technology.com\/proizvod\/solarni-kolektor-camel-vakuumski\/"},"modified":"2025-07-15T10:59:49","modified_gmt":"2025-07-15T08:59:49","slug":"solarni-kolektor-camel-vakuumski","status":"publish","type":"product","link":"https:\/\/hidroterm.dmcsrbija.com\/ru\/proizvod\/solarni-kolektor-camel-vakuumski\/","title":{"rendered":"Solarni kolektor Camel vakuumski"},"content":{"rendered":"<p>Solarni kolektori se sastoje od 10 vakumiranih cevi sa visoko efikasnim selektivnim premazom. Staklena cev u unutra\u0161njosti ima PVD (fizicki depozit pare) selektivni premaz koji pove\u0107ava apsorpciju cevi. U unutra\u0161njosti staklene cevi se nalaze bakarne cevi tipa U. Ove cevi su zavarene na dodatni apsorber. Apsorber ima svoj sopstveni patentirani selektivni premaz koji pove\u0107ava prenos toplote na bakarne cevi i slanje toplote ka te\u010dnosti za prenos toplote. Bakarne cevi tipa U spajaju dve odvojene grane koje su pa\u017eljivo sme\u0161tene u kutiju od eloksiranog aluminijuma i izolovane kamenom vunom velike gustine.<\/p>","protected":false},"excerpt":{"rendered":"<p>Solarni kolektori se sastoje od 10 vakumiranih cevi sa visoko efikasnim selektivnim premazom. Staklena cev u unutra\u0161njosti ima PVD (fizicki depozit pare) selektivni premaz koji pove\u0107ava apsorpciju cevi. U unutra\u0161njosti staklene cevi se nalaze bakarne cevi tipa U. Ove cevi su zavarene na dodatni apsorber. Apsorber ima svoj sopstveni patentirani selektivni premaz koji pove\u0107ava prenos [&hellip;]<\/p>\n","protected":false},"featured_media":16273,"template":"","meta":[],"product_brand":[4256],"product_cat":[4253,4254],"product_tag":[],"class_list":{"0":"post-16272","1":"product","2":"type-product","3":"status-publish","4":"has-post-thumbnail","6":"product_brand-camel","7":"product_cat-solarni-kolektori","8":"product_cat-solarni-kolektori-solarni-kolektori","10":"first","11":"instock","12":"purchasable","13":"product-type-simple"},"_links":{"self":[{"href":"https:\/\/hidroterm.dmcsrbija.com\/ru\/wp-json\/wp\/v2\/product\/16272","targetHints":{"allow":["GET"]}}],"collection":[{"href":"https:\/\/hidroterm.dmcsrbija.com\/ru\/wp-json\/wp\/v2\/product"}],"about":[{"href":"https:\/\/hidroterm.dmcsrbija.com\/ru\/wp-json\/wp\/v2\/types\/product"}],"wp:featuredmedia":[{"embeddable":true,"href":"https:\/\/hidroterm.dmcsrbija.com\/ru\/wp-json\/wp\/v2\/media\/16273"}],"wp:attachment":[{"href":"https:\/\/hidroterm.dmcsrbija.com\/ru\/wp-json\/wp\/v2\/media?parent=16272"}],"wp:term":[{"taxonomy":"product_brand","embeddable":true,"href":"https:\/\/hidroterm.dmcsrbija.com\/ru\/wp-json\/wp\/v2\/product_brand?post=16272"},{"taxonomy":"product_cat","embeddable":true,"href":"https:\/\/hidroterm.dmcsrbija.com\/ru\/wp-json\/wp\/v2\/product_cat?post=16272"},{"taxonomy":"product_tag","embeddable":true,"href":"https:\/\/hidroterm.dmcsrbija.com\/ru\/wp-json\/wp\/v2\/product_tag?post=16272"}],"curies":[{"name":"wp","href":"https:\/\/api.w.org\/{rel}","templated":true}]}}