{"id":16270,"date":"2025-07-15T10:59:48","date_gmt":"2025-07-15T08:59:48","guid":{"rendered":"https:\/\/foxit-technology.com\/proizvod\/solarni-kolektor-camel-plocasti\/"},"modified":"2025-07-15T10:59:49","modified_gmt":"2025-07-15T08:59:49","slug":"solarni-kolektor-camel-plocasti","status":"publish","type":"product","link":"https:\/\/hidroterm.dmcsrbija.com\/ru\/proizvod\/solarni-kolektor-camel-plocasti\/","title":{"rendered":"Solarni kolektor Camel plo\u010dasti"},"content":{"rendered":"<p>CS ravni plo\u010dasti kolektori sastoje se od specijalnog fasadnog full-plate (jednokomadnog) apsorbera, premazanog visoko kvalitetnim selektivnim PVD (fizi\u010dki depozit pare) slojem. Plo\u010da apsorbera je zavarena na registar koji ima 10 bakarnih cevi. Apsorber je zavaren putem najnovijih tehnika zavarivanja \u010dime se dodatno pobolj\u0161ava prenos toplote sa apsorbera na te\u010dnost koja prenosi toplotu u bakarnim cevima.<\/p>","protected":false},"excerpt":{"rendered":"<p>CS ravni plo\u010dasti kolektori sastoje se od specijalnog fasadnog full-plate (jednokomadnog) apsorbera, premazanog visoko kvalitetnim selektivnim PVD (fizi\u010dki depozit pare) slojem. Plo\u010da apsorbera je zavarena na registar koji ima 10 bakarnih cevi. Apsorber je zavaren putem najnovijih tehnika zavarivanja \u010dime se dodatno pobolj\u0161ava prenos toplote sa apsorbera na te\u010dnost koja prenosi toplotu u bakarnim cevima.<\/p>","protected":false},"featured_media":16271,"template":"","meta":[],"product_brand":[4256],"product_cat":[4253,4254],"product_tag":[],"class_list":{"0":"post-16270","1":"product","2":"type-product","3":"status-publish","4":"has-post-thumbnail","6":"product_brand-camel","7":"product_cat-solarni-kolektori","8":"product_cat-solarni-kolektori-solarni-kolektori","10":"first","11":"instock","12":"purchasable","13":"product-type-simple"},"_links":{"self":[{"href":"https:\/\/hidroterm.dmcsrbija.com\/ru\/wp-json\/wp\/v2\/product\/16270","targetHints":{"allow":["GET"]}}],"collection":[{"href":"https:\/\/hidroterm.dmcsrbija.com\/ru\/wp-json\/wp\/v2\/product"}],"about":[{"href":"https:\/\/hidroterm.dmcsrbija.com\/ru\/wp-json\/wp\/v2\/types\/product"}],"wp:featuredmedia":[{"embeddable":true,"href":"https:\/\/hidroterm.dmcsrbija.com\/ru\/wp-json\/wp\/v2\/media\/16271"}],"wp:attachment":[{"href":"https:\/\/hidroterm.dmcsrbija.com\/ru\/wp-json\/wp\/v2\/media?parent=16270"}],"wp:term":[{"taxonomy":"product_brand","embeddable":true,"href":"https:\/\/hidroterm.dmcsrbija.com\/ru\/wp-json\/wp\/v2\/product_brand?post=16270"},{"taxonomy":"product_cat","embeddable":true,"href":"https:\/\/hidroterm.dmcsrbija.com\/ru\/wp-json\/wp\/v2\/product_cat?post=16270"},{"taxonomy":"product_tag","embeddable":true,"href":"https:\/\/hidroterm.dmcsrbija.com\/ru\/wp-json\/wp\/v2\/product_tag?post=16270"}],"curies":[{"name":"wp","href":"https:\/\/api.w.org\/{rel}","templated":true}]}}