{"id":16268,"date":"2025-07-15T10:59:48","date_gmt":"2025-07-15T08:59:48","guid":{"rendered":"https:\/\/foxit-technology.com\/proizvod\/vitosol-141-fm-solarni-paketi-za-ptv\/"},"modified":"2025-07-15T10:59:48","modified_gmt":"2025-07-15T08:59:48","slug":"vitosol-141-fm-solarni-paketi-za-ptv","status":"publish","type":"product","link":"https:\/\/hidroterm.dmcsrbija.com\/ru\/proizvod\/vitosol-141-fm-solarni-paketi-za-ptv\/","title":{"rendered":"VITOSOL 141-FM solarni paketi za PTV"},"content":{"rendered":"<p>Viessmann re\u0161enja grejanja se mogu kombinovati sa solarnom tehnikom. Svi ure\u0111aji i komponente idealno su me\u0111usobno uskla\u0111eni i \u010dine ugradnju jednostavnom.&nbsp;<\/p>\n<p>&nbsp;<\/p>\n<p>Solarni paket Vitosol 141-FM za zagrevanje potro\u0161ne tople vode sastoji se od slede\u0107eg:<\/p>\n<p>2x Vitosol 100-FM (SVKF) kolektora, povr\u0161ine apsorbera 4,0 m2n<\/p>\n<p>solarna ekspanziona posuda 18 l<\/p>\n<p>separator vazduha i armatura za punjenje<\/p>\n<p>priklju\u010dni vodovi<\/p>\n<p>sredstvo za prenos toplote Tyfocor 20 l<\/p>\n<p>Vitosolic 100 SD1 &#8211; elektronska regulacija<\/p>\n<p>Vitocell 100-B\/W CVBA bivalentni bojler PTV-a 250 l<\/p>\n<p>Solar Divicon sa visoko efikasnom cirkulacionom pumpom<\/p>","protected":false},"excerpt":{"rendered":"<p>Viessmann re\u0161enja grejanja se mogu kombinovati sa solarnom tehnikom. Svi ure\u0111aji i komponente idealno su me\u0111usobno uskla\u0111eni i \u010dine ugradnju jednostavnom.&nbsp; &nbsp; Solarni paket Vitosol 141-FM za zagrevanje potro\u0161ne tople vode sastoji se od slede\u0107eg: 2x Vitosol 100-FM (SVKF) kolektora, povr\u0161ine apsorbera 4,0 m2n solarna ekspanziona posuda 18 l separator vazduha i armatura za punjenje [&hellip;]<\/p>\n","protected":false},"featured_media":16269,"template":"","meta":[],"product_brand":[4227],"product_cat":[4253,4255],"product_tag":[],"class_list":{"0":"post-16268","1":"product","2":"type-product","3":"status-publish","4":"has-post-thumbnail","6":"product_brand-viessmann","7":"product_cat-solarni-kolektori","8":"product_cat-solarni-setovi","10":"first","11":"instock","12":"purchasable","13":"product-type-simple"},"_links":{"self":[{"href":"https:\/\/hidroterm.dmcsrbija.com\/ru\/wp-json\/wp\/v2\/product\/16268","targetHints":{"allow":["GET"]}}],"collection":[{"href":"https:\/\/hidroterm.dmcsrbija.com\/ru\/wp-json\/wp\/v2\/product"}],"about":[{"href":"https:\/\/hidroterm.dmcsrbija.com\/ru\/wp-json\/wp\/v2\/types\/product"}],"wp:featuredmedia":[{"embeddable":true,"href":"https:\/\/hidroterm.dmcsrbija.com\/ru\/wp-json\/wp\/v2\/media\/16269"}],"wp:attachment":[{"href":"https:\/\/hidroterm.dmcsrbija.com\/ru\/wp-json\/wp\/v2\/media?parent=16268"}],"wp:term":[{"taxonomy":"product_brand","embeddable":true,"href":"https:\/\/hidroterm.dmcsrbija.com\/ru\/wp-json\/wp\/v2\/product_brand?post=16268"},{"taxonomy":"product_cat","embeddable":true,"href":"https:\/\/hidroterm.dmcsrbija.com\/ru\/wp-json\/wp\/v2\/product_cat?post=16268"},{"taxonomy":"product_tag","embeddable":true,"href":"https:\/\/hidroterm.dmcsrbija.com\/ru\/wp-json\/wp\/v2\/product_tag?post=16268"}],"curies":[{"name":"wp","href":"https:\/\/api.w.org\/{rel}","templated":true}]}}