{"id":16264,"date":"2025-07-15T10:59:37","date_gmt":"2025-07-15T08:59:37","guid":{"rendered":"https:\/\/foxit-technology.com\/proizvod\/grejac-mek-cini\/"},"modified":"2025-07-15T10:59:45","modified_gmt":"2025-07-15T08:59:45","slug":"grejac-mek-cini","status":"publish","type":"product","link":"https:\/\/hidroterm.dmcsrbija.com\/ru\/proizvod\/grejac-mek-cini\/","title":{"rendered":"Greja\u010d Mek Cini"},"content":{"rendered":"<p>Elektri\u010dni greja\u010di tipa MEK namenjeni su za zagrevanje razli\u010ditih sistema, od manjih kao \u0161to su su\u0161a\u010di pe\u0161kira, do radijatora u sistemima centralnog grejanja. Konstrukciono su re\u0161eni tako, da se lako mogu ugraditi u sve vrste aluminijumskih radijatora. Ure\u0111aj tipa MEK se sastoji od: &#8211; cevnog greja\u010da posebne konstrukcije &#8211; elektronskog termoregulatora i termi\u010dkog osigura\u010da, sme\u0161tenih u plasti\u010dno ku\u0107i\u0161te &#8211; fina regulacija temperature &#8211; signalne lampice (indicira rad greja\u010da)<\/p>","protected":false},"excerpt":{"rendered":"<p>Elektri\u010dni greja\u010di tipa MEK namenjeni su za zagrevanje razli\u010ditih sistema, od manjih kao \u0161to su su\u0161a\u010di pe\u0161kira, do radijatora u sistemima centralnog grejanja. Konstrukciono su re\u0161eni tako, da se lako mogu ugraditi u sve vrste aluminijumskih radijatora. Ure\u0111aj tipa MEK se sastoji od: &#8211; cevnog greja\u010da posebne konstrukcije &#8211; elektronskog termoregulatora i termi\u010dkog osigura\u010da, sme\u0161tenih [&hellip;]<\/p>\n","protected":false},"featured_media":16265,"template":"","meta":[],"product_brand":[4251],"product_cat":[4241,4237],"product_tag":[],"class_list":{"0":"post-16264","1":"product","2":"type-product","3":"status-publish","4":"has-post-thumbnail","6":"product_brand-cini","7":"product_cat-aluminijumski-radijatori","8":"product_cat-radijatori","10":"first","11":"instock","12":"purchasable","13":"product-type-simple"},"_links":{"self":[{"href":"https:\/\/hidroterm.dmcsrbija.com\/ru\/wp-json\/wp\/v2\/product\/16264","targetHints":{"allow":["GET"]}}],"collection":[{"href":"https:\/\/hidroterm.dmcsrbija.com\/ru\/wp-json\/wp\/v2\/product"}],"about":[{"href":"https:\/\/hidroterm.dmcsrbija.com\/ru\/wp-json\/wp\/v2\/types\/product"}],"wp:featuredmedia":[{"embeddable":true,"href":"https:\/\/hidroterm.dmcsrbija.com\/ru\/wp-json\/wp\/v2\/media\/16265"}],"wp:attachment":[{"href":"https:\/\/hidroterm.dmcsrbija.com\/ru\/wp-json\/wp\/v2\/media?parent=16264"}],"wp:term":[{"taxonomy":"product_brand","embeddable":true,"href":"https:\/\/hidroterm.dmcsrbija.com\/ru\/wp-json\/wp\/v2\/product_brand?post=16264"},{"taxonomy":"product_cat","embeddable":true,"href":"https:\/\/hidroterm.dmcsrbija.com\/ru\/wp-json\/wp\/v2\/product_cat?post=16264"},{"taxonomy":"product_tag","embeddable":true,"href":"https:\/\/hidroterm.dmcsrbija.com\/ru\/wp-json\/wp\/v2\/product_tag?post=16264"}],"curies":[{"name":"wp","href":"https:\/\/api.w.org\/{rel}","templated":true}]}}