{"id":16262,"date":"2025-07-15T10:59:37","date_gmt":"2025-07-15T08:59:37","guid":{"rendered":"https:\/\/foxit-technology.com\/proizvod\/podni-nosaci-za-beha-radijatore\/"},"modified":"2025-07-15T10:59:45","modified_gmt":"2025-07-15T08:59:45","slug":"podni-nosaci-za-beha-radijatore","status":"publish","type":"product","link":"https:\/\/hidroterm.dmcsrbija.com\/ru\/proizvod\/podni-nosaci-za-beha-radijatore\/","title":{"rendered":"Podni nosa\u010di za Beha radijatore"},"content":{"rendered":"<p>Ukoliko ne montirate Beha radijatore na zid, podni nosa\u010di su idealno re\u0161enje za stabilnost ovih norve\u0161kih radijatora.<\/p>","protected":false},"excerpt":{"rendered":"<p>Ukoliko ne montirate Beha radijatore na zid, podni nosa\u010di su idealno re\u0161enje za stabilnost ovih norve\u0161kih radijatora.<\/p>","protected":false},"featured_media":16263,"template":"","meta":[],"product_brand":[4248],"product_cat":[4249,4237],"product_tag":[],"class_list":{"0":"post-16262","1":"product","2":"type-product","3":"status-publish","4":"has-post-thumbnail","6":"product_brand-beha","7":"product_cat-norveski-radijatori","8":"product_cat-radijatori","10":"first","11":"instock","12":"purchasable","13":"product-type-simple"},"_links":{"self":[{"href":"https:\/\/hidroterm.dmcsrbija.com\/ru\/wp-json\/wp\/v2\/product\/16262","targetHints":{"allow":["GET"]}}],"collection":[{"href":"https:\/\/hidroterm.dmcsrbija.com\/ru\/wp-json\/wp\/v2\/product"}],"about":[{"href":"https:\/\/hidroterm.dmcsrbija.com\/ru\/wp-json\/wp\/v2\/types\/product"}],"wp:featuredmedia":[{"embeddable":true,"href":"https:\/\/hidroterm.dmcsrbija.com\/ru\/wp-json\/wp\/v2\/media\/16263"}],"wp:attachment":[{"href":"https:\/\/hidroterm.dmcsrbija.com\/ru\/wp-json\/wp\/v2\/media?parent=16262"}],"wp:term":[{"taxonomy":"product_brand","embeddable":true,"href":"https:\/\/hidroterm.dmcsrbija.com\/ru\/wp-json\/wp\/v2\/product_brand?post=16262"},{"taxonomy":"product_cat","embeddable":true,"href":"https:\/\/hidroterm.dmcsrbija.com\/ru\/wp-json\/wp\/v2\/product_cat?post=16262"},{"taxonomy":"product_tag","embeddable":true,"href":"https:\/\/hidroterm.dmcsrbija.com\/ru\/wp-json\/wp\/v2\/product_tag?post=16262"}],"curies":[{"name":"wp","href":"https:\/\/api.w.org\/{rel}","templated":true}]}}