{"id":16260,"date":"2025-07-15T10:59:37","date_gmt":"2025-07-15T08:59:37","guid":{"rendered":"https:\/\/foxit-technology.com\/proizvod\/norveski-radijator-beha-wifi\/"},"modified":"2025-10-14T15:23:14","modified_gmt":"2025-10-14T13:23:14","slug":"norveski-radijator-beha-wifi","status":"publish","type":"product","link":"https:\/\/hidroterm.dmcsrbija.com\/ru\/proizvod\/norveski-radijator-beha-wifi\/","title":{"rendered":"Norve\u0161ki radijator Beha wifi 400\/555 600w (4-6m2) PV6"},"content":{"rendered":"<p>Elektri\u010dni norver\u0161ki radijator Beha PV6 Wi-Fi je idealan za grejanje manjih prostorija \u2014 kupatila, spava\u0107e sobe, kancelarije, de\u010dje sobe, ili prostorije gde je tra\u017eena jednostavna, ali pametna kontrola temperature. Zahvaljuju\u0107i Wi-Fi ure\u0111aju, radijator mo\u017ee da se kontroli\u0161e putem aplikacije na mobilnom ure\u0111aju, sa pode\u0161avanjem programa po satu, funkcijom detekcije otvorenog prozora i memorijom pode\u0161ene temperature. Tako\u0111e, ure\u0111aj podr\u017eava rad i bez aplikacije \u2014 mogu\u0107e je ru\u010dno pode\u0161avanje pomo\u0107u termostata. Zbog IP24 za\u0161tite, mo\u017ee se koristiti i u vla\u017enim prostorima (kupatila).<\/p>\n<h3 data-start=\"2635\" data-end=\"2673\"><strong data-start=\"2639\" data-end=\"2673\">Karakteristike i prednosti<\/strong><\/h3>\n<ul data-start=\"2675\" data-end=\"3524\">\n<li data-start=\"2675\" data-end=\"2866\">\n<p data-start=\"2678\" data-end=\"2866\">Pametna kontrola grejanja \u2014 uz aplikaciju Beha mo\u017eete programirati temperaturne re\u017eime po satu i po danu, te upravljati radijatorom daljinski.<\/p>\n<\/li>\n<li data-start=\"2867\" data-end=\"3017\">\n<p data-start=\"2870\" data-end=\"3017\">Ru\u010dni rad bez aplikacije \u2014 \u010dak i bez interneta, mo\u017eete pode\u0161avati temperaturu direktno na radijatoru.<\/p>\n<\/li>\n<li data-start=\"3018\" data-end=\"3179\">\n<p data-start=\"3021\" data-end=\"3179\">Sigurnost u vla\u017enim prostorima \u2014 IP24 za\u0161tita omogu\u0107ava bezbedan rad u kupatilima i drugim prostorima sa vlagom.<\/p>\n<\/li>\n<li data-start=\"3180\" data-end=\"3381\">\n<p data-start=\"3183\" data-end=\"3381\">Otkrivanje otvorenog prozora \u2014 funkcija koja prepoznaje nagli pad temperature (pri otvaranju prozora) i automatski prilago\u0111ava rad radi u\u0161tede energije.<\/p>\n<\/li>\n<li data-start=\"3382\" data-end=\"3524\">\n<p data-start=\"3385\" data-end=\"3524\">Kvalitetna izrada i garancija \u2014 proizvodnja iz Norve\u0161ke, standardi NEMKO, garancija 5 godina.<\/p>\n<\/li>\n<\/ul>\n<p data-start=\"3551\" data-end=\"3826\">Beha PV6 Wi-Fi 600 W je moderan i funkcionalan elektri\u010dni radijator sa pametnim mogu\u0107nostima, pogodnim za manje prostorije. Kombinacija Wi-Fi kontrole, aplikacije, za\u0161tite za vla\u017ene prostore i klasi\u010dne ru\u010dne kontrole \u010dini ga fleksibilnim re\u0161enjem za moderne stanove i ku\u0107e.<\/p>","protected":false},"excerpt":{"rendered":"<div class=\"elementor-element elementor-element-9b38483 e-con-full e-flex e-con e-child\" data-id=\"9b38483\" data-element_type=\"container\" data-settings=\"{&quot;background_background&quot;:&quot;classic&quot;}\">\n<div class=\"elementor-element elementor-element-2e4a810 elementor-widget elementor-widget-woocommerce-product-short-description\" data-id=\"2e4a810\" data-element_type=\"widget\" data-widget_type=\"woocommerce-product-short-description.default\">\n<div class=\"woocommerce-product-details__short-description\">\n<p data-start=\"225\" data-end=\"411\">Beha PV6 WIFI je visokokvalitetni norve\u0161ki elektri\u010dni radijator snage 600W, dizajniran za efikasno grejanje prostorija od 4 do 6m\u00b2, sa preciznim elektronskim termostatom, pode\u0161avanjem programa preko aplikacije i IP24 za\u0161titom.<\/p>\n<\/div>\n<\/div>\n<\/div>\n<div class=\"elementor-element elementor-element-3f27f90 e-con-full e-flex e-con e-child\" data-id=\"3f27f90\" data-element_type=\"container\" data-settings=\"{&quot;background_background&quot;:&quot;classic&quot;}\"><\/div>","protected":false},"featured_media":16261,"template":"","meta":[],"product_brand":[4248],"product_cat":[4249,4237],"product_tag":[],"class_list":{"0":"post-16260","1":"product","2":"type-product","3":"status-publish","4":"has-post-thumbnail","6":"product_brand-beha","7":"product_cat-norveski-radijatori","8":"product_cat-radijatori","10":"first","11":"instock","12":"purchasable","13":"product-type-simple"},"_links":{"self":[{"href":"https:\/\/hidroterm.dmcsrbija.com\/ru\/wp-json\/wp\/v2\/product\/16260","targetHints":{"allow":["GET"]}}],"collection":[{"href":"https:\/\/hidroterm.dmcsrbija.com\/ru\/wp-json\/wp\/v2\/product"}],"about":[{"href":"https:\/\/hidroterm.dmcsrbija.com\/ru\/wp-json\/wp\/v2\/types\/product"}],"wp:featuredmedia":[{"embeddable":true,"href":"https:\/\/hidroterm.dmcsrbija.com\/ru\/wp-json\/wp\/v2\/media\/16261"}],"wp:attachment":[{"href":"https:\/\/hidroterm.dmcsrbija.com\/ru\/wp-json\/wp\/v2\/media?parent=16260"}],"wp:term":[{"taxonomy":"product_brand","embeddable":true,"href":"https:\/\/hidroterm.dmcsrbija.com\/ru\/wp-json\/wp\/v2\/product_brand?post=16260"},{"taxonomy":"product_cat","embeddable":true,"href":"https:\/\/hidroterm.dmcsrbija.com\/ru\/wp-json\/wp\/v2\/product_cat?post=16260"},{"taxonomy":"product_tag","embeddable":true,"href":"https:\/\/hidroterm.dmcsrbija.com\/ru\/wp-json\/wp\/v2\/product_tag?post=16260"}],"curies":[{"name":"wp","href":"https:\/\/api.w.org\/{rel}","templated":true}]}}