{"id":16250,"date":"2025-07-15T10:59:37","date_gmt":"2025-07-15T08:59:37","guid":{"rendered":"https:\/\/foxit-technology.com\/proizvod\/aluminijumski-radijator-rostro\/"},"modified":"2025-07-15T10:59:42","modified_gmt":"2025-07-15T08:59:42","slug":"aluminijumski-radijator-rostro","status":"publish","type":"product","link":"https:\/\/hidroterm.dmcsrbija.com\/ru\/proizvod\/aluminijumski-radijator-rostro\/","title":{"rendered":"Aluminijumski radijator Rostro"},"content":{"rendered":"<p>Izra\u0111eni od ADC12 legure aluminijuma, ima ve\u0107u naponsku \u010dvrsto\u0107u, otpornost na izdu\u017eenje i udare u odnosu na druge aluminijumske legure. Priprema radijatora za farbanje vr\u0161i se hemikalijama nema\u010dkim \u201cHenkel\u201d, a svi slojevi za\u0161tite i farbanja ura\u0111eni su proizvodima \u201cPPG Chemicals Pennsylvania\u201d. Rostro model Termarc radijatora je visine 500mm. Korisna povr\u0161ina \u010dlanaka &#8211; 2,4 m2 . Ukupna visina 580 mm, \u0161irina 80 mm i dubina 100 mm.<\/p>","protected":false},"excerpt":{"rendered":"<p>Izra\u0111eni od ADC12 legure aluminijuma, ima ve\u0107u naponsku \u010dvrsto\u0107u, otpornost na izdu\u017eenje i udare u odnosu na druge aluminijumske legure. Priprema radijatora za farbanje vr\u0161i se hemikalijama nema\u010dkim \u201cHenkel\u201d, a svi slojevi za\u0161tite i farbanja ura\u0111eni su proizvodima \u201cPPG Chemicals Pennsylvania\u201d. Rostro model Termarc radijatora je visine 500mm. Korisna povr\u0161ina \u010dlanaka &#8211; 2,4 m2 . [&hellip;]<\/p>\n","protected":false},"featured_media":16251,"template":"","meta":[],"product_brand":[4244],"product_cat":[4241,4237],"product_tag":[],"class_list":{"0":"post-16250","1":"product","2":"type-product","3":"status-publish","4":"has-post-thumbnail","6":"product_brand-rostro","7":"product_cat-aluminijumski-radijatori","8":"product_cat-radijatori","10":"first","11":"instock","12":"purchasable","13":"product-type-simple"},"_links":{"self":[{"href":"https:\/\/hidroterm.dmcsrbija.com\/ru\/wp-json\/wp\/v2\/product\/16250","targetHints":{"allow":["GET"]}}],"collection":[{"href":"https:\/\/hidroterm.dmcsrbija.com\/ru\/wp-json\/wp\/v2\/product"}],"about":[{"href":"https:\/\/hidroterm.dmcsrbija.com\/ru\/wp-json\/wp\/v2\/types\/product"}],"wp:featuredmedia":[{"embeddable":true,"href":"https:\/\/hidroterm.dmcsrbija.com\/ru\/wp-json\/wp\/v2\/media\/16251"}],"wp:attachment":[{"href":"https:\/\/hidroterm.dmcsrbija.com\/ru\/wp-json\/wp\/v2\/media?parent=16250"}],"wp:term":[{"taxonomy":"product_brand","embeddable":true,"href":"https:\/\/hidroterm.dmcsrbija.com\/ru\/wp-json\/wp\/v2\/product_brand?post=16250"},{"taxonomy":"product_cat","embeddable":true,"href":"https:\/\/hidroterm.dmcsrbija.com\/ru\/wp-json\/wp\/v2\/product_cat?post=16250"},{"taxonomy":"product_tag","embeddable":true,"href":"https:\/\/hidroterm.dmcsrbija.com\/ru\/wp-json\/wp\/v2\/product_tag?post=16250"}],"curies":[{"name":"wp","href":"https:\/\/api.w.org\/{rel}","templated":true}]}}