{"id":16248,"date":"2025-07-15T10:59:37","date_gmt":"2025-07-15T08:59:37","guid":{"rendered":"https:\/\/foxit-technology.com\/proizvod\/aluminijumski-radijator-decoral\/"},"modified":"2025-07-15T10:59:42","modified_gmt":"2025-07-15T08:59:42","slug":"aluminijumski-radijator-decoral","status":"publish","type":"product","link":"https:\/\/hidroterm.dmcsrbija.com\/ru\/proizvod\/aluminijumski-radijator-decoral\/","title":{"rendered":"Aluminijumski radijator Decoral"},"content":{"rendered":"<p>Inovativna estetska forma proizvo\u0111a\u010da Ragal proistekla je iz potrebe za pobolj\u0161anjem toka vruc\u0301eg vazduha, kako bi se povec\u0301ala termi\u010dka efikasnost radijatora. Zakrivljeni prednji odbojnici olak\u0161avaju osloba\u0111anje vruc\u0301eg vazduha iz tri prozora i omoguc\u0301avaju njihov prelazak u najtopliji deo radijatora.<\/p>","protected":false},"excerpt":{"rendered":"<p>Inovativna estetska forma proizvo\u0111a\u010da Ragal proistekla je iz potrebe za pobolj\u0161anjem toka vruc\u0301eg vazduha, kako bi se povec\u0301ala termi\u010dka efikasnost radijatora. Zakrivljeni prednji odbojnici olak\u0161avaju osloba\u0111anje vruc\u0301eg vazduha iz tri prozora i omoguc\u0301avaju njihov prelazak u najtopliji deo radijatora.<\/p>","protected":false},"featured_media":16249,"template":"","meta":[],"product_brand":[4243],"product_cat":[4241,4237],"product_tag":[],"class_list":{"0":"post-16248","1":"product","2":"type-product","3":"status-publish","4":"has-post-thumbnail","6":"product_brand-decoral","7":"product_cat-aluminijumski-radijatori","8":"product_cat-radijatori","10":"first","11":"instock","12":"purchasable","13":"product-type-simple"},"_links":{"self":[{"href":"https:\/\/hidroterm.dmcsrbija.com\/ru\/wp-json\/wp\/v2\/product\/16248","targetHints":{"allow":["GET"]}}],"collection":[{"href":"https:\/\/hidroterm.dmcsrbija.com\/ru\/wp-json\/wp\/v2\/product"}],"about":[{"href":"https:\/\/hidroterm.dmcsrbija.com\/ru\/wp-json\/wp\/v2\/types\/product"}],"wp:featuredmedia":[{"embeddable":true,"href":"https:\/\/hidroterm.dmcsrbija.com\/ru\/wp-json\/wp\/v2\/media\/16249"}],"wp:attachment":[{"href":"https:\/\/hidroterm.dmcsrbija.com\/ru\/wp-json\/wp\/v2\/media?parent=16248"}],"wp:term":[{"taxonomy":"product_brand","embeddable":true,"href":"https:\/\/hidroterm.dmcsrbija.com\/ru\/wp-json\/wp\/v2\/product_brand?post=16248"},{"taxonomy":"product_cat","embeddable":true,"href":"https:\/\/hidroterm.dmcsrbija.com\/ru\/wp-json\/wp\/v2\/product_cat?post=16248"},{"taxonomy":"product_tag","embeddable":true,"href":"https:\/\/hidroterm.dmcsrbija.com\/ru\/wp-json\/wp\/v2\/product_tag?post=16248"}],"curies":[{"name":"wp","href":"https:\/\/api.w.org\/{rel}","templated":true}]}}