{"id":16246,"date":"2025-07-15T10:59:37","date_gmt":"2025-07-15T08:59:37","guid":{"rendered":"https:\/\/foxit-technology.com\/proizvod\/aluminijumski-radijator-all-therm\/"},"modified":"2025-07-15T10:59:41","modified_gmt":"2025-07-15T08:59:41","slug":"aluminijumski-radijator-all-therm","status":"publish","type":"product","link":"https:\/\/hidroterm.dmcsrbija.com\/ru\/proizvod\/aluminijumski-radijator-all-therm\/","title":{"rendered":"Aluminijumski radijator All-therm"},"content":{"rendered":"<p>Elegantan dizajn ovog radijatora ali i iskustvo u livenju aluminijuma, sa visokim tehnolo\u0161kim sastavom instaliranih delova i ciklusa rada ispunjava standarde ISO9002. Nema mrtvih uglova u kojima se skuplja pra\u0161ina a karakteri\u0161e ga visok stepen cirkulacije toplog vazduha.<\/p>","protected":false},"excerpt":{"rendered":"<p>Elegantan dizajn ovog radijatora ali i iskustvo u livenju aluminijuma, sa visokim tehnolo\u0161kim sastavom instaliranih delova i ciklusa rada ispunjava standarde ISO9002. Nema mrtvih uglova u kojima se skuplja pra\u0161ina a karakteri\u0161e ga visok stepen cirkulacije toplog vazduha.<\/p>","protected":false},"featured_media":16247,"template":"","meta":[],"product_brand":[4242],"product_cat":[4241,4237],"product_tag":[],"class_list":{"0":"post-16246","1":"product","2":"type-product","3":"status-publish","4":"has-post-thumbnail","6":"product_brand-all-therm","7":"product_cat-aluminijumski-radijatori","8":"product_cat-radijatori","10":"first","11":"instock","12":"purchasable","13":"product-type-simple"},"_links":{"self":[{"href":"https:\/\/hidroterm.dmcsrbija.com\/ru\/wp-json\/wp\/v2\/product\/16246","targetHints":{"allow":["GET"]}}],"collection":[{"href":"https:\/\/hidroterm.dmcsrbija.com\/ru\/wp-json\/wp\/v2\/product"}],"about":[{"href":"https:\/\/hidroterm.dmcsrbija.com\/ru\/wp-json\/wp\/v2\/types\/product"}],"wp:featuredmedia":[{"embeddable":true,"href":"https:\/\/hidroterm.dmcsrbija.com\/ru\/wp-json\/wp\/v2\/media\/16247"}],"wp:attachment":[{"href":"https:\/\/hidroterm.dmcsrbija.com\/ru\/wp-json\/wp\/v2\/media?parent=16246"}],"wp:term":[{"taxonomy":"product_brand","embeddable":true,"href":"https:\/\/hidroterm.dmcsrbija.com\/ru\/wp-json\/wp\/v2\/product_brand?post=16246"},{"taxonomy":"product_cat","embeddable":true,"href":"https:\/\/hidroterm.dmcsrbija.com\/ru\/wp-json\/wp\/v2\/product_cat?post=16246"},{"taxonomy":"product_tag","embeddable":true,"href":"https:\/\/hidroterm.dmcsrbija.com\/ru\/wp-json\/wp\/v2\/product_tag?post=16246"}],"curies":[{"name":"wp","href":"https:\/\/api.w.org\/{rel}","templated":true}]}}