{"id":16244,"date":"2025-07-15T10:59:37","date_gmt":"2025-07-15T08:59:37","guid":{"rendered":"https:\/\/foxit-technology.com\/proizvod\/aluminijumski-radijator-ferroli\/"},"modified":"2025-07-15T10:59:41","modified_gmt":"2025-07-15T08:59:41","slug":"aluminijumski-radijator-ferroli","status":"publish","type":"product","link":"https:\/\/hidroterm.dmcsrbija.com\/ru\/proizvod\/aluminijumski-radijator-ferroli\/","title":{"rendered":"Aluminijumski radijator Ferroli"},"content":{"rendered":"<p>Aluminijumski radijator Ferroli karakteri\u0161e se optimalnom te\u017einom u odnosu na izlazni koeficijent grejanja, estetskim izgledom, jedinstveno\u0161\u0107u zavr\u0161ne obrade i visokim performansama.<\/p>","protected":false},"excerpt":{"rendered":"<p>Aluminijumski radijator Ferroli karakteri\u0161e se optimalnom te\u017einom u odnosu na izlazni koeficijent grejanja, estetskim izgledom, jedinstveno\u0161\u0107u zavr\u0161ne obrade i visokim performansama.<\/p>","protected":false},"featured_media":16245,"template":"","meta":[],"product_brand":[4191],"product_cat":[4241,4237],"product_tag":[],"class_list":{"0":"post-16244","1":"product","2":"type-product","3":"status-publish","4":"has-post-thumbnail","6":"product_brand-ferroli","7":"product_cat-aluminijumski-radijatori","8":"product_cat-radijatori","10":"first","11":"instock","12":"purchasable","13":"product-type-simple"},"_links":{"self":[{"href":"https:\/\/hidroterm.dmcsrbija.com\/ru\/wp-json\/wp\/v2\/product\/16244","targetHints":{"allow":["GET"]}}],"collection":[{"href":"https:\/\/hidroterm.dmcsrbija.com\/ru\/wp-json\/wp\/v2\/product"}],"about":[{"href":"https:\/\/hidroterm.dmcsrbija.com\/ru\/wp-json\/wp\/v2\/types\/product"}],"wp:featuredmedia":[{"embeddable":true,"href":"https:\/\/hidroterm.dmcsrbija.com\/ru\/wp-json\/wp\/v2\/media\/16245"}],"wp:attachment":[{"href":"https:\/\/hidroterm.dmcsrbija.com\/ru\/wp-json\/wp\/v2\/media?parent=16244"}],"wp:term":[{"taxonomy":"product_brand","embeddable":true,"href":"https:\/\/hidroterm.dmcsrbija.com\/ru\/wp-json\/wp\/v2\/product_brand?post=16244"},{"taxonomy":"product_cat","embeddable":true,"href":"https:\/\/hidroterm.dmcsrbija.com\/ru\/wp-json\/wp\/v2\/product_cat?post=16244"},{"taxonomy":"product_tag","embeddable":true,"href":"https:\/\/hidroterm.dmcsrbija.com\/ru\/wp-json\/wp\/v2\/product_tag?post=16244"}],"curies":[{"name":"wp","href":"https:\/\/api.w.org\/{rel}","templated":true}]}}