{"id":16240,"date":"2025-07-15T10:59:37","date_gmt":"2025-07-15T08:59:37","guid":{"rendered":"https:\/\/foxit-technology.com\/proizvod\/aluminijumski-radijator-global-vox\/"},"modified":"2025-07-15T10:59:40","modified_gmt":"2025-07-15T08:59:40","slug":"aluminijumski-radijator-global-vox","status":"publish","type":"product","link":"https:\/\/hidroterm.dmcsrbija.com\/ru\/proizvod\/aluminijumski-radijator-global-vox\/","title":{"rendered":"Aluminijumski radijator Global Vox"},"content":{"rendered":"<p>Global Vox aluminijumski radijatori pru\u017ei\u0107e Va\u0161em domu dodatnu lepotu koja se ogleda u jednostavnom dizajnu. Dostupni su u crnoj i beloj boji, u visini od 350 do 800mm.<\/p>","protected":false},"excerpt":{"rendered":"<p>Global Vox aluminijumski radijatori pru\u017ei\u0107e Va\u0161em domu dodatnu lepotu koja se ogleda u jednostavnom dizajnu. Dostupni su u crnoj i beloj boji, u visini od 350 do 800mm.<\/p>","protected":false},"featured_media":16241,"template":"","meta":[],"product_brand":[4240],"product_cat":[4241,4237],"product_tag":[],"class_list":{"0":"post-16240","1":"product","2":"type-product","3":"status-publish","4":"has-post-thumbnail","6":"product_brand-global","7":"product_cat-aluminijumski-radijatori","8":"product_cat-radijatori","10":"first","11":"instock","12":"purchasable","13":"product-type-simple"},"_links":{"self":[{"href":"https:\/\/hidroterm.dmcsrbija.com\/ru\/wp-json\/wp\/v2\/product\/16240","targetHints":{"allow":["GET"]}}],"collection":[{"href":"https:\/\/hidroterm.dmcsrbija.com\/ru\/wp-json\/wp\/v2\/product"}],"about":[{"href":"https:\/\/hidroterm.dmcsrbija.com\/ru\/wp-json\/wp\/v2\/types\/product"}],"wp:featuredmedia":[{"embeddable":true,"href":"https:\/\/hidroterm.dmcsrbija.com\/ru\/wp-json\/wp\/v2\/media\/16241"}],"wp:attachment":[{"href":"https:\/\/hidroterm.dmcsrbija.com\/ru\/wp-json\/wp\/v2\/media?parent=16240"}],"wp:term":[{"taxonomy":"product_brand","embeddable":true,"href":"https:\/\/hidroterm.dmcsrbija.com\/ru\/wp-json\/wp\/v2\/product_brand?post=16240"},{"taxonomy":"product_cat","embeddable":true,"href":"https:\/\/hidroterm.dmcsrbija.com\/ru\/wp-json\/wp\/v2\/product_cat?post=16240"},{"taxonomy":"product_tag","embeddable":true,"href":"https:\/\/hidroterm.dmcsrbija.com\/ru\/wp-json\/wp\/v2\/product_tag?post=16240"}],"curies":[{"name":"wp","href":"https:\/\/api.w.org\/{rel}","templated":true}]}}