{"id":16236,"date":"2025-07-15T10:59:37","date_gmt":"2025-07-15T08:59:37","guid":{"rendered":"https:\/\/foxit-technology.com\/proizvod\/airfel-panelni-radijator\/"},"modified":"2025-07-15T10:59:39","modified_gmt":"2025-07-15T08:59:39","slug":"airfel-panelni-radijator","status":"publish","type":"product","link":"https:\/\/hidroterm.dmcsrbija.com\/ru\/proizvod\/airfel-panelni-radijator\/","title":{"rendered":"Airfel panelni radijator"},"content":{"rendered":"<p>Airfel je turski proizvo\u0111a\u010d panelnih radijatora koji iste radi i za\u0161ti\u0107uje ih na cink-fosfatnoj bazi, temeljno boji na najkvaliteniji primenjen na\u010din kataforezom (KTL).Airfel je prvi proizvo\u0111a\u010d panelnih radijatora koji Tribo Epoxy Poliester pra\u0161kastu boju primenjuje na KTL pripremljenu podlogu. Karakteri\u0161u se izuzetnom toplotnom snagom i ispunjeno\u0161\u0107u grejnim sa\u0107ama \u010ditavom du\u017einom. Te\u017eina radijatora i specifi\u010dan na\u010din zavr\u0161ne obrade pru\u017eaju dodatni kvalitet. Dostupni u razli\u010ditim dimenzijama, ovi radijatori uklapaju se u svaki enterijer.<\/p>","protected":false},"excerpt":{"rendered":"<p>Airfel je turski proizvo\u0111a\u010d panelnih radijatora koji iste radi i za\u0161ti\u0107uje ih na cink-fosfatnoj bazi, temeljno boji na najkvaliteniji primenjen na\u010din kataforezom (KTL).Airfel je prvi proizvo\u0111a\u010d panelnih radijatora koji Tribo Epoxy Poliester pra\u0161kastu boju primenjuje na KTL pripremljenu podlogu. Karakteri\u0161u se izuzetnom toplotnom snagom i ispunjeno\u0161\u0107u grejnim sa\u0107ama \u010ditavom du\u017einom. Te\u017eina radijatora i specifi\u010dan na\u010din [&hellip;]<\/p>\n","protected":false},"featured_media":16237,"template":"","meta":[],"product_brand":[4236],"product_cat":[4238,4237],"product_tag":[],"class_list":{"0":"post-16236","1":"product","2":"type-product","3":"status-publish","4":"has-post-thumbnail","6":"product_brand-airfel","7":"product_cat-panelni-radijatori","8":"product_cat-radijatori","10":"first","11":"instock","12":"purchasable","13":"product-type-simple"},"_links":{"self":[{"href":"https:\/\/hidroterm.dmcsrbija.com\/ru\/wp-json\/wp\/v2\/product\/16236","targetHints":{"allow":["GET"]}}],"collection":[{"href":"https:\/\/hidroterm.dmcsrbija.com\/ru\/wp-json\/wp\/v2\/product"}],"about":[{"href":"https:\/\/hidroterm.dmcsrbija.com\/ru\/wp-json\/wp\/v2\/types\/product"}],"wp:featuredmedia":[{"embeddable":true,"href":"https:\/\/hidroterm.dmcsrbija.com\/ru\/wp-json\/wp\/v2\/media\/16237"}],"wp:attachment":[{"href":"https:\/\/hidroterm.dmcsrbija.com\/ru\/wp-json\/wp\/v2\/media?parent=16236"}],"wp:term":[{"taxonomy":"product_brand","embeddable":true,"href":"https:\/\/hidroterm.dmcsrbija.com\/ru\/wp-json\/wp\/v2\/product_brand?post=16236"},{"taxonomy":"product_cat","embeddable":true,"href":"https:\/\/hidroterm.dmcsrbija.com\/ru\/wp-json\/wp\/v2\/product_cat?post=16236"},{"taxonomy":"product_tag","embeddable":true,"href":"https:\/\/hidroterm.dmcsrbija.com\/ru\/wp-json\/wp\/v2\/product_tag?post=16236"}],"curies":[{"name":"wp","href":"https:\/\/api.w.org\/{rel}","templated":true}]}}