{"id":16232,"date":"2025-07-15T10:59:37","date_gmt":"2025-07-15T08:59:37","guid":{"rendered":"https:\/\/foxit-technology.com\/proizvod\/kotao-sukoplam-40\/"},"modified":"2025-11-21T13:39:23","modified_gmt":"2025-11-21T12:39:23","slug":"kotao-sukoplam-40","status":"publish","type":"product","link":"https:\/\/hidroterm.dmcsrbija.com\/ru\/proizvod\/kotao-sukoplam-40\/","title":{"rendered":"Kotao \u0160ukoplam 30kW BIOS"},"content":{"rendered":"<h2><strong>Kotao \u0160ukoplam 30kW BIOS<\/strong><\/h2>\n<p>Kotao \u0160ukoplam (\u0160ukom) BIOS 30\u202fkW predstavlja efikasno i ekolo\u0161ki prihvatljivo re\u0161enje za grejanje baliranom biomasom i drugim \u010dvrstim gorivima. Kotao je troprolazni \u2014 dimni gasovi prolaze kroz lo\u017ei\u0161te, vodo-hla\u0111enu pregradu i cevni snop, \u0161to omogu\u0107ava maksimalno iskori\u0161\u0107enje toplote. <br data-start=\"696\" data-end=\"699\" \/>Telo kotla je dobro izolovano mineralnom vunom, a vrata su dovoljno velika da prime balirane bale dimenzija 600 \u00d7 550 \u00d7 1000 mm.\u00a0 U kotao je ugra\u0111en ventilator dimnih gasova koji, zajedno sa turbulatorskim sistemom, poma\u017ee u kontroli sagorevanja i pove\u0107ava efikasnost.\u00a0<br data-start=\"1048\" data-end=\"1051\" \/>Kotao mo\u017ee raditi u radnom re\u017eimu vode\u202f110\/90\u202f\u00b0C ili 90\/70\u202f\u00b0C, a maksimalni radni pritisak je 2,5 bar. Automatika kotla reguli\u0161e protok vazduha pomo\u0107u klapne (\u201edraft regulator\u201c) i RPM ventilatora, \u0161to omogu\u0107ava precizno upravljanje snagom sagorevanja.<\/p>\n<h3 data-start=\"2266\" data-end=\"2280\"><strong>Prednosti<\/strong><\/h3>\n<ul>\n<li data-start=\"2283\" data-end=\"2347\">Visoka efikasnost zahvaljuju\u0107i trostrukoj razmeni toplote.<\/li>\n<li data-start=\"2350\" data-end=\"2399\">Ekolo\u0161ki prihvatljiv rad koriste\u0107i biomasu.<\/li>\n<li data-start=\"2402\" data-end=\"2460\">Velika vrata olak\u0161avaju ubacivanje balirane biomase.<\/li>\n<li data-start=\"2463\" data-end=\"2549\">Ventilator dimnih gasova i turbulatorski sistem pove\u0107avaju kontrolu sagorevanja.<\/li>\n<li data-start=\"2552\" data-end=\"2614\">Automatsko upravljanje snagom regulacijom protoka vazduha.<\/li>\n<\/ul>","protected":false},"excerpt":{"rendered":"<p>Kotao \u0160ukoplam BIOS 30\u202fkW \u2014 \u010deli\u010dni kotao na baliranu biomasu (npr. slama) ili drugo \u010dvrsto gorivo, sa ventilatorom dimnih gasova i trostrukom razmenom toplote. Idealno re\u0161enje za stambene ili male poslovne objekte.<\/p>","protected":false},"featured_media":16233,"template":"","meta":[],"product_brand":[4200],"product_cat":[4235],"product_tag":[],"class_list":{"0":"post-16232","1":"product","2":"type-product","3":"status-publish","4":"has-post-thumbnail","6":"product_brand-sukom","7":"product_cat-kotlovi-na-biomasu","9":"first","10":"instock","11":"purchasable","12":"product-type-simple"},"_links":{"self":[{"href":"https:\/\/hidroterm.dmcsrbija.com\/ru\/wp-json\/wp\/v2\/product\/16232","targetHints":{"allow":["GET"]}}],"collection":[{"href":"https:\/\/hidroterm.dmcsrbija.com\/ru\/wp-json\/wp\/v2\/product"}],"about":[{"href":"https:\/\/hidroterm.dmcsrbija.com\/ru\/wp-json\/wp\/v2\/types\/product"}],"wp:featuredmedia":[{"embeddable":true,"href":"https:\/\/hidroterm.dmcsrbija.com\/ru\/wp-json\/wp\/v2\/media\/16233"}],"wp:attachment":[{"href":"https:\/\/hidroterm.dmcsrbija.com\/ru\/wp-json\/wp\/v2\/media?parent=16232"}],"wp:term":[{"taxonomy":"product_brand","embeddable":true,"href":"https:\/\/hidroterm.dmcsrbija.com\/ru\/wp-json\/wp\/v2\/product_brand?post=16232"},{"taxonomy":"product_cat","embeddable":true,"href":"https:\/\/hidroterm.dmcsrbija.com\/ru\/wp-json\/wp\/v2\/product_cat?post=16232"},{"taxonomy":"product_tag","embeddable":true,"href":"https:\/\/hidroterm.dmcsrbija.com\/ru\/wp-json\/wp\/v2\/product_tag?post=16232"}],"curies":[{"name":"wp","href":"https:\/\/api.w.org\/{rel}","templated":true}]}}