{"id":16230,"date":"2025-07-15T10:59:37","date_gmt":"2025-07-15T08:59:37","guid":{"rendered":"https:\/\/foxit-technology.com\/proizvod\/gasni-kotao-ferroli-konvencionalni\/"},"modified":"2025-07-15T10:59:38","modified_gmt":"2025-07-15T08:59:38","slug":"gasni-kotao-ferroli-konvencionalni","status":"publish","type":"product","link":"https:\/\/hidroterm.dmcsrbija.com\/ru\/proizvod\/gasni-kotao-ferroli-konvencionalni\/","title":{"rendered":"Gasni kotao Ferroli &#8211; konvencionalni"},"content":{"rendered":"<p>Zidni konvencionalni kompakt kotlovi Ferroli za centralno grejanje sa mogu\u0107no\u0161\u0107u kori\u0161\u0107enja sanitarne vode (kombinovani, ili samo za grejanje), u novijoj verziji pod brendovima DIVA D i DIVATOP D. &#8211; poseduju potpunu i intuitivnu kontrolnu tablu, sa autodiagnosti\u010dnom funkcijom sa pozadinskim osvetljenjem i dugmadima za pode\u0161avanje, u odnosu na prethodne verzije konstrukcijski dodatno o\u010dvr\u0161\u0107eni, sa funkcionalnijim rasporedom unutra\u0161njih komponenti u odnosu na prethodnike. Kotao mo\u017ee biti povezan na podesivi daljinski tajmer, sobni termostat. Karakteri\u0161e se visokim stepenom efikasnosti a poseduje podesivi rad i u re\u017eimu tople vode, sa podesivim nagibom pove\u0107anja temperature.&nbsp;<\/p><\/p>","protected":false},"excerpt":{"rendered":"<p>Zidni konvencionalni kompakt kotlovi Ferroli za centralno grejanje sa mogu\u0107no\u0161\u0107u kori\u0161\u0107enja sanitarne vode (kombinovani, ili samo za grejanje), u novijoj verziji pod brendovima DIVA D i DIVATOP D. &#8211; poseduju potpunu i intuitivnu kontrolnu tablu, sa autodiagnosti\u010dnom funkcijom sa pozadinskim osvetljenjem i dugmadima za pode\u0161avanje, u odnosu na prethodne verzije konstrukcijski dodatno o\u010dvr\u0161\u0107eni, sa funkcionalnijim [&hellip;]<\/p>\n","protected":false},"featured_media":16231,"template":"","meta":[],"product_brand":[4191],"product_cat":[4229,4228],"product_tag":[],"class_list":{"0":"post-16230","1":"product","2":"type-product","3":"status-publish","4":"has-post-thumbnail","6":"product_brand-ferroli","7":"product_cat-konvencionalni-kotlovi","8":"product_cat-kotlovi-na-gas","10":"first","11":"instock","12":"purchasable","13":"product-type-simple"},"_links":{"self":[{"href":"https:\/\/hidroterm.dmcsrbija.com\/ru\/wp-json\/wp\/v2\/product\/16230","targetHints":{"allow":["GET"]}}],"collection":[{"href":"https:\/\/hidroterm.dmcsrbija.com\/ru\/wp-json\/wp\/v2\/product"}],"about":[{"href":"https:\/\/hidroterm.dmcsrbija.com\/ru\/wp-json\/wp\/v2\/types\/product"}],"wp:featuredmedia":[{"embeddable":true,"href":"https:\/\/hidroterm.dmcsrbija.com\/ru\/wp-json\/wp\/v2\/media\/16231"}],"wp:attachment":[{"href":"https:\/\/hidroterm.dmcsrbija.com\/ru\/wp-json\/wp\/v2\/media?parent=16230"}],"wp:term":[{"taxonomy":"product_brand","embeddable":true,"href":"https:\/\/hidroterm.dmcsrbija.com\/ru\/wp-json\/wp\/v2\/product_brand?post=16230"},{"taxonomy":"product_cat","embeddable":true,"href":"https:\/\/hidroterm.dmcsrbija.com\/ru\/wp-json\/wp\/v2\/product_cat?post=16230"},{"taxonomy":"product_tag","embeddable":true,"href":"https:\/\/hidroterm.dmcsrbija.com\/ru\/wp-json\/wp\/v2\/product_tag?post=16230"}],"curies":[{"name":"wp","href":"https:\/\/api.w.org\/{rel}","templated":true}]}}