{"id":16228,"date":"2025-07-15T10:59:37","date_gmt":"2025-07-15T08:59:37","guid":{"rendered":"https:\/\/foxit-technology.com\/proizvod\/gasni-kotao-protherm-kondenzacioni\/"},"modified":"2025-07-15T10:59:38","modified_gmt":"2025-07-15T08:59:38","slug":"gasni-kotao-protherm-kondenzacioni","status":"publish","type":"product","link":"https:\/\/hidroterm.dmcsrbija.com\/ru\/proizvod\/gasni-kotao-protherm-kondenzacioni\/","title":{"rendered":"Gasni kotao Protherm &#8211; kondenzacioni"},"content":{"rendered":"<p>Gepard Condens je idealan za kuc\u0301e ili stanove. Opremljen je najsavremenijim izmenjiva\u010dem toplote aluminijumske legure, novog dizajna, garantuje visoku pouzdanost i izdr\u017eljivost uz minimalne zahteve za odr\u017eavanjem. Kotao namenjen pored grejanja i za zagrevanje sanitarne vode. Kompaktnih dimenzija i male te\u017eine idealni su za sme\u0161tanje u malim prostorima.<\/p>","protected":false},"excerpt":{"rendered":"<p>Gepard Condens je idealan za kuc\u0301e ili stanove. Opremljen je najsavremenijim izmenjiva\u010dem toplote aluminijumske legure, novog dizajna, garantuje visoku pouzdanost i izdr\u017eljivost uz minimalne zahteve za odr\u017eavanjem. Kotao namenjen pored grejanja i za zagrevanje sanitarne vode. Kompaktnih dimenzija i male te\u017eine idealni su za sme\u0161tanje u malim prostorima.<\/p>","protected":false},"featured_media":16229,"template":"","meta":[],"product_brand":[4234],"product_cat":[4229,4228],"product_tag":[],"class_list":{"0":"post-16228","1":"product","2":"type-product","3":"status-publish","4":"has-post-thumbnail","6":"product_brand-protherm","7":"product_cat-konvencionalni-kotlovi","8":"product_cat-kotlovi-na-gas","10":"first","11":"instock","12":"purchasable","13":"product-type-simple"},"_links":{"self":[{"href":"https:\/\/hidroterm.dmcsrbija.com\/ru\/wp-json\/wp\/v2\/product\/16228","targetHints":{"allow":["GET"]}}],"collection":[{"href":"https:\/\/hidroterm.dmcsrbija.com\/ru\/wp-json\/wp\/v2\/product"}],"about":[{"href":"https:\/\/hidroterm.dmcsrbija.com\/ru\/wp-json\/wp\/v2\/types\/product"}],"wp:featuredmedia":[{"embeddable":true,"href":"https:\/\/hidroterm.dmcsrbija.com\/ru\/wp-json\/wp\/v2\/media\/16229"}],"wp:attachment":[{"href":"https:\/\/hidroterm.dmcsrbija.com\/ru\/wp-json\/wp\/v2\/media?parent=16228"}],"wp:term":[{"taxonomy":"product_brand","embeddable":true,"href":"https:\/\/hidroterm.dmcsrbija.com\/ru\/wp-json\/wp\/v2\/product_brand?post=16228"},{"taxonomy":"product_cat","embeddable":true,"href":"https:\/\/hidroterm.dmcsrbija.com\/ru\/wp-json\/wp\/v2\/product_cat?post=16228"},{"taxonomy":"product_tag","embeddable":true,"href":"https:\/\/hidroterm.dmcsrbija.com\/ru\/wp-json\/wp\/v2\/product_tag?post=16228"}],"curies":[{"name":"wp","href":"https:\/\/api.w.org\/{rel}","templated":true}]}}