{"id":16226,"date":"2025-07-15T10:59:37","date_gmt":"2025-07-15T08:59:37","guid":{"rendered":"https:\/\/foxit-technology.com\/proizvod\/gasni-kotao-protherm-konvencionalni\/"},"modified":"2025-07-15T10:59:37","modified_gmt":"2025-07-15T08:59:37","slug":"gasni-kotao-protherm-konvencionalni","status":"publish","type":"product","link":"https:\/\/hidroterm.dmcsrbija.com\/ru\/proizvod\/gasni-kotao-protherm-konvencionalni\/","title":{"rendered":"Gasni kotao Protherm &#8211; konvencionalni"},"content":{"rendered":"<p>Kompaktni gasni kotao, koji je opremljen savremenim opcijama koje omoguc\u0301avaju da se postigne efikasnost od \u010dak 93%. Elektronska kontrolna jedinica pru\u017ea elektronsku mogu\u0107nost paljenja gorionika, kontrolu sagorevanja, kontinuiranu modulaciju gasa. Mogu\u0107e je koristiti i za zagrevanje sanitarne vode, pored osnovne funkcije grejanja.<\/p>","protected":false},"excerpt":{"rendered":"<p>Kompaktni gasni kotao, koji je opremljen savremenim opcijama koje omoguc\u0301avaju da se postigne efikasnost od \u010dak 93%. Elektronska kontrolna jedinica pru\u017ea elektronsku mogu\u0107nost paljenja gorionika, kontrolu sagorevanja, kontinuiranu modulaciju gasa. Mogu\u0107e je koristiti i za zagrevanje sanitarne vode, pored osnovne funkcije grejanja.<\/p>","protected":false},"featured_media":16227,"template":"","meta":[],"product_brand":[4234],"product_cat":[4229,4228],"product_tag":[],"class_list":{"0":"post-16226","1":"product","2":"type-product","3":"status-publish","4":"has-post-thumbnail","6":"product_brand-protherm","7":"product_cat-konvencionalni-kotlovi","8":"product_cat-kotlovi-na-gas","10":"first","11":"instock","12":"purchasable","13":"product-type-simple"},"_links":{"self":[{"href":"https:\/\/hidroterm.dmcsrbija.com\/ru\/wp-json\/wp\/v2\/product\/16226","targetHints":{"allow":["GET"]}}],"collection":[{"href":"https:\/\/hidroterm.dmcsrbija.com\/ru\/wp-json\/wp\/v2\/product"}],"about":[{"href":"https:\/\/hidroterm.dmcsrbija.com\/ru\/wp-json\/wp\/v2\/types\/product"}],"wp:featuredmedia":[{"embeddable":true,"href":"https:\/\/hidroterm.dmcsrbija.com\/ru\/wp-json\/wp\/v2\/media\/16227"}],"wp:attachment":[{"href":"https:\/\/hidroterm.dmcsrbija.com\/ru\/wp-json\/wp\/v2\/media?parent=16226"}],"wp:term":[{"taxonomy":"product_brand","embeddable":true,"href":"https:\/\/hidroterm.dmcsrbija.com\/ru\/wp-json\/wp\/v2\/product_brand?post=16226"},{"taxonomy":"product_cat","embeddable":true,"href":"https:\/\/hidroterm.dmcsrbija.com\/ru\/wp-json\/wp\/v2\/product_cat?post=16226"},{"taxonomy":"product_tag","embeddable":true,"href":"https:\/\/hidroterm.dmcsrbija.com\/ru\/wp-json\/wp\/v2\/product_tag?post=16226"}],"curies":[{"name":"wp","href":"https:\/\/api.w.org\/{rel}","templated":true}]}}