{"id":16224,"date":"2025-07-15T10:59:27","date_gmt":"2025-07-15T08:59:27","guid":{"rendered":"https:\/\/foxit-technology.com\/proizvod\/gasni-kotao-immergas-kondenzacioni\/"},"modified":"2025-07-15T10:59:34","modified_gmt":"2025-07-15T08:59:34","slug":"gasni-kotao-immergas-kondenzacioni","status":"publish","type":"product","link":"https:\/\/hidroterm.dmcsrbija.com\/ru\/proizvod\/gasni-kotao-immergas-kondenzacioni\/","title":{"rendered":"Gasni kotao Immergas &#8211; kondenzacioni"},"content":{"rendered":"<p>Kotlovi Immergas su kotlovi dizajnirani za instalaciju na zid ili unutar zida sa kori\u0161\u0107enjem prikladnog instalacionog okvira. Karkateri\u0161u se naprednim mogu\u0107nostima rada, kompaktnim dimenzijama i modernim dizajnom. Napredna elektornika kojom raspola\u017ee ovaj kotao omogu\u0107ava kombinaciju sa digitalnim daljinskim upravlja\u010dem (CRD) za kontrolu kotla sa daljine pove\u0107avaju\u0107i njegove energetske performanse. Na ovaj na\u010din zagarantovani su maksimalni ku\u0107ni komfor i zna\u010dajne u\u0161tede energije.<\/p>","protected":false},"excerpt":{"rendered":"<p>Kotlovi Immergas su kotlovi dizajnirani za instalaciju na zid ili unutar zida sa kori\u0161\u0107enjem prikladnog instalacionog okvira. Karkateri\u0161u se naprednim mogu\u0107nostima rada, kompaktnim dimenzijama i modernim dizajnom. Napredna elektornika kojom raspola\u017ee ovaj kotao omogu\u0107ava kombinaciju sa digitalnim daljinskim upravlja\u010dem (CRD) za kontrolu kotla sa daljine pove\u0107avaju\u0107i njegove energetske performanse. Na ovaj na\u010din zagarantovani su maksimalni [&hellip;]<\/p>\n","protected":false},"featured_media":16225,"template":"","meta":[],"product_brand":[4233],"product_cat":[4229,4228],"product_tag":[],"class_list":{"0":"post-16224","1":"product","2":"type-product","3":"status-publish","4":"has-post-thumbnail","6":"product_brand-immergas","7":"product_cat-konvencionalni-kotlovi","8":"product_cat-kotlovi-na-gas","10":"first","11":"instock","12":"purchasable","13":"product-type-simple"},"_links":{"self":[{"href":"https:\/\/hidroterm.dmcsrbija.com\/ru\/wp-json\/wp\/v2\/product\/16224","targetHints":{"allow":["GET"]}}],"collection":[{"href":"https:\/\/hidroterm.dmcsrbija.com\/ru\/wp-json\/wp\/v2\/product"}],"about":[{"href":"https:\/\/hidroterm.dmcsrbija.com\/ru\/wp-json\/wp\/v2\/types\/product"}],"wp:featuredmedia":[{"embeddable":true,"href":"https:\/\/hidroterm.dmcsrbija.com\/ru\/wp-json\/wp\/v2\/media\/16225"}],"wp:attachment":[{"href":"https:\/\/hidroterm.dmcsrbija.com\/ru\/wp-json\/wp\/v2\/media?parent=16224"}],"wp:term":[{"taxonomy":"product_brand","embeddable":true,"href":"https:\/\/hidroterm.dmcsrbija.com\/ru\/wp-json\/wp\/v2\/product_brand?post=16224"},{"taxonomy":"product_cat","embeddable":true,"href":"https:\/\/hidroterm.dmcsrbija.com\/ru\/wp-json\/wp\/v2\/product_cat?post=16224"},{"taxonomy":"product_tag","embeddable":true,"href":"https:\/\/hidroterm.dmcsrbija.com\/ru\/wp-json\/wp\/v2\/product_tag?post=16224"}],"curies":[{"name":"wp","href":"https:\/\/api.w.org\/{rel}","templated":true}]}}