{"id":16218,"date":"2025-07-15T10:59:27","date_gmt":"2025-07-15T08:59:27","guid":{"rendered":"https:\/\/foxit-technology.com\/proizvod\/gasni-kotao-vaillant-kondenzacioni\/"},"modified":"2025-07-15T10:59:33","modified_gmt":"2025-07-15T08:59:33","slug":"gasni-kotao-vaillant-kondenzacioni","status":"publish","type":"product","link":"https:\/\/hidroterm.dmcsrbija.com\/ru\/proizvod\/gasni-kotao-vaillant-kondenzacioni\/","title":{"rendered":"Gasni kotao Vaillant &#8211; kondenzacioni"},"content":{"rendered":"<p>Eco tec PRO VUW INT i Eco tec Plus VUW INT su kondenzacioni kotlovi. Primenom kondenzacijske tehnologije mogu\u0107e je ostvariti i do 17% u\u0161tede tro\u0161kova grejanja u odnosu na konvencionalnu tehnologiju, koriste\u0107i dodatno toplinu vodene pare iz dimnih plinova. Kod konvencionalnih ure\u0111aja vodena para se neiskori\u0161\u0107eno gubi odvo\u0111enjem kroz dimovodnu cev. Osim vrlo visokog stepena iskori\u0107enja (110%), ovde govorimo i o bitno smanjenoj emisiji \u0161tetnih gasova. Smanjene dimenzije u odnosu na dosada\u0161nju generaciju ure\u0111aja. Modeli serije 5 su sa digitalnim displejom.<\/p>","protected":false},"excerpt":{"rendered":"<p>Eco tec PRO VUW INT i Eco tec Plus VUW INT su kondenzacioni kotlovi. Primenom kondenzacijske tehnologije mogu\u0107e je ostvariti i do 17% u\u0161tede tro\u0161kova grejanja u odnosu na konvencionalnu tehnologiju, koriste\u0107i dodatno toplinu vodene pare iz dimnih plinova. Kod konvencionalnih ure\u0111aja vodena para se neiskori\u0161\u0107eno gubi odvo\u0111enjem kroz dimovodnu cev. Osim vrlo visokog stepena [&hellip;]<\/p>\n","protected":false},"featured_media":16219,"template":"","meta":[],"product_brand":[4226],"product_cat":[4229,4228],"product_tag":[],"class_list":{"0":"post-16218","1":"product","2":"type-product","3":"status-publish","4":"has-post-thumbnail","6":"product_brand-vaillant","7":"product_cat-konvencionalni-kotlovi","8":"product_cat-kotlovi-na-gas","10":"first","11":"instock","12":"purchasable","13":"product-type-simple"},"_links":{"self":[{"href":"https:\/\/hidroterm.dmcsrbija.com\/ru\/wp-json\/wp\/v2\/product\/16218","targetHints":{"allow":["GET"]}}],"collection":[{"href":"https:\/\/hidroterm.dmcsrbija.com\/ru\/wp-json\/wp\/v2\/product"}],"about":[{"href":"https:\/\/hidroterm.dmcsrbija.com\/ru\/wp-json\/wp\/v2\/types\/product"}],"wp:featuredmedia":[{"embeddable":true,"href":"https:\/\/hidroterm.dmcsrbija.com\/ru\/wp-json\/wp\/v2\/media\/16219"}],"wp:attachment":[{"href":"https:\/\/hidroterm.dmcsrbija.com\/ru\/wp-json\/wp\/v2\/media?parent=16218"}],"wp:term":[{"taxonomy":"product_brand","embeddable":true,"href":"https:\/\/hidroterm.dmcsrbija.com\/ru\/wp-json\/wp\/v2\/product_brand?post=16218"},{"taxonomy":"product_cat","embeddable":true,"href":"https:\/\/hidroterm.dmcsrbija.com\/ru\/wp-json\/wp\/v2\/product_cat?post=16218"},{"taxonomy":"product_tag","embeddable":true,"href":"https:\/\/hidroterm.dmcsrbija.com\/ru\/wp-json\/wp\/v2\/product_tag?post=16218"}],"curies":[{"name":"wp","href":"https:\/\/api.w.org\/{rel}","templated":true}]}}