{"id":16216,"date":"2025-07-15T10:59:27","date_gmt":"2025-07-15T08:59:27","guid":{"rendered":"https:\/\/foxit-technology.com\/proizvod\/gasni-kotao-vaillant-konvencionalni\/"},"modified":"2025-07-15T10:59:33","modified_gmt":"2025-07-15T08:59:33","slug":"gasni-kotao-vaillant-konvencionalni","status":"publish","type":"product","link":"https:\/\/hidroterm.dmcsrbija.com\/ru\/proizvod\/gasni-kotao-vaillant-konvencionalni\/","title":{"rendered":"Gasni kotao Vaillant &#8211; konvencionalni"},"content":{"rendered":"<p>Kombinovani gasni kotlovi Vaillant su idealno re\u0161enje za moderne i klasi\u010dne sisteme grejanja. Kompaktne dimenzije zahtevaju minimum prostora za ugradnju, a ure\u0111aj pru\u017ea mogu\u0107nost grejanja i pripreme tople sanitarne vode. Dostupni su fasadni ure\u0111aji sa sopstvenim vazduhodimovodnim sistemom (TurboTec Pro) i nadgradnja serije pro za slo\u017eenije zahteve (Turbo Tec Plus). Modeli serije 3 su sa analognim a serije 5 sa digitalnim displejom.<\/p>","protected":false},"excerpt":{"rendered":"<p>Kombinovani gasni kotlovi Vaillant su idealno re\u0161enje za moderne i klasi\u010dne sisteme grejanja. Kompaktne dimenzije zahtevaju minimum prostora za ugradnju, a ure\u0111aj pru\u017ea mogu\u0107nost grejanja i pripreme tople sanitarne vode. Dostupni su fasadni ure\u0111aji sa sopstvenim vazduhodimovodnim sistemom (TurboTec Pro) i nadgradnja serije pro za slo\u017eenije zahteve (Turbo Tec Plus). Modeli serije 3 su sa [&hellip;]<\/p>\n","protected":false},"featured_media":16217,"template":"","meta":[],"product_brand":[4226],"product_cat":[4229,4228],"product_tag":[],"class_list":{"0":"post-16216","1":"product","2":"type-product","3":"status-publish","4":"has-post-thumbnail","6":"product_brand-vaillant","7":"product_cat-konvencionalni-kotlovi","8":"product_cat-kotlovi-na-gas","10":"first","11":"instock","12":"purchasable","13":"product-type-simple"},"_links":{"self":[{"href":"https:\/\/hidroterm.dmcsrbija.com\/ru\/wp-json\/wp\/v2\/product\/16216","targetHints":{"allow":["GET"]}}],"collection":[{"href":"https:\/\/hidroterm.dmcsrbija.com\/ru\/wp-json\/wp\/v2\/product"}],"about":[{"href":"https:\/\/hidroterm.dmcsrbija.com\/ru\/wp-json\/wp\/v2\/types\/product"}],"wp:featuredmedia":[{"embeddable":true,"href":"https:\/\/hidroterm.dmcsrbija.com\/ru\/wp-json\/wp\/v2\/media\/16217"}],"wp:attachment":[{"href":"https:\/\/hidroterm.dmcsrbija.com\/ru\/wp-json\/wp\/v2\/media?parent=16216"}],"wp:term":[{"taxonomy":"product_brand","embeddable":true,"href":"https:\/\/hidroterm.dmcsrbija.com\/ru\/wp-json\/wp\/v2\/product_brand?post=16216"},{"taxonomy":"product_cat","embeddable":true,"href":"https:\/\/hidroterm.dmcsrbija.com\/ru\/wp-json\/wp\/v2\/product_cat?post=16216"},{"taxonomy":"product_tag","embeddable":true,"href":"https:\/\/hidroterm.dmcsrbija.com\/ru\/wp-json\/wp\/v2\/product_tag?post=16216"}],"curies":[{"name":"wp","href":"https:\/\/api.w.org\/{rel}","templated":true}]}}