{"id":16210,"date":"2025-07-15T10:59:27","date_gmt":"2025-07-15T08:59:27","guid":{"rendered":"https:\/\/foxit-technology.com\/proizvod\/vitodens-100-w-32-do-320-kw\/"},"modified":"2025-07-15T10:59:32","modified_gmt":"2025-07-15T08:59:32","slug":"vitodens-100-w-32-do-320-kw","status":"publish","type":"product","link":"https:\/\/hidroterm.dmcsrbija.com\/ru\/proizvod\/vitodens-100-w-32-do-320-kw\/","title":{"rendered":"VITODENS 100-W 3,2 do 32,0 kW"},"content":{"rendered":"<p>*Pribor za monta\u017eu nije u ceni, mora se dodatno poru\u010diti!<\/p>\n<\/p>\n<p>+ Klasa energetske&nbsp;efikasnosti A.<\/p>\n<p>+ Normni stepen iskori\u0161\u0107enja:98 % (Hg)\/109 % (Hd).<\/p>\n<p>+ Opseg modulacije do 1:10.<\/p>\n<p>+ Niska pogonska buka zahvaljuju\u0107i pro\u0161irenom opsegu modulacije<\/p>\n<p>.+ Razmenjiva\u010d toplote Inox-Radial od plemenitog \u010delika (mogu\u0107nos tprodu\u017eenja garancije do 10 godina) sa efektom samo\u010di\u0161\u0107enja zbog usmerenog toka dimnih gasova i kondenzata.<\/p>\n<p>+ Moduli\u0161u\u0107i cilindri\u010dniMatriX-Plus gorionik saLambda Pro regulacijom sagorevanja i niskom emisijom azotnih oksida.<\/p>\n<p>+ Integrisana visoko efikasna cirkulaciona pumpa.<\/p>\n<p>+ Jednostavno i intuitivno opslu\u017eivanje preko LCDekrana osetljivog na dodir.<\/p>\n<p>+ Regulacija s mogu\u0107no\u0161\u0107u priklju\u010dka za moduli\u0161u\u0107e sobne termostate (interfejsOpentherm) i ru\u010dnim ograni\u010denjem kapaciteta.<\/p>\n<p>+ Za rad zavisan ili nezavisan od vazduha u prostoriji.<\/p>\n<p>+ Povezivanje sa internetom sa integrisanom WLAN komunikacijom za kori\u0161\u0107enje i servisiranje pomo\u0107u aplikacije ViCare.<\/p>\n<p>+ Tihi rad zbog male brzine ventilatora.<\/p>\n<p>+ Mogu\u0107nost produ\u017eenja garantnog roka do 5 godina.<\/p>\n<p>+ Vi\u0161e informacija mo\u017eete prona\u0107i u tehni\u010dkojdokumentaciji na:&nbsp;<a href=\"https:\/\/https:\/\/webapps.viessmann.com\/vibooks\/RS\/sr\">https:\/\/https:\/\/webapps.viessmann.com\/vibooks\/RS\/sr<\/a><\/p>\n<p>&nbsp;<\/p>\n<p>10 godina garancije na sve razmenjiva\u010de toplote od plemenitog \u010delika za kondenzacione kotlove do 150 kW<\/p>","protected":false},"excerpt":{"rendered":"<p>*Pribor za monta\u017eu nije u ceni, mora se dodatno poru\u010diti! + Klasa energetske&nbsp;efikasnosti A. + Normni stepen iskori\u0161\u0107enja:98 % (Hg)\/109 % (Hd). + Opseg modulacije do 1:10. + Niska pogonska buka zahvaljuju\u0107i pro\u0161irenom opsegu modulacije .+ Razmenjiva\u010d toplote Inox-Radial od plemenitog \u010delika (mogu\u0107nos tprodu\u017eenja garancije do 10 godina) sa efektom samo\u010di\u0161\u0107enja zbog usmerenog toka dimnih [&hellip;]<\/p>\n","protected":false},"featured_media":16211,"template":"","meta":[],"product_brand":[4227],"product_cat":[4232,4231,4228],"product_tag":[],"class_list":{"0":"post-16210","1":"product","2":"type-product","3":"status-publish","4":"has-post-thumbnail","6":"product_brand-viessmann","7":"product_cat-gasni-kotao-viessmann-kondenzacioni","8":"product_cat-kondenzacioni-kotlovi","9":"product_cat-kotlovi-na-gas","11":"first","12":"instock","13":"purchasable","14":"product-type-simple"},"_links":{"self":[{"href":"https:\/\/hidroterm.dmcsrbija.com\/ru\/wp-json\/wp\/v2\/product\/16210","targetHints":{"allow":["GET"]}}],"collection":[{"href":"https:\/\/hidroterm.dmcsrbija.com\/ru\/wp-json\/wp\/v2\/product"}],"about":[{"href":"https:\/\/hidroterm.dmcsrbija.com\/ru\/wp-json\/wp\/v2\/types\/product"}],"wp:featuredmedia":[{"embeddable":true,"href":"https:\/\/hidroterm.dmcsrbija.com\/ru\/wp-json\/wp\/v2\/media\/16211"}],"wp:attachment":[{"href":"https:\/\/hidroterm.dmcsrbija.com\/ru\/wp-json\/wp\/v2\/media?parent=16210"}],"wp:term":[{"taxonomy":"product_brand","embeddable":true,"href":"https:\/\/hidroterm.dmcsrbija.com\/ru\/wp-json\/wp\/v2\/product_brand?post=16210"},{"taxonomy":"product_cat","embeddable":true,"href":"https:\/\/hidroterm.dmcsrbija.com\/ru\/wp-json\/wp\/v2\/product_cat?post=16210"},{"taxonomy":"product_tag","embeddable":true,"href":"https:\/\/hidroterm.dmcsrbija.com\/ru\/wp-json\/wp\/v2\/product_tag?post=16210"}],"curies":[{"name":"wp","href":"https:\/\/api.w.org\/{rel}","templated":true}]}}