{"id":16208,"date":"2025-07-15T10:59:27","date_gmt":"2025-07-15T08:59:27","guid":{"rendered":"https:\/\/foxit-technology.com\/proizvod\/kotao-viessman-vitopend-100-w-90-340-kw\/"},"modified":"2025-07-15T10:59:31","modified_gmt":"2025-07-15T08:59:31","slug":"kotao-viessman-vitopend-100-w-90-340-kw","status":"publish","type":"product","link":"https:\/\/hidroterm.dmcsrbija.com\/ru\/proizvod\/kotao-viessman-vitopend-100-w-90-340-kw\/","title":{"rendered":"Kotao Viessman Vitopend 100-w  9,0 \u2013 34,0 kW"},"content":{"rendered":"<p>*Pribor za monta\u017eu nije u ceni, mora se dodatno poru\u010diti!<\/p>\n<\/p>\n<p>+ Niskotemperaturni ure\u0111ajza grejanje (za rad nezavisan od vazduha u prostoriji).<\/p>\n<p>+ Kompaktne dimenzije&nbsp;ure\u0111aja.<\/p>\n<p>+ Visoki komfor pri tro\u0161enju tople vode.<\/p>\n<p>+ Integrisani vremenski programator sa dnevnim i nedeljnim programom.<\/p>\n<p>+ Novi model u potpuno novom kapacitetu od 34 kW.<\/p>\n<p>+ Dozvoljeni priklju\u010dni napon170-253 V.<\/p>\n<p>+ Dozvoljen pritisak gasa13-25 mbar.<\/p>\n<p>+ HIT: Mogu\u0107nost vo\u0111enja (klizanja) po spoljnoj temperaturi! Isti senzor za vo\u0111enje prema spolja\u0161njim ili sobnim uslovima.<\/p>\n<p>+ HIT: Isprogramiranih 6razli\u010ditih krivih grejanja.<\/p>\n<p>+ Internet priklju\u010dak.<\/p>\n<p>+ Presostat za prekid rada ure\u0111aja u slu\u010daju nedostatka vode u instalaciji.<\/p>\n<p>+ Mogu\u0107nost vo\u0111enja solarnog sistema.<\/p>","protected":false},"excerpt":{"rendered":"<p>*Pribor za monta\u017eu nije u ceni, mora se dodatno poru\u010diti! + Niskotemperaturni ure\u0111ajza grejanje (za rad nezavisan od vazduha u prostoriji). + Kompaktne dimenzije&nbsp;ure\u0111aja. + Visoki komfor pri tro\u0161enju tople vode. + Integrisani vremenski programator sa dnevnim i nedeljnim programom. + Novi model u potpuno novom kapacitetu od 34 kW. + Dozvoljeni priklju\u010dni napon170-253 V. [&hellip;]<\/p>\n","protected":false},"featured_media":16209,"template":"","meta":[],"product_brand":[4227],"product_cat":[4229,4228,4230],"product_tag":[],"class_list":{"0":"post-16208","1":"product","2":"type-product","3":"status-publish","4":"has-post-thumbnail","6":"product_brand-viessmann","7":"product_cat-konvencionalni-kotlovi","8":"product_cat-kotlovi-na-gas","9":"product_cat-viessmann-vitopend-konvencionalni","11":"first","12":"instock","13":"purchasable","14":"product-type-simple"},"_links":{"self":[{"href":"https:\/\/hidroterm.dmcsrbija.com\/ru\/wp-json\/wp\/v2\/product\/16208","targetHints":{"allow":["GET"]}}],"collection":[{"href":"https:\/\/hidroterm.dmcsrbija.com\/ru\/wp-json\/wp\/v2\/product"}],"about":[{"href":"https:\/\/hidroterm.dmcsrbija.com\/ru\/wp-json\/wp\/v2\/types\/product"}],"wp:featuredmedia":[{"embeddable":true,"href":"https:\/\/hidroterm.dmcsrbija.com\/ru\/wp-json\/wp\/v2\/media\/16209"}],"wp:attachment":[{"href":"https:\/\/hidroterm.dmcsrbija.com\/ru\/wp-json\/wp\/v2\/media?parent=16208"}],"wp:term":[{"taxonomy":"product_brand","embeddable":true,"href":"https:\/\/hidroterm.dmcsrbija.com\/ru\/wp-json\/wp\/v2\/product_brand?post=16208"},{"taxonomy":"product_cat","embeddable":true,"href":"https:\/\/hidroterm.dmcsrbija.com\/ru\/wp-json\/wp\/v2\/product_cat?post=16208"},{"taxonomy":"product_tag","embeddable":true,"href":"https:\/\/hidroterm.dmcsrbija.com\/ru\/wp-json\/wp\/v2\/product_tag?post=16208"}],"curies":[{"name":"wp","href":"https:\/\/api.w.org\/{rel}","templated":true}]}}