{"id":16206,"date":"2025-07-15T10:59:27","date_gmt":"2025-07-15T08:59:27","guid":{"rendered":"https:\/\/foxit-technology.com\/proizvod\/elektricni-kotao-vaillant-elo-block\/"},"modified":"2025-07-15T10:59:31","modified_gmt":"2025-07-15T08:59:31","slug":"elektricni-kotao-vaillant-elo-block","status":"publish","type":"product","link":"https:\/\/hidroterm.dmcsrbija.com\/ru\/proizvod\/elektricni-kotao-vaillant-elo-block\/","title":{"rendered":"Elektri\u010dni kotao Vaillant Elo Block"},"content":{"rendered":"<p>Vaillantova nova generacija elektri\u010dnih kotlova za centralno grejanje. Rad ovih ure\u0111aja je sasvim automatizovan i gotovo ne\u010dujan. Ure\u0111aji opremljeni sa svim radnim i sigurnosnim elementima. Budu\u0107i da je ovdje re\u010d o elektri\u010dnoj energiji, naravno da je rad ovih ure\u0111aja u potpunosti ekolo\u0161ki,za njihov rad nije potreban dimnjak pa ih je mogu\u0107e montirati i u najmanje prostore jer ne koriste vazduh za izgaranje. Postoji i mogu\u0107nost povezivanja u kaskadu (modeli 24 kW i 28 kW).<\/p>","protected":false},"excerpt":{"rendered":"<p>Vaillantova nova generacija elektri\u010dnih kotlova za centralno grejanje. Rad ovih ure\u0111aja je sasvim automatizovan i gotovo ne\u010dujan. Ure\u0111aji opremljeni sa svim radnim i sigurnosnim elementima. Budu\u0107i da je ovdje re\u010d o elektri\u010dnoj energiji, naravno da je rad ovih ure\u0111aja u potpunosti ekolo\u0161ki,za njihov rad nije potreban dimnjak pa ih je mogu\u0107e montirati i u najmanje [&hellip;]<\/p>\n","protected":false},"featured_media":16207,"template":"","meta":[],"product_brand":[4226],"product_cat":[4223],"product_tag":[],"class_list":{"0":"post-16206","1":"product","2":"type-product","3":"status-publish","4":"has-post-thumbnail","6":"product_brand-vaillant","7":"product_cat-elektricni-kotlovi","9":"first","10":"instock","11":"purchasable","12":"product-type-simple"},"_links":{"self":[{"href":"https:\/\/hidroterm.dmcsrbija.com\/ru\/wp-json\/wp\/v2\/product\/16206","targetHints":{"allow":["GET"]}}],"collection":[{"href":"https:\/\/hidroterm.dmcsrbija.com\/ru\/wp-json\/wp\/v2\/product"}],"about":[{"href":"https:\/\/hidroterm.dmcsrbija.com\/ru\/wp-json\/wp\/v2\/types\/product"}],"wp:featuredmedia":[{"embeddable":true,"href":"https:\/\/hidroterm.dmcsrbija.com\/ru\/wp-json\/wp\/v2\/media\/16207"}],"wp:attachment":[{"href":"https:\/\/hidroterm.dmcsrbija.com\/ru\/wp-json\/wp\/v2\/media?parent=16206"}],"wp:term":[{"taxonomy":"product_brand","embeddable":true,"href":"https:\/\/hidroterm.dmcsrbija.com\/ru\/wp-json\/wp\/v2\/product_brand?post=16206"},{"taxonomy":"product_cat","embeddable":true,"href":"https:\/\/hidroterm.dmcsrbija.com\/ru\/wp-json\/wp\/v2\/product_cat?post=16206"},{"taxonomy":"product_tag","embeddable":true,"href":"https:\/\/hidroterm.dmcsrbija.com\/ru\/wp-json\/wp\/v2\/product_tag?post=16206"}],"curies":[{"name":"wp","href":"https:\/\/api.w.org\/{rel}","templated":true}]}}