{"id":16204,"date":"2025-07-15T10:59:27","date_gmt":"2025-07-15T08:59:27","guid":{"rendered":"https:\/\/foxit-technology.com\/proizvod\/elektricni-kotao-impro-compact\/"},"modified":"2025-07-15T10:59:31","modified_gmt":"2025-07-15T08:59:31","slug":"elektricni-kotao-impro-compact","status":"publish","type":"product","link":"https:\/\/hidroterm.dmcsrbija.com\/ru\/proizvod\/elektricni-kotao-impro-compact\/","title":{"rendered":"Elektri\u010dni kotao Impro Compact"},"content":{"rendered":"<p>Impro elektri\u010dni blok kotao je formiran kao kompletna mini kotlarnica koja se sastoji od cirkulacione pumpe, ekspanzione posude i jo\u0161 \u010ditavog niza sigurnosne opreme i automatike. Impro elektri\u010dni blok kotlovi se izra\u0111uju u rasponu od 6 do 36kW snage u varijantama jednocevnog, dvocevnog radijatorskog razvoda i u varijanti vi\u0161ekru\u017enog podnog sistema grejanja. Kotlovi za jednocevni i podni sistem grejanja su opremljeni sabirnikom i razdelnikom do najvi\u0161e 5 grejnih krugova sa ventilima za balansiranje. Modeli su sa pumpom i posudom.<\/p>","protected":false},"excerpt":{"rendered":"<p>Impro elektri\u010dni blok kotao je formiran kao kompletna mini kotlarnica koja se sastoji od cirkulacione pumpe, ekspanzione posude i jo\u0161 \u010ditavog niza sigurnosne opreme i automatike. Impro elektri\u010dni blok kotlovi se izra\u0111uju u rasponu od 6 do 36kW snage u varijantama jednocevnog, dvocevnog radijatorskog razvoda i u varijanti vi\u0161ekru\u017enog podnog sistema grejanja. Kotlovi za jednocevni [&hellip;]<\/p>\n","protected":false},"featured_media":16205,"template":"","meta":[],"product_brand":[4225],"product_cat":[4223],"product_tag":[],"class_list":{"0":"post-16204","1":"product","2":"type-product","3":"status-publish","4":"has-post-thumbnail","6":"product_brand-impro","7":"product_cat-elektricni-kotlovi","9":"first","10":"instock","11":"purchasable","12":"product-type-simple"},"_links":{"self":[{"href":"https:\/\/hidroterm.dmcsrbija.com\/ru\/wp-json\/wp\/v2\/product\/16204","targetHints":{"allow":["GET"]}}],"collection":[{"href":"https:\/\/hidroterm.dmcsrbija.com\/ru\/wp-json\/wp\/v2\/product"}],"about":[{"href":"https:\/\/hidroterm.dmcsrbija.com\/ru\/wp-json\/wp\/v2\/types\/product"}],"wp:featuredmedia":[{"embeddable":true,"href":"https:\/\/hidroterm.dmcsrbija.com\/ru\/wp-json\/wp\/v2\/media\/16205"}],"wp:attachment":[{"href":"https:\/\/hidroterm.dmcsrbija.com\/ru\/wp-json\/wp\/v2\/media?parent=16204"}],"wp:term":[{"taxonomy":"product_brand","embeddable":true,"href":"https:\/\/hidroterm.dmcsrbija.com\/ru\/wp-json\/wp\/v2\/product_brand?post=16204"},{"taxonomy":"product_cat","embeddable":true,"href":"https:\/\/hidroterm.dmcsrbija.com\/ru\/wp-json\/wp\/v2\/product_cat?post=16204"},{"taxonomy":"product_tag","embeddable":true,"href":"https:\/\/hidroterm.dmcsrbija.com\/ru\/wp-json\/wp\/v2\/product_tag?post=16204"}],"curies":[{"name":"wp","href":"https:\/\/api.w.org\/{rel}","templated":true}]}}