{"id":16202,"date":"2025-07-15T10:59:27","date_gmt":"2025-07-15T08:59:27","guid":{"rendered":"https:\/\/foxit-technology.com\/proizvod\/elektricni-kotao-impro-obican\/"},"modified":"2025-07-15T10:59:30","modified_gmt":"2025-07-15T08:59:30","slug":"elektricni-kotao-impro-obican","status":"publish","type":"product","link":"https:\/\/hidroterm.dmcsrbija.com\/ru\/proizvod\/elektricni-kotao-impro-obican\/","title":{"rendered":"Elektri\u010dni kotao Impro obi\u010dan"},"content":{"rendered":"<p>Impro elektri\u010dni kotao namenjen je za zagrevanje poslovnih, stambenih i proizvodnih prostora. Mo\u017ee se koristiti kao primarni izvor toplote, ili kao dodatani izvor toplote za instalacije u kojima ve\u0107 postoji primarni izvor toplote. Impro elektri\u010dni kotlovi se sastoje od greja\u010da i jo\u0161 \u010ditavog niza sigurnosne opreme i automatike. Modeli su bez pumpe i posude.<\/p>","protected":false},"excerpt":{"rendered":"<p>Impro elektri\u010dni kotao namenjen je za zagrevanje poslovnih, stambenih i proizvodnih prostora. Mo\u017ee se koristiti kao primarni izvor toplote, ili kao dodatani izvor toplote za instalacije u kojima ve\u0107 postoji primarni izvor toplote. Impro elektri\u010dni kotlovi se sastoje od greja\u010da i jo\u0161 \u010ditavog niza sigurnosne opreme i automatike. Modeli su bez pumpe i posude.<\/p>","protected":false},"featured_media":16203,"template":"","meta":[],"product_brand":[4225],"product_cat":[4223],"product_tag":[],"class_list":{"0":"post-16202","1":"product","2":"type-product","3":"status-publish","4":"has-post-thumbnail","6":"product_brand-impro","7":"product_cat-elektricni-kotlovi","9":"first","10":"instock","11":"purchasable","12":"product-type-simple"},"_links":{"self":[{"href":"https:\/\/hidroterm.dmcsrbija.com\/ru\/wp-json\/wp\/v2\/product\/16202","targetHints":{"allow":["GET"]}}],"collection":[{"href":"https:\/\/hidroterm.dmcsrbija.com\/ru\/wp-json\/wp\/v2\/product"}],"about":[{"href":"https:\/\/hidroterm.dmcsrbija.com\/ru\/wp-json\/wp\/v2\/types\/product"}],"wp:featuredmedia":[{"embeddable":true,"href":"https:\/\/hidroterm.dmcsrbija.com\/ru\/wp-json\/wp\/v2\/media\/16203"}],"wp:attachment":[{"href":"https:\/\/hidroterm.dmcsrbija.com\/ru\/wp-json\/wp\/v2\/media?parent=16202"}],"wp:term":[{"taxonomy":"product_brand","embeddable":true,"href":"https:\/\/hidroterm.dmcsrbija.com\/ru\/wp-json\/wp\/v2\/product_brand?post=16202"},{"taxonomy":"product_cat","embeddable":true,"href":"https:\/\/hidroterm.dmcsrbija.com\/ru\/wp-json\/wp\/v2\/product_cat?post=16202"},{"taxonomy":"product_tag","embeddable":true,"href":"https:\/\/hidroterm.dmcsrbija.com\/ru\/wp-json\/wp\/v2\/product_tag?post=16202"}],"curies":[{"name":"wp","href":"https:\/\/api.w.org\/{rel}","templated":true}]}}