{"id":16198,"date":"2025-07-15T10:59:27","date_gmt":"2025-07-15T08:59:27","guid":{"rendered":"https:\/\/foxit-technology.com\/proizvod\/el-kotao-eko-pan-vek\/"},"modified":"2025-09-22T12:54:52","modified_gmt":"2025-09-22T10:54:52","slug":"el-kotao-eko-pan-vek","status":"publish","type":"product","link":"https:\/\/hidroterm.dmcsrbija.com\/ru\/proizvod\/el-kotao-eko-pan-vek\/","title":{"rendered":"El. kotao Eko-pan VEK"},"content":{"rendered":"<p>Serija elektri\u010dnih zidnih kotlova VEK namenjena je za grejanje stambenih i poslovnih prostora. Male dimenzije i moderan dizajn karakteristike su koje ce omogu\u0107iti savr\u0161eno uklopljene ure\u0111aje u Va\u0161 enterijer.<\/p>\n<h2>El. kotao Eko-pan VEK<\/h2>\n<p>El. kotao Eko-pan VEK je savremeni ure\u0111aj dizajniran za efikasno grejanje va\u0161ih prostora. Ovaj kotao pru\u017ea pouzdanu i ekonomi\u010dnu alternativu tradicionalnim sistemima grejanja, omogu\u0107avaju\u0107i vam da u\u017eivate u udobnosti uz minimalne tro\u0161kove.<\/p>\n<h3>Karakteristike proizvoda<\/h3>\n<ul>\n<li>Visoka efikasnost i u\u0161teda energije<\/li>\n<li>Jednostavna instalacija i upotreba<\/li>\n<li>Ekolo\u0161ki prihvatljiv rad<\/li>\n<li>Automatsko pode\u0161avanje temperature<\/li>\n<\/ul>\n<h3>Specifikacije<\/h3>\n<table>\n<tbody>\n<tr>\n<th>Specifikacija<\/th>\n<th>Vrednost<\/th>\n<\/tr>\n<tr>\n<td>Snaga (kW)<\/td>\n<td>9<\/td>\n<\/tr>\n<tr>\n<td>Kapacitet rezervoara (l)<\/td>\n<td>50<\/td>\n<\/tr>\n<tr>\n<td>Dimenzije (mm)<\/td>\n<td>700 x 600 x 400<\/td>\n<\/tr>\n<tr>\n<td>Te\u017eina (kg)<\/td>\n<td>70<\/td>\n<\/tr>\n<\/tbody>\n<\/table>\n<h3>Za\u0161to izabrati Eko-pan VEK?<\/h3>\n<p>Izaberite el. kotao Eko-pan VEK za va\u0161u ku\u0107u ili poslovni prostor i u\u017eivajte u konstantnoj toplini uz nisku potro\u0161nju energije. Ovaj kotao je idealan za sve koji \u017eele da smanje svoj ekolo\u0161ki otisak i tro\u0161kove grejanja.<\/p>","protected":false},"excerpt":{"rendered":"<p>El. kotao Eko-pan VEK je efikasan i ekolo\u0161ki prihvatljiv ure\u0111aj za grejanje. Pru\u017ea visoku u\u0161tedu energije uz jednostavnu instalaciju.<\/p>","protected":false},"featured_media":16199,"template":"","meta":[],"product_brand":[4224],"product_cat":[4223],"product_tag":[],"class_list":{"0":"post-16198","1":"product","2":"type-product","3":"status-publish","4":"has-post-thumbnail","6":"product_brand-eko-pan","7":"product_cat-elektricni-kotlovi","8":"pa_dimenzije-700-x-600-x-400-mm","10":"first","11":"instock","12":"purchasable","13":"product-type-simple"},"_links":{"self":[{"href":"https:\/\/hidroterm.dmcsrbija.com\/ru\/wp-json\/wp\/v2\/product\/16198","targetHints":{"allow":["GET"]}}],"collection":[{"href":"https:\/\/hidroterm.dmcsrbija.com\/ru\/wp-json\/wp\/v2\/product"}],"about":[{"href":"https:\/\/hidroterm.dmcsrbija.com\/ru\/wp-json\/wp\/v2\/types\/product"}],"wp:featuredmedia":[{"embeddable":true,"href":"https:\/\/hidroterm.dmcsrbija.com\/ru\/wp-json\/wp\/v2\/media\/16199"}],"wp:attachment":[{"href":"https:\/\/hidroterm.dmcsrbija.com\/ru\/wp-json\/wp\/v2\/media?parent=16198"}],"wp:term":[{"taxonomy":"product_brand","embeddable":true,"href":"https:\/\/hidroterm.dmcsrbija.com\/ru\/wp-json\/wp\/v2\/product_brand?post=16198"},{"taxonomy":"product_cat","embeddable":true,"href":"https:\/\/hidroterm.dmcsrbija.com\/ru\/wp-json\/wp\/v2\/product_cat?post=16198"},{"taxonomy":"product_tag","embeddable":true,"href":"https:\/\/hidroterm.dmcsrbija.com\/ru\/wp-json\/wp\/v2\/product_tag?post=16198"}],"curies":[{"name":"wp","href":"https:\/\/api.w.org\/{rel}","templated":true}]}}