{"id":16196,"date":"2025-07-15T10:59:27","date_gmt":"2025-07-15T08:59:27","guid":{"rendered":"https:\/\/foxit-technology.com\/proizvod\/elektricni-kotao-teknix-wi-fi\/"},"modified":"2025-07-15T10:59:29","modified_gmt":"2025-07-15T08:59:29","slug":"elektricni-kotao-teknix-wi-fi","status":"publish","type":"product","link":"https:\/\/hidroterm.dmcsrbija.com\/ru\/proizvod\/elektricni-kotao-teknix-wi-fi\/","title":{"rendered":"Elektri\u010dni kotao Teknix Wi-fi"},"content":{"rendered":"<p><span style=\"color: #ff0000;\"><strong>Novo u ponudi!<\/strong><\/span><\/p>\n<p>&nbsp;<\/p>\n<p><strong>Elektri\u010dni kotao TEKNIX ESPRO<\/strong>&nbsp;&#8211; elegantno re\u0161enje, sa ekranom osetljivim na dodir (touchpad) i wi-fi modulom:<\/p>\n<p>* mogu\u0107nost upravljanja putem mobilne aplikacije dostupne za IOS i Android,<\/p>\n<p>* tihi re\u017eim, pouzdana digitalna kontrola,<\/p>\n<p>* mini kotlarnica &#8211; opremljen pumpom (frekventno regulisana smart pumpa), posudom, senzorom protoka, sigurnosnim komponentama &#8211; sve navedene komponente su EU proizvodnje.<\/p>","protected":false},"excerpt":{"rendered":"<p>Novo u ponudi! &nbsp; Elektri\u010dni kotao TEKNIX ESPRO&nbsp;&#8211; elegantno re\u0161enje, sa ekranom osetljivim na dodir (touchpad) i wi-fi modulom: * mogu\u0107nost upravljanja putem mobilne aplikacije dostupne za IOS i Android, * tihi re\u017eim, pouzdana digitalna kontrola, * mini kotlarnica &#8211; opremljen pumpom (frekventno regulisana smart pumpa), posudom, senzorom protoka, sigurnosnim komponentama &#8211; sve navedene komponente [&hellip;]<\/p>\n","protected":false},"featured_media":16197,"template":"","meta":[],"product_brand":[4222],"product_cat":[4223],"product_tag":[],"class_list":{"0":"post-16196","1":"product","2":"type-product","3":"status-publish","4":"has-post-thumbnail","6":"product_brand-teknix-engineering","7":"product_cat-elektricni-kotlovi","9":"first","10":"instock","11":"purchasable","12":"product-type-simple"},"_links":{"self":[{"href":"https:\/\/hidroterm.dmcsrbija.com\/ru\/wp-json\/wp\/v2\/product\/16196","targetHints":{"allow":["GET"]}}],"collection":[{"href":"https:\/\/hidroterm.dmcsrbija.com\/ru\/wp-json\/wp\/v2\/product"}],"about":[{"href":"https:\/\/hidroterm.dmcsrbija.com\/ru\/wp-json\/wp\/v2\/types\/product"}],"wp:featuredmedia":[{"embeddable":true,"href":"https:\/\/hidroterm.dmcsrbija.com\/ru\/wp-json\/wp\/v2\/media\/16197"}],"wp:attachment":[{"href":"https:\/\/hidroterm.dmcsrbija.com\/ru\/wp-json\/wp\/v2\/media?parent=16196"}],"wp:term":[{"taxonomy":"product_brand","embeddable":true,"href":"https:\/\/hidroterm.dmcsrbija.com\/ru\/wp-json\/wp\/v2\/product_brand?post=16196"},{"taxonomy":"product_cat","embeddable":true,"href":"https:\/\/hidroterm.dmcsrbija.com\/ru\/wp-json\/wp\/v2\/product_cat?post=16196"},{"taxonomy":"product_tag","embeddable":true,"href":"https:\/\/hidroterm.dmcsrbija.com\/ru\/wp-json\/wp\/v2\/product_tag?post=16196"}],"curies":[{"name":"wp","href":"https:\/\/api.w.org\/{rel}","templated":true}]}}