{"id":16192,"date":"2025-07-15T10:59:27","date_gmt":"2025-07-15T08:59:27","guid":{"rendered":"https:\/\/foxit-technology.com\/proizvod\/gorionik-za-pelet-burnit\/"},"modified":"2025-07-15T10:59:28","modified_gmt":"2025-07-15T08:59:28","slug":"gorionik-za-pelet-burnit","status":"publish","type":"product","link":"https:\/\/hidroterm.dmcsrbija.com\/ru\/proizvod\/gorionik-za-pelet-burnit\/","title":{"rendered":"Gorionik za pelet Burnit"},"content":{"rendered":"<p>Gorionik za pelet Burnit &#8211; Pell potpuno automatizovani gorionik sa funkcijom samo\u010di\u0161\u0107enja dizajniran je za komforno sagorevanje drvenog peleta pre\u010dnika 6 \u2013 8 mm. izra\u0111en je od ner\u0111aju\u0107eg \u010delika otpornog na visoke temperature do 1150\u00b0\u0421, poseduje mikroprocesorsku jedinicu koja je zadu\u017eena za kompletnu automatizaciju procesa kako bi se ozbedio komforan, bezbedan i optimalan rad gorionika.<\/p>","protected":false},"excerpt":{"rendered":"<p>Gorionik za pelet Burnit &#8211; Pell potpuno automatizovani gorionik sa funkcijom samo\u010di\u0161\u0107enja dizajniran je za komforno sagorevanje drvenog peleta pre\u010dnika 6 \u2013 8 mm. izra\u0111en je od ner\u0111aju\u0107eg \u010delika otpornog na visoke temperature do 1150\u00b0\u0421, poseduje mikroprocesorsku jedinicu koja je zadu\u017eena za kompletnu automatizaciju procesa kako bi se ozbedio komforan, bezbedan i optimalan rad gorionika.<\/p>","protected":false},"featured_media":16193,"template":"","meta":[],"product_brand":[4201],"product_cat":[4218,4214],"product_tag":[],"class_list":{"0":"post-16192","1":"product","2":"type-product","3":"status-publish","4":"has-post-thumbnail","6":"product_brand-sunsystem","7":"product_cat-gorionici","8":"product_cat-gorionici-za-pelet","10":"first","11":"instock","12":"purchasable","13":"product-type-simple"},"_links":{"self":[{"href":"https:\/\/hidroterm.dmcsrbija.com\/ru\/wp-json\/wp\/v2\/product\/16192","targetHints":{"allow":["GET"]}}],"collection":[{"href":"https:\/\/hidroterm.dmcsrbija.com\/ru\/wp-json\/wp\/v2\/product"}],"about":[{"href":"https:\/\/hidroterm.dmcsrbija.com\/ru\/wp-json\/wp\/v2\/types\/product"}],"wp:featuredmedia":[{"embeddable":true,"href":"https:\/\/hidroterm.dmcsrbija.com\/ru\/wp-json\/wp\/v2\/media\/16193"}],"wp:attachment":[{"href":"https:\/\/hidroterm.dmcsrbija.com\/ru\/wp-json\/wp\/v2\/media?parent=16192"}],"wp:term":[{"taxonomy":"product_brand","embeddable":true,"href":"https:\/\/hidroterm.dmcsrbija.com\/ru\/wp-json\/wp\/v2\/product_brand?post=16192"},{"taxonomy":"product_cat","embeddable":true,"href":"https:\/\/hidroterm.dmcsrbija.com\/ru\/wp-json\/wp\/v2\/product_cat?post=16192"},{"taxonomy":"product_tag","embeddable":true,"href":"https:\/\/hidroterm.dmcsrbija.com\/ru\/wp-json\/wp\/v2\/product_tag?post=16192"}],"curies":[{"name":"wp","href":"https:\/\/api.w.org\/{rel}","templated":true}]}}